{"id":106,"date":"2023-02-15T09:03:24","date_gmt":"2023-02-15T08:03:24","guid":{"rendered":"http:\/\/localhost\/dom-et-vie-btob\/?page_id=106"},"modified":"2026-01-08T10:25:27","modified_gmt":"2026-01-08T09:25:27","slug":"temoignages","status":"publish","type":"page","link":"https:\/\/www.dometvie.fr\/franchise\/la-vie-du-reseau\/temoignages\/","title":{"rendered":"T\u00e9moignages"},"content":{"rendered":"\n<div class=\"wp-block-columns is-layout-flex wp-container-core-columns-is-layout-9d6595d7 wp-block-columns-is-layout-flex\">\n<div class=\"wp-block-column is-layout-flow wp-block-column-is-layout-flow\"><div id=\"temoignage-ecrit-block_9ceaad0fbf729b61ff36a699b5fcf2bf\" class=\"block_temoignage-ecrit\" \nstyle=\"background-color: #FFF3F9\">\n    <div class=\"row\">\n        <div class=\"col-sm-4\">\n            <div class=\"position\">\n                                    <img decoding=\"async\" src=\"https:\/\/www.dometvie.fr\/franchise\/wp-content\/uploads\/2023\/02\/NICOLAS-MINNITI-GAUCHE-1.jpg\" alt=\"\">\n                            <\/div>\n            <div class=\"infos\">\n                <p><strong>Nicolas MINNITI<\/strong><\/p>\n<p>Franchis\u00e9 \u00e0 Aubagne<\/p>\n            <\/div>\n        <\/div>\n        <div class=\"col-sm-8\">\n                            <div class=\"citation\">\n                    <p>\u00ab On rend service \u00e0 nos clients. \u00bb<\/p>\n                <\/div>\n                        <div class=\"contenu\">\n                <p>On rend service \u00e0 nos clients. Ce qui me fait plaisir, c\u2019est quand le client a le sourire et qu\u2019il est content lorsqu\u2019on a fini de lui installer sa douche ou son monte-escalier.<\/p>\n            <\/div>\n        <\/div>\n    <\/div>\n<\/div><\/div>\n\n\n\n<div class=\"wp-block-column is-layout-flow wp-block-column-is-layout-flow\"><div id=\"temoignage-ecrit-block_570d8ae63cd6c203d24b481526d4ce37\" class=\"block_temoignage-ecrit\" \nstyle=\"background-color: #E3F5F6\">\n    <div class=\"row\">\n        <div class=\"col-sm-4\">\n            <div class=\"position\">\n                                    <img decoding=\"async\" src=\"https:\/\/www.dometvie.fr\/franchise\/wp-content\/uploads\/2023\/02\/EMMANUEL-DE-KERHOR-face2-1.jpg\" alt=\"\">\n                            <\/div>\n            <div class=\"infos\">\n                <p><strong>Emmanuel de KERHOR <\/strong><\/p>\n<p>Franchis\u00e9 \u00e0 Tours<\/p>\n            <\/div>\n        <\/div>\n        <div class=\"col-sm-8\">\n                            <div class=\"citation\">\n                    <p>\u00ab C&rsquo;est un m\u00e9tier tr\u00e8s beau. \u00bb<\/p>\n                <\/div>\n                        <div class=\"contenu\">\n                <p>C&rsquo;est un m\u00e9tier tr\u00e8s beau, on a une capacit\u00e9 d&rsquo;\u00eatre en prise directe sur la qualit\u00e9 de vie des personnes fragiles. Ce qu&rsquo;on fait a un imapct instantan\u00e9 sur leurs vies, c&rsquo;est \u00e9norme.<\/p>\n            <\/div>\n        <\/div>\n    <\/div>\n<\/div><\/div>\n<\/div>\n\n\n\n<div class=\"wp-block-columns is-layout-flex wp-container-core-columns-is-layout-9d6595d7 wp-block-columns-is-layout-flex\">\n<div class=\"wp-block-column is-layout-flow wp-block-column-is-layout-flow\"><div id=\"temoignage-video-block_cccb5f0f4fc5c3583759f76251a3008b\" class=\"block_temoignage-video\">\n    <div class=\"card_temoignage\">\n        <div class=\"video\">\n            <a data-fancybox href=\"https:\/\/www.dometvie.fr\/franchise\/wp-content\/uploads\/2023\/02\/1_Temoignage_franchises_Paul_et_Julie-1.mp4\">\n                                    <img decoding=\"async\" src=\"https:\/\/www.dometvie.fr\/franchise\/wp-content\/uploads\/2023\/02\/royen-1.jpg\" alt=\"\" class=\"vignette\">\n                                <img decoding=\"async\" src=\"https:\/\/www.dometvie.fr\/franchise\/wp-content\/themes\/dom-et-vie\/assets\/src\/img\/play.svg\" class=\"play\">\n            <\/a>\n        <\/div>\n        <div class=\"infos\">\n            <p><strong>Paul et Julie<\/strong><\/p>\n<p>Franchis\u00e9s \u00e0 Royan<\/p>\n        <\/div>\n    <\/div>\n<\/div><\/div>\n\n\n\n<div class=\"wp-block-column is-layout-flow wp-block-column-is-layout-flow\"><div id=\"temoignage-video-block_30fc70e601ea666503920347615def54\" class=\"block_temoignage-video\">\n    <div class=\"card_temoignage\">\n        <div class=\"video\">\n            <a data-fancybox href=\"https:\/\/www.dometvie.fr\/franchise\/wp-content\/uploads\/2026\/01\/Que-vous-apport-DOMetVIE-au-quotidien.mp4\">\n                                    <img decoding=\"async\" src=\"https:\/\/www.dometvie.fr\/franchise\/wp-content\/uploads\/2026\/01\/encart-vis-ma-vie-dometvie-franchise-450x260.png\" alt=\"\" class=\"vignette\">\n                                <img decoding=\"async\" src=\"https:\/\/www.dometvie.fr\/franchise\/wp-content\/themes\/dom-et-vie\/assets\/src\/img\/play.svg\" class=\"play\">\n            <\/a>\n        <\/div>\n        <div class=\"infos\">\n            <p><strong>Vis ma vie de franchis\u00e9<\/strong><\/p>\n        <\/div>\n    <\/div>\n<\/div><\/div>\n\n\n\n<div class=\"wp-block-column is-layout-flow wp-block-column-is-layout-flow\"><div id=\"temoignage-video-block_f7ae1c045a4a6c2ce47aee172b05ea89\" class=\"block_temoignage-video\">\n    <div class=\"card_temoignage\">\n        <div class=\"video\">\n            <a data-fancybox href=\"https:\/\/www.dometvie.fr\/franchise\/wp-content\/uploads\/2023\/02\/3_Temoignage_franchise_Arnaud_Duwicquet-1.mp4\">\n                                    <img decoding=\"async\" src=\"https:\/\/www.dometvie.fr\/franchise\/wp-content\/uploads\/2023\/02\/arnaud-1.jpg\" alt=\"\" class=\"vignette\">\n                                <img decoding=\"async\" src=\"https:\/\/www.dometvie.fr\/franchise\/wp-content\/themes\/dom-et-vie\/assets\/src\/img\/play.svg\" class=\"play\">\n            <\/a>\n        <\/div>\n        <div class=\"infos\">\n            <p><strong>Arnaud<\/strong><\/p>\n<p>Franchis\u00e9 \u00e0 Arras<\/p>\n        <\/div>\n    <\/div>\n<\/div><\/div>\n<\/div>\n\n\n\n<div class=\"widget_aviz\" data-widget=\"0190c148-4d8f-73ba-8767-8d6a0ececbc3\"><\/div><script async src=\"https:\/\/cdn.aviz.co\/widget\/js\/widget.js\"><\/script>\n","protected":false},"excerpt":{"rendered":"","protected":false},"author":1,"featured_media":0,"parent":110,"menu_order":0,"comment_status":"closed","ping_status":"closed","template":"","meta":{"footnotes":""},"class_list":["post-106","page","type-page","status-publish","hentry"],"acf":[],"yoast_head":"<!-- This site is optimized with the Yoast SEO plugin v27.4 - https:\/\/yoast.com\/product\/yoast-seo-wordpress\/ -->\n<title>Les avis des franchis\u00e9s DOMetVIE en r\u00e9gion<\/title>\n<meta name=\"description\" content=\"Les franchis\u00e9s DOM et Vie donnent leur avis sur le r\u00e9seau et se que leur a apport\u00e9 l&#039;enseigne en termes d&#039;accompagnement.\" \/>\n<meta name=\"robots\" content=\"index, follow, max-snippet:-1, max-image-preview:large, max-video-preview:-1\" \/>\n<link rel=\"canonical\" href=\"https:\/\/www.dometvie.fr\/franchise\/la-vie-du-reseau\/temoignages\/\" \/>\n<meta property=\"og:locale\" content=\"fr_FR\" \/>\n<meta property=\"og:type\" content=\"article\" \/>\n<meta property=\"og:title\" content=\"Les avis des franchis\u00e9s DOMetVIE en r\u00e9gion\" \/>\n<meta property=\"og:description\" content=\"Les franchis\u00e9s DOM et Vie donnent leur avis sur le r\u00e9seau et se que leur a apport\u00e9 l&#039;enseigne en termes d&#039;accompagnement.\" \/>\n<meta property=\"og:url\" content=\"https:\/\/www.dometvie.fr\/franchise\/la-vie-du-reseau\/temoignages\/\" \/>\n<meta property=\"og:site_name\" content=\"DOMetVIE\" \/>\n<meta property=\"article:modified_time\" content=\"2026-01-08T09:25:27+00:00\" \/>\n<meta name=\"twitter:card\" content=\"summary_large_image\" \/>\n<script type=\"application\/ld+json\" class=\"yoast-schema-graph\">{\"@context\":\"https:\\\/\\\/schema.org\",\"@graph\":[{\"@type\":\"WebPage\",\"@id\":\"https:\\\/\\\/www.dometvie.fr\\\/franchise\\\/la-vie-du-reseau\\\/temoignages\\\/\",\"url\":\"https:\\\/\\\/www.dometvie.fr\\\/franchise\\\/la-vie-du-reseau\\\/temoignages\\\/\",\"name\":\"Les avis des franchis\u00e9s DOMetVIE en r\u00e9gion\",\"isPartOf\":{\"@id\":\"https:\\\/\\\/www.dometvie.fr\\\/franchise\\\/#website\"},\"datePublished\":\"2023-02-15T08:03:24+00:00\",\"dateModified\":\"2026-01-08T09:25:27+00:00\",\"description\":\"Les franchis\u00e9s DOM et Vie donnent leur avis sur le r\u00e9seau et se que leur a apport\u00e9 l'enseigne en termes d'accompagnement.\",\"breadcrumb\":{\"@id\":\"https:\\\/\\\/www.dometvie.fr\\\/franchise\\\/la-vie-du-reseau\\\/temoignages\\\/#breadcrumb\"},\"inLanguage\":\"fr-FR\",\"potentialAction\":[{\"@type\":\"ReadAction\",\"target\":[\"https:\\\/\\\/www.dometvie.fr\\\/franchise\\\/la-vie-du-reseau\\\/temoignages\\\/\"]}]},{\"@type\":\"BreadcrumbList\",\"@id\":\"https:\\\/\\\/www.dometvie.fr\\\/franchise\\\/la-vie-du-reseau\\\/temoignages\\\/#breadcrumb\",\"itemListElement\":[{\"@type\":\"ListItem\",\"position\":1,\"name\":\"Accueil\",\"item\":\"https:\\\/\\\/www.dometvie.fr\\\/franchise\\\/\"},{\"@type\":\"ListItem\",\"position\":2,\"name\":\"La vie du r\u00e9seau\",\"item\":\"https:\\\/\\\/www.dometvie.fr\\\/franchise\\\/la-vie-du-reseau\\\/\"},{\"@type\":\"ListItem\",\"position\":3,\"name\":\"T\u00e9moignages\"}]},{\"@type\":\"WebSite\",\"@id\":\"https:\\\/\\\/www.dometvie.fr\\\/franchise\\\/#website\",\"url\":\"https:\\\/\\\/www.dometvie.fr\\\/franchise\\\/\",\"name\":\"DOMetVIE\",\"description\":\"Donnez du sens \u00e0 votre m\u00e9tier !\",\"potentialAction\":[{\"@type\":\"SearchAction\",\"target\":{\"@type\":\"EntryPoint\",\"urlTemplate\":\"https:\\\/\\\/www.dometvie.fr\\\/franchise\\\/?s={search_term_string}\"},\"query-input\":{\"@type\":\"PropertyValueSpecification\",\"valueRequired\":true,\"valueName\":\"search_term_string\"}}],\"inLanguage\":\"fr-FR\"}]}<\/script>\n<!-- \/ Yoast SEO plugin. -->","yoast_head_json":{"title":"Les avis des franchis\u00e9s DOMetVIE en r\u00e9gion","description":"Les franchis\u00e9s DOM et Vie donnent leur avis sur le r\u00e9seau et se que leur a apport\u00e9 l'enseigne en termes d'accompagnement.","robots":{"index":"index","follow":"follow","max-snippet":"max-snippet:-1","max-image-preview":"max-image-preview:large","max-video-preview":"max-video-preview:-1"},"canonical":"https:\/\/www.dometvie.fr\/franchise\/la-vie-du-reseau\/temoignages\/","og_locale":"fr_FR","og_type":"article","og_title":"Les avis des franchis\u00e9s DOMetVIE en r\u00e9gion","og_description":"Les franchis\u00e9s DOM et Vie donnent leur avis sur le r\u00e9seau et se que leur a apport\u00e9 l'enseigne en termes d'accompagnement.","og_url":"https:\/\/www.dometvie.fr\/franchise\/la-vie-du-reseau\/temoignages\/","og_site_name":"DOMetVIE","article_modified_time":"2026-01-08T09:25:27+00:00","twitter_card":"summary_large_image","schema":{"@context":"https:\/\/schema.org","@graph":[{"@type":"WebPage","@id":"https:\/\/www.dometvie.fr\/franchise\/la-vie-du-reseau\/temoignages\/","url":"https:\/\/www.dometvie.fr\/franchise\/la-vie-du-reseau\/temoignages\/","name":"Les avis des franchis\u00e9s DOMetVIE en r\u00e9gion","isPartOf":{"@id":"https:\/\/www.dometvie.fr\/franchise\/#website"},"datePublished":"2023-02-15T08:03:24+00:00","dateModified":"2026-01-08T09:25:27+00:00","description":"Les franchis\u00e9s DOM et Vie donnent leur avis sur le r\u00e9seau et se que leur a apport\u00e9 l'enseigne en termes d'accompagnement.","breadcrumb":{"@id":"https:\/\/www.dometvie.fr\/franchise\/la-vie-du-reseau\/temoignages\/#breadcrumb"},"inLanguage":"fr-FR","potentialAction":[{"@type":"ReadAction","target":["https:\/\/www.dometvie.fr\/franchise\/la-vie-du-reseau\/temoignages\/"]}]},{"@type":"BreadcrumbList","@id":"https:\/\/www.dometvie.fr\/franchise\/la-vie-du-reseau\/temoignages\/#breadcrumb","itemListElement":[{"@type":"ListItem","position":1,"name":"Accueil","item":"https:\/\/www.dometvie.fr\/franchise\/"},{"@type":"ListItem","position":2,"name":"La vie du r\u00e9seau","item":"https:\/\/www.dometvie.fr\/franchise\/la-vie-du-reseau\/"},{"@type":"ListItem","position":3,"name":"T\u00e9moignages"}]},{"@type":"WebSite","@id":"https:\/\/www.dometvie.fr\/franchise\/#website","url":"https:\/\/www.dometvie.fr\/franchise\/","name":"DOMetVIE","description":"Donnez du sens \u00e0 votre m\u00e9tier !","potentialAction":[{"@type":"SearchAction","target":{"@type":"EntryPoint","urlTemplate":"https:\/\/www.dometvie.fr\/franchise\/?s={search_term_string}"},"query-input":{"@type":"PropertyValueSpecification","valueRequired":true,"valueName":"search_term_string"}}],"inLanguage":"fr-FR"}]}},"_links":{"self":[{"href":"https:\/\/www.dometvie.fr\/franchise\/wp-json\/wp\/v2\/pages\/106","targetHints":{"allow":["GET"]}}],"collection":[{"href":"https:\/\/www.dometvie.fr\/franchise\/wp-json\/wp\/v2\/pages"}],"about":[{"href":"https:\/\/www.dometvie.fr\/franchise\/wp-json\/wp\/v2\/types\/page"}],"author":[{"embeddable":true,"href":"https:\/\/www.dometvie.fr\/franchise\/wp-json\/wp\/v2\/users\/1"}],"replies":[{"embeddable":true,"href":"https:\/\/www.dometvie.fr\/franchise\/wp-json\/wp\/v2\/comments?post=106"}],"version-history":[{"count":4,"href":"https:\/\/www.dometvie.fr\/franchise\/wp-json\/wp\/v2\/pages\/106\/revisions"}],"predecessor-version":[{"id":2073,"href":"https:\/\/www.dometvie.fr\/franchise\/wp-json\/wp\/v2\/pages\/106\/revisions\/2073"}],"up":[{"embeddable":true,"href":"https:\/\/www.dometvie.fr\/franchise\/wp-json\/wp\/v2\/pages\/110"}],"wp:attachment":[{"href":"https:\/\/www.dometvie.fr\/franchise\/wp-json\/wp\/v2\/media?parent=106"}],"curies":[{"name":"wp","href":"https:\/\/api.w.org\/{rel}","templated":true}]}}