{"id":1178,"date":"2024-06-03T12:29:18","date_gmt":"2024-06-03T10:29:18","guid":{"rendered":"https:\/\/www.dometvie.fr\/franchise\/?page_id=1178"},"modified":"2024-06-15T12:57:24","modified_gmt":"2024-06-15T10:57:24","slug":"franchise-dometvie","status":"publish","type":"page","link":"https:\/\/www.dometvie.fr\/franchise\/franchise-dometvie\/","title":{"rendered":"Franchise DOMetVIE : la franchise sp\u00e9cialiste de l\u2019adaptation du domicile"},"content":{"rendered":"\n<p>Depuis plus de dix ans, DOMetVIE \u0153uvre pour simplifier les d\u00e9marches associ\u00e9es \u00e0 l\u2019adaptation du domicile des seniors et des personnes \u00e0 mobilit\u00e9 r\u00e9duite (PMR). Sp\u00e9cialiste des travaux d\u2019adaptation du logement, DOMetVIE est aujourd\u2019hui l\u2019un des acteurs majeurs de ce secteur en pleine croissance. Profitez de cette opportunit\u00e9 et d\u00e9veloppez votre franchise pour contribuer \u00e0 l\u2019am\u00e9lioration de la qualit\u00e9 de vie de vos clients, en rejoignant notre r\u00e9seau. D\u00e9couvrez tout ce qu\u2019il faut savoir au sujet de la franchise DOMetVIE.<\/p>\n\n\n\n<figure class=\"wp-block-embed is-type-video is-provider-youtube wp-block-embed-youtube wp-embed-aspect-16-9 wp-has-aspect-ratio\"><div class=\"wp-block-embed__wrapper\">\n<iframe loading=\"lazy\" title=\"La franchise DOMetVIE\" width=\"500\" height=\"281\" src=\"https:\/\/www.youtube.com\/embed\/8BQGTIJATg0?feature=oembed\" frameborder=\"0\" allow=\"accelerometer; autoplay; clipboard-write; encrypted-media; gyroscope; picture-in-picture; web-share\" referrerpolicy=\"strict-origin-when-cross-origin\" allowfullscreen><\/iframe>\n<\/div><\/figure>\n\n\n\n<h2 class=\"wp-block-heading\">DOMetVIE : concept et valeurs<\/h2>\n\n\n\n<p>DOMetVIE voit le jour en 2012, sous l\u2019impulsion de Nicolas Saumont et de son associ\u00e9 Mickael Cohen. Concern\u00e9s par des probl\u00e9matiques d\u2019adaptation du logement et par les d\u00e9fis de la perte d\u2019autonomie et du maintien \u00e0 domicile, ils souhaitent d\u00e9velopper une solution cl\u00e9-en-main, qui permette aux personnes \u00e2g\u00e9es ainsi qu\u2019aux personnes \u00e0 mobilit\u00e9 r\u00e9duite d\u2019adapter leur logement pour favoriser le bien vieillir.&nbsp;<\/p>\n\n\n\n<p>DOMetVIE s\u2019inscrit d\u00e8s lors comme un acteur essentiel du maintien \u00e0 domicile, proposant des solutions compl\u00e8tes qui comprennent la recherche de produits adapt\u00e9s, le choix d\u2019installateurs fiables, mais aussi la coordination des diff\u00e9rents intervenants, la cr\u00e9ation et le suivi des dossiers de subvention.&nbsp;<\/p>\n\n\n\n<p>Apr\u00e8s le lancement de la premi\u00e8re agence en r\u00e9gion parisienne, les associ\u00e9s d\u00e9veloppent leur concept <a href=\"https:\/\/www.dometvie.fr\/franchise\/definition-franchise\/\">en franchise<\/a> d\u00e8s 2015 pour r\u00e9pondre \u00e0 la demande croissante du secteur.\u00a0<\/p>\n\n\n\n<h3 class=\"wp-block-heading\">Nos valeurs<\/h3>\n\n\n\n<p>En tant que premi\u00e8re soci\u00e9t\u00e9 sp\u00e9cialis\u00e9e dans l\u2019am\u00e9nagement et la s\u00e9curisation des logements des seniors et des personnes \u00e0 mobilit\u00e9 r\u00e9duite, DOMetVIE repose sur des valeurs fortes. L\u2019objectif principal de l\u2019entreprise est d\u2019offrir un soutien personnalis\u00e9 et humain, qui permette aux personnes dans le besoin de rester chez elles en toute s\u00e9curit\u00e9 et avec confort.<\/p>\n\n\n\n<p>Pour nous, prendre soin de nos a\u00een\u00e9s et des personnes \u00e0 mobilit\u00e9 r\u00e9duite est essentiel, cela passe par l\u2019assurance d\u2019un logement adapt\u00e9, s\u00e9curis\u00e9, confortable et valorisant. Que ce soit pour faire face \u00e0 une difficult\u00e9 temporaire ou par volont\u00e9 d\u2019anticiper une perte d\u2019autonomie, adapter son logement permet de conserver son confort et son cadre de vie, un espace familier et s\u00e9curisant qui nous est cher \u00e0 tout \u00e2ge.<\/p>\n\n\n\n<p>Nos services reposent sur des valeurs de proximit\u00e9, de qualit\u00e9 et d\u2019\u00e9coute. Pour cela, nous pla\u00e7ons l\u2019humain au c\u0153ur du r\u00e9seau, nous assurons le choix de produits de qualit\u00e9 et d\u2019installateurs qualifi\u00e9s, sans oublier l\u2019importance du dialogue et du partage pour adapter chaque projet aux besoins de nos clients.<\/p>\n\n\n\n<h3 class=\"wp-block-heading\">Nos services<\/h3>\n\n\n\n<p>Pour assurer cette mission, nous proposons un accompagnement sur toute la dur\u00e9e de la r\u00e9alisation d\u2019un projet d\u2019adaptation du logement. DOMetVIE d\u00e9veloppe une offre globale, qui \u00e9tudie les besoins du demandeur pi\u00e8ce par pi\u00e8ce, de l\u2019adaptation de la douche \u00e0 l\u2019installation d\u2019un monte escalier.<\/p>\n\n\n\n<p>Cet accompagnement passe par la r\u00e9alisation d\u2019un diagnostic de l\u2019habitat, suivi de pr\u00e9conisations d\u2019am\u00e9nagements avec mod\u00e9lisation 3D, de conseils concernant l\u2019utilisation de financements publics ou priv\u00e9s. DOMetVIE propose \u00e9galement une aide \u00e0 l\u2019appropriation des \u00e9quipements, un suivi de la satisfaction client et un service apr\u00e8s-vente \u00e0 l\u2019\u00e9coute.<\/p>\n\n\n\n<p>Nos clients peuvent nous rencontrer dans nos <a href=\"https:\/\/www.dometvie.fr\/franchise\/magasin-en-franchise\/\">magasins<\/a> et showrooms de proximit\u00e9.<\/p>\n\n\n\n<p>Nous sommes aussi pr\u00e9sent au <a href=\"https:\/\/www.dometvie.fr\/franchise\/salon-de-la-franchise\/\">salon de la franchise<\/a> chaque ann\u00e9e !<\/p>\n\n\n\n<div class=\"wp-block-group has-black-color has-text-color has-background has-link-color wp-elements-b582e4f3d92b7841203ea30d97b345b2\" style=\"background-color:#fff3f9\"><div class=\"wp-block-group__inner-container is-layout-constrained wp-block-group-is-layout-constrained\">\n<div class=\"wp-block-group\"><div class=\"wp-block-group__inner-container is-layout-constrained wp-block-group-is-layout-constrained\">\n<div class=\"wp-block-group\"><div class=\"wp-block-group__inner-container is-layout-constrained wp-block-group-is-layout-constrained\">\n<h2 class=\"wp-block-heading has-text-align-center has-black-color has-text-color has-background has-link-color wp-elements-9e31dd4d53df992a6a9e56e2ad73bb3a\" style=\"background-color:#fff3f9\">Un march\u00e9 porteur<\/h2>\n\n\n<div class=\"wp-block-image imghaut\">\n<figure class=\"aligncenter size-full is-resized\"><img decoding=\"async\" src=\"https:\/\/www.dometvie.fr\/franchise\/wp-content\/uploads\/2024\/05\/temoigne.svg\" alt=\"\" class=\"wp-image-1155\" style=\"width:100px\"\/><\/figure>\n<\/div>\n\n\n<p class=\"has-text-align-center has-black-color has-text-color has-background has-link-color wp-elements-1767705b9716d765d901b3fe357f2632\" style=\"background-color:#fff3f9\">Alors qu\u2019un tiers de la population fran\u00e7aise devrait avoir plus de 60 ans en 2030, 3,2 millions de logements ne sont pas encore adapt\u00e9s \u00e0 la perte d\u2019autonomie. C\u2019est une situation pr\u00e9occupante pour de nombreuses personnes, 90 % des fran\u00e7ais d\u00e9clarant pr\u00e9f\u00e9rer vieillir \u00e0 domicile plut\u00f4t que dans un EHPAD. Au-del\u00e0 de ces chiffres, aujourd\u2019hui, 54 % des d\u00e9penses de consommation sont effectu\u00e9es par les seniors.<br><br>La Silver \u00c9conomie est \u00e9galement un secteur subventionn\u00e9 par l\u2019\u00c9tat, dans le cadre de la subvention Ma Prime Adapt\u2019, destin\u00e9e \u00e0 l\u2019am\u00e9lioration de l\u2019habitat aux besoins des seniors. DOMetVIE \u00e9volue donc dans <a href=\"https:\/\/www.dometvie.fr\/franchise\/franchises-les-plus-rentables\/\">un march\u00e9 porteur<\/a>, qui repr\u00e9sente aujourd\u2019hui plus de 130 milliards d\u2019euros et qui s\u2019accompagne d\u2019une croissance \u00e0 deux chiffres.<\/p>\n<\/div><\/div>\n<\/div><\/div>\n<\/div><\/div>\n\n\n\n<h2 class=\"wp-block-heading\">La franchise DOMetVIE et ses nombreux avantages<\/h2>\n\n\n\n<p>Les nombreux franchis\u00e9s DOMetVIE t\u00e9moignent du choix d\u2019une activit\u00e9 qui donne du sens \u00e0 leur quotidien. La franchise DOMetVIE permet de travailler au contact des personnes en situation de handicap ou \u00e0 mobilit\u00e9 r\u00e9duite. Un service riche et utile, associ\u00e9 aux avantages de l&rsquo;entrepreneuriat dans un cadre qui favorise l\u2019\u00e9panouissement et le d\u00e9veloppement professionnel.<\/p>\n\n\n\n<p>Aujourd\u2019hui, la franchise DOMetVIE est implant\u00e9e sur l\u2019ensemble du territoire fran\u00e7ais et compte plus de 50 agences. Des entrepreneurs passionn\u00e9s, qui t\u00e9moignent des nombreux atouts de la franchise DOMetVIE :<\/p>\n\n\n\n<ul class=\"wp-block-list\">\n<li><strong>Une marque reconnue :<\/strong> DOMetVIE est une marque de confiance, reconnue pour la qualit\u00e9 de ses services et pour son engagement envers le bien-\u00eatre de ses b\u00e9n\u00e9ficiaires au niveau national, par ses prescripteurs et partenaires.<\/li>\n\n\n\n<li><strong>Un concept unique :<\/strong> Premier r\u00e9seau fran\u00e7ais sur le secteur de l\u2019adaptation du logement des personnes \u00e0 mobilit\u00e9 r\u00e9duite et des seniors, DOMetVIE repose sur un concept unique et r\u00e9compens\u00e9.<\/li>\n\n\n\n<li><strong>Des produits de qualit\u00e9 :<\/strong> Tous nos produits sont s\u00e9lectionn\u00e9s pour leur qualit\u00e9 et pour leur design, et sont propos\u00e9s \u00e0 des prix n\u00e9goci\u00e9s gr\u00e2ce \u00e0 une centrale d\u2019achat fran\u00e7aise et europ\u00e9enne.<\/li>\n\n\n\n<li><strong>Une formation et un accompagnement constant :<\/strong> Les franchis\u00e9s DOMetVIE b\u00e9n\u00e9ficient d&rsquo;une formation compl\u00e8te, et d\u2019un accompagnement permanent. Chaque franchis\u00e9 dispose d\u2019un accompagnement adapt\u00e9 aux besoins de son entreprise propos\u00e9 par des animateurs terrain d\u00e9di\u00e9s. La franchise DOMetVIE, c\u2019est aussi une formation continue, des \u00e9v\u00e9nements r\u00e9guliers, un soutien marketing et CRC, la mise \u00e0 disposition d\u2019outils et de supports communication performants et la pr\u00e9sence d\u2019un service technique qualifi\u00e9.<\/li>\n\n\n\n<li><strong>Un secteur aux fortes opportunit\u00e9s de croissance :<\/strong> B\u00e9n\u00e9ficiez des opportunit\u00e9s de croissance d\u2019un secteur en pleine expansion, en raison du vieillissement de la population fran\u00e7aise et des besoins d\u2019adaptation des logements.<\/li>\n<\/ul>\n\n\n\n<blockquote class=\"twitter-tweet\"><p lang=\"fr\" dir=\"ltr\">WELCOME HOME, Jeremy et Guillaume! <br>\ud83e\udd1d Fiers de les accueillir dans notre famille de franchis\u00e9s. <br><br>Pr\u00eats pour de nouveaux d\u00e9fis ensemble. <br>C&#39;est parti pour une nouvelle aventure ! <a href=\"https:\/\/twitter.com\/hashtag\/newchallenge?src=hash&amp;ref_src=twsrc%5Etfw\">#newchallenge<\/a> <a href=\"https:\/\/twitter.com\/hashtag\/france?src=hash&amp;ref_src=twsrc%5Etfw\">#france<\/a> <a href=\"https:\/\/twitter.com\/hashtag\/Franchise?src=hash&amp;ref_src=twsrc%5Etfw\">#Franchise<\/a> <a href=\"https:\/\/twitter.com\/hashtag\/AngersSud?src=hash&amp;ref_src=twsrc%5Etfw\">#AngersSud<\/a> <a href=\"https:\/\/twitter.com\/hashtag\/Chambery?src=hash&amp;ref_src=twsrc%5Etfw\">#Chambery<\/a> <a href=\"https:\/\/twitter.com\/hashtag\/domicile?src=hash&amp;ref_src=twsrc%5Etfw\">#domicile<\/a> <a href=\"https:\/\/twitter.com\/hashtag\/seniors?src=hash&amp;ref_src=twsrc%5Etfw\">#seniors<\/a>&quot; <a href=\"https:\/\/t.co\/WlC4VEqF8e\">pic.twitter.com\/WlC4VEqF8e<\/a><\/p>&mdash; DOMetVIE (@Dometvie) <a href=\"https:\/\/twitter.com\/Dometvie\/status\/1678313563029479425?ref_src=twsrc%5Etfw\">July 10, 2023<\/a><\/blockquote> <script async src=\"https:\/\/platform.twitter.com\/widgets.js\" charset=\"utf-8\"><\/script>\n\n\n\n<h2 class=\"wp-block-heading\">Comment devenir franchis\u00e9 DOMetVIE ?<\/h2>\n\n\n\n<p>Vous \u00eates sensible aux questions d\u2019autonomie et d\u2019adaptation du logement aux besoins des seniors et des PMR ? <a href=\"https:\/\/www.dometvie.fr\/franchise\/ouvrir-une-franchise\/\">Devenir franchis\u00e9<\/a> DOMetVIE vous int\u00e9resse ? N\u2019h\u00e9sitez pas \u00e0 prendre contact avec nos \u00e9quipes pour discuter de votre projet et b\u00e9n\u00e9ficier d\u2019un accompagnement personnalis\u00e9 pour d\u00e9velopper votre franchise. Vous b\u00e9n\u00e9ficierez d\u2019une formation initiale con\u00e7ue pour vous pr\u00e9parer \u00e0 la gestion efficace de votre agence.<\/p>\n\n\n\n<p>Gr\u00e2ce \u00e0 la r\u00e9putation de DOMetVIE, \u00e0 notre accompagnement constant, \u00e0 un secteur en pleine croissance et pour un investissement global estim\u00e9 entre 80 000 et 150 000 \u20ac, profitez d\u2019une opportunit\u00e9 de d\u00e9veloppement et d\u2019une aventure humaine hors du commun. Rejoignez-nous et aidez-nous \u00e0 devenir le leader fran\u00e7ais de l\u2019am\u00e9nagement des logements des seniors et des personnes \u00e0 mobilit\u00e9 r\u00e9duite !<\/p>\n\n\n\n<div class=\"wp-block-buttons is-content-justification-center is-layout-flex wp-container-core-buttons-is-layout-16018d1d wp-block-buttons-is-layout-flex\">\n<div class=\"wp-block-button\"><a class=\"wp-block-button__link wp-element-button\" href=\"https:\/\/www.dometvie.fr\/franchise\/contact\/\">Rejoignez le r\u00e9seau des franchis\u00e9s DOMetVIE<\/a><\/div>\n<\/div>\n","protected":false},"excerpt":{"rendered":"<p>Depuis plus de dix ans, DOMetVIE \u0153uvre pour simplifier les d\u00e9marches associ\u00e9es \u00e0 l\u2019adaptation du domicile des seniors et des personnes \u00e0 mobilit\u00e9 r\u00e9duite (PMR). Sp\u00e9cialiste des travaux d\u2019adaptation du [&hellip;]<\/p>\n","protected":false},"author":1,"featured_media":0,"parent":0,"menu_order":0,"comment_status":"closed","ping_status":"closed","template":"","meta":{"footnotes":""},"class_list":["post-1178","page","type-page","status-publish","hentry"],"acf":[],"yoast_head":"<!-- This site is optimized with the Yoast SEO plugin v27.4 - https:\/\/yoast.com\/product\/yoast-seo-wordpress\/ -->\n<title>Franchise DOMetVIE : la franchise sp\u00e9cialiste de l\u2019adaptation du domicile - DOMetVIE<\/title>\n<meta name=\"robots\" content=\"index, follow, max-snippet:-1, max-image-preview:large, max-video-preview:-1\" \/>\n<link rel=\"canonical\" href=\"https:\/\/www.dometvie.fr\/franchise\/franchise-dometvie\/\" \/>\n<meta property=\"og:locale\" content=\"fr_FR\" \/>\n<meta property=\"og:type\" content=\"article\" \/>\n<meta property=\"og:title\" content=\"Franchise DOMetVIE : la franchise sp\u00e9cialiste de l\u2019adaptation du domicile - DOMetVIE\" \/>\n<meta property=\"og:description\" content=\"Depuis plus de dix ans, DOMetVIE \u0153uvre pour simplifier les d\u00e9marches associ\u00e9es \u00e0 l\u2019adaptation du domicile des seniors et des personnes \u00e0 mobilit\u00e9 r\u00e9duite (PMR). Sp\u00e9cialiste des travaux d\u2019adaptation du [&hellip;]\" \/>\n<meta property=\"og:url\" content=\"https:\/\/www.dometvie.fr\/franchise\/franchise-dometvie\/\" \/>\n<meta property=\"og:site_name\" content=\"DOMetVIE\" \/>\n<meta property=\"article:modified_time\" content=\"2024-06-15T10:57:24+00:00\" \/>\n<meta property=\"og:image\" content=\"https:\/\/www.dometvie.fr\/franchise\/wp-content\/uploads\/2024\/05\/temoigne.svg\" \/>\n<meta name=\"twitter:card\" content=\"summary_large_image\" \/>\n<meta name=\"twitter:label1\" content=\"Dur\u00e9e de lecture estim\u00e9e\" \/>\n\t<meta name=\"twitter:data1\" content=\"6 minutes\" \/>\n<script type=\"application\/ld+json\" class=\"yoast-schema-graph\">{\"@context\":\"https:\\\/\\\/schema.org\",\"@graph\":[{\"@type\":\"WebPage\",\"@id\":\"https:\\\/\\\/www.dometvie.fr\\\/franchise\\\/franchise-dometvie\\\/\",\"url\":\"https:\\\/\\\/www.dometvie.fr\\\/franchise\\\/franchise-dometvie\\\/\",\"name\":\"Franchise DOMetVIE : la franchise sp\u00e9cialiste de l\u2019adaptation du domicile - DOMetVIE\",\"isPartOf\":{\"@id\":\"https:\\\/\\\/www.dometvie.fr\\\/franchise\\\/#website\"},\"primaryImageOfPage\":{\"@id\":\"https:\\\/\\\/www.dometvie.fr\\\/franchise\\\/franchise-dometvie\\\/#primaryimage\"},\"image\":{\"@id\":\"https:\\\/\\\/www.dometvie.fr\\\/franchise\\\/franchise-dometvie\\\/#primaryimage\"},\"thumbnailUrl\":\"https:\\\/\\\/www.dometvie.fr\\\/franchise\\\/wp-content\\\/uploads\\\/2024\\\/05\\\/temoigne.svg\",\"datePublished\":\"2024-06-03T10:29:18+00:00\",\"dateModified\":\"2024-06-15T10:57:24+00:00\",\"breadcrumb\":{\"@id\":\"https:\\\/\\\/www.dometvie.fr\\\/franchise\\\/franchise-dometvie\\\/#breadcrumb\"},\"inLanguage\":\"fr-FR\",\"potentialAction\":[{\"@type\":\"ReadAction\",\"target\":[\"https:\\\/\\\/www.dometvie.fr\\\/franchise\\\/franchise-dometvie\\\/\"]}]},{\"@type\":\"ImageObject\",\"inLanguage\":\"fr-FR\",\"@id\":\"https:\\\/\\\/www.dometvie.fr\\\/franchise\\\/franchise-dometvie\\\/#primaryimage\",\"url\":\"https:\\\/\\\/www.dometvie.fr\\\/franchise\\\/wp-content\\\/uploads\\\/2024\\\/05\\\/temoigne.svg\",\"contentUrl\":\"https:\\\/\\\/www.dometvie.fr\\\/franchise\\\/wp-content\\\/uploads\\\/2024\\\/05\\\/temoigne.svg\"},{\"@type\":\"BreadcrumbList\",\"@id\":\"https:\\\/\\\/www.dometvie.fr\\\/franchise\\\/franchise-dometvie\\\/#breadcrumb\",\"itemListElement\":[{\"@type\":\"ListItem\",\"position\":1,\"name\":\"Accueil\",\"item\":\"https:\\\/\\\/www.dometvie.fr\\\/franchise\\\/\"},{\"@type\":\"ListItem\",\"position\":2,\"name\":\"Franchise DOMetVIE : la franchise sp\u00e9cialiste de l\u2019adaptation du domicile\"}]},{\"@type\":\"WebSite\",\"@id\":\"https:\\\/\\\/www.dometvie.fr\\\/franchise\\\/#website\",\"url\":\"https:\\\/\\\/www.dometvie.fr\\\/franchise\\\/\",\"name\":\"DOMetVIE\",\"description\":\"Donnez du sens \u00e0 votre m\u00e9tier !\",\"potentialAction\":[{\"@type\":\"SearchAction\",\"target\":{\"@type\":\"EntryPoint\",\"urlTemplate\":\"https:\\\/\\\/www.dometvie.fr\\\/franchise\\\/?s={search_term_string}\"},\"query-input\":{\"@type\":\"PropertyValueSpecification\",\"valueRequired\":true,\"valueName\":\"search_term_string\"}}],\"inLanguage\":\"fr-FR\"}]}<\/script>\n<!-- \/ Yoast SEO plugin. -->","yoast_head_json":{"title":"Franchise DOMetVIE : la franchise sp\u00e9cialiste de l\u2019adaptation du domicile - DOMetVIE","robots":{"index":"index","follow":"follow","max-snippet":"max-snippet:-1","max-image-preview":"max-image-preview:large","max-video-preview":"max-video-preview:-1"},"canonical":"https:\/\/www.dometvie.fr\/franchise\/franchise-dometvie\/","og_locale":"fr_FR","og_type":"article","og_title":"Franchise DOMetVIE : la franchise sp\u00e9cialiste de l\u2019adaptation du domicile - DOMetVIE","og_description":"Depuis plus de dix ans, DOMetVIE \u0153uvre pour simplifier les d\u00e9marches associ\u00e9es \u00e0 l\u2019adaptation du domicile des seniors et des personnes \u00e0 mobilit\u00e9 r\u00e9duite (PMR). Sp\u00e9cialiste des travaux d\u2019adaptation du [&hellip;]","og_url":"https:\/\/www.dometvie.fr\/franchise\/franchise-dometvie\/","og_site_name":"DOMetVIE","article_modified_time":"2024-06-15T10:57:24+00:00","og_image":[{"url":"https:\/\/www.dometvie.fr\/franchise\/wp-content\/uploads\/2024\/05\/temoigne.svg","type":"","width":"","height":""}],"twitter_card":"summary_large_image","twitter_misc":{"Dur\u00e9e de lecture estim\u00e9e":"6 minutes"},"schema":{"@context":"https:\/\/schema.org","@graph":[{"@type":"WebPage","@id":"https:\/\/www.dometvie.fr\/franchise\/franchise-dometvie\/","url":"https:\/\/www.dometvie.fr\/franchise\/franchise-dometvie\/","name":"Franchise DOMetVIE : la franchise sp\u00e9cialiste de l\u2019adaptation du domicile - DOMetVIE","isPartOf":{"@id":"https:\/\/www.dometvie.fr\/franchise\/#website"},"primaryImageOfPage":{"@id":"https:\/\/www.dometvie.fr\/franchise\/franchise-dometvie\/#primaryimage"},"image":{"@id":"https:\/\/www.dometvie.fr\/franchise\/franchise-dometvie\/#primaryimage"},"thumbnailUrl":"https:\/\/www.dometvie.fr\/franchise\/wp-content\/uploads\/2024\/05\/temoigne.svg","datePublished":"2024-06-03T10:29:18+00:00","dateModified":"2024-06-15T10:57:24+00:00","breadcrumb":{"@id":"https:\/\/www.dometvie.fr\/franchise\/franchise-dometvie\/#breadcrumb"},"inLanguage":"fr-FR","potentialAction":[{"@type":"ReadAction","target":["https:\/\/www.dometvie.fr\/franchise\/franchise-dometvie\/"]}]},{"@type":"ImageObject","inLanguage":"fr-FR","@id":"https:\/\/www.dometvie.fr\/franchise\/franchise-dometvie\/#primaryimage","url":"https:\/\/www.dometvie.fr\/franchise\/wp-content\/uploads\/2024\/05\/temoigne.svg","contentUrl":"https:\/\/www.dometvie.fr\/franchise\/wp-content\/uploads\/2024\/05\/temoigne.svg"},{"@type":"BreadcrumbList","@id":"https:\/\/www.dometvie.fr\/franchise\/franchise-dometvie\/#breadcrumb","itemListElement":[{"@type":"ListItem","position":1,"name":"Accueil","item":"https:\/\/www.dometvie.fr\/franchise\/"},{"@type":"ListItem","position":2,"name":"Franchise DOMetVIE : la franchise sp\u00e9cialiste de l\u2019adaptation du domicile"}]},{"@type":"WebSite","@id":"https:\/\/www.dometvie.fr\/franchise\/#website","url":"https:\/\/www.dometvie.fr\/franchise\/","name":"DOMetVIE","description":"Donnez du sens \u00e0 votre m\u00e9tier !","potentialAction":[{"@type":"SearchAction","target":{"@type":"EntryPoint","urlTemplate":"https:\/\/www.dometvie.fr\/franchise\/?s={search_term_string}"},"query-input":{"@type":"PropertyValueSpecification","valueRequired":true,"valueName":"search_term_string"}}],"inLanguage":"fr-FR"}]}},"_links":{"self":[{"href":"https:\/\/www.dometvie.fr\/franchise\/wp-json\/wp\/v2\/pages\/1178","targetHints":{"allow":["GET"]}}],"collection":[{"href":"https:\/\/www.dometvie.fr\/franchise\/wp-json\/wp\/v2\/pages"}],"about":[{"href":"https:\/\/www.dometvie.fr\/franchise\/wp-json\/wp\/v2\/types\/page"}],"author":[{"embeddable":true,"href":"https:\/\/www.dometvie.fr\/franchise\/wp-json\/wp\/v2\/users\/1"}],"replies":[{"embeddable":true,"href":"https:\/\/www.dometvie.fr\/franchise\/wp-json\/wp\/v2\/comments?post=1178"}],"version-history":[{"count":24,"href":"https:\/\/www.dometvie.fr\/franchise\/wp-json\/wp\/v2\/pages\/1178\/revisions"}],"predecessor-version":[{"id":1413,"href":"https:\/\/www.dometvie.fr\/franchise\/wp-json\/wp\/v2\/pages\/1178\/revisions\/1413"}],"wp:attachment":[{"href":"https:\/\/www.dometvie.fr\/franchise\/wp-json\/wp\/v2\/media?parent=1178"}],"curies":[{"name":"wp","href":"https:\/\/api.w.org\/{rel}","templated":true}]}}