{"id":1191,"date":"2024-06-03T15:21:49","date_gmt":"2024-06-03T13:21:49","guid":{"rendered":"https:\/\/www.dometvie.fr\/franchise\/?page_id=1191"},"modified":"2024-09-26T14:51:25","modified_gmt":"2024-09-26T12:51:25","slug":"magasin-en-franchise","status":"publish","type":"page","link":"https:\/\/www.dometvie.fr\/franchise\/magasin-en-franchise\/","title":{"rendered":"Magasin en franchise : qu\u2019est-ce que c\u2019est et comment ouvrir un magasin franchis\u00e9"},"content":{"rendered":"\n<p>Les magasins en franchise tiennent aujourd\u2019hui une place importante dans le paysage commercial fran\u00e7ais. Ce mod\u00e8le particulier, qui consiste \u00e0 acheter et \u00e0 <a href=\"https:\/\/www.dometvie.fr\/franchise\/franchise-dometvie\/\">exploiter une franchise d&rsquo;une marque<\/a> d\u00e9j\u00e0 \u00e9tablie, pr\u00e9sente de nombreux avantages \u00e0 la fois pour les franchis\u00e9s et pour les franchiseurs. D\u00e9couvrons plus en d\u00e9tail en quoi consiste un magasin en franchise, quels sont ses avantages ainsi que les facteurs \u00e0 prendre en compte pour r\u00e9ussir dans ce domaine.<\/p>\n\n\n\n<div class=\"wp-block-group has-background\" style=\"background-color:#fff3f9\"><div class=\"wp-block-group__inner-container is-layout-constrained wp-block-group-is-layout-constrained\">\n<h2 class=\"wp-block-heading has-text-align-center has-black-color has-text-color has-background has-link-color wp-elements-5eb6e14a6d8338883e89964a9ac890c7\" style=\"background-color:#fff3f9\"><strong>Un magasin en franchise, qu\u2019est-ce que c\u2019est ?<\/strong><\/h2>\n\n\n<div class=\"wp-block-image imghaut\">\n<figure class=\"aligncenter size-full is-resized\"><img decoding=\"async\" src=\"https:\/\/www.dometvie.fr\/franchise\/wp-content\/uploads\/2024\/05\/temoigne.svg\" alt=\"\" class=\"wp-image-1155\" style=\"width:100px\"\/><\/figure>\n<\/div>\n\n\n<p class=\"has-text-align-center has-black-color has-text-color has-background has-link-color wp-elements-5ae9f246b8c79fb6092c0a21269e9c83\" style=\"background-color:#fff3f9\">Un magasin en franchise est une entreprise exploit\u00e9e par un franchis\u00e9 qui a obtenu le droit d&rsquo;utiliser la marque, les produits et les services d&rsquo;une entreprise m\u00e8re, appel\u00e9e franchiseur. Pour profiter de cette opportunit\u00e9, le franchis\u00e9 doit r\u00e9gler des frais initiaux et des redevances p\u00e9riodiques dont le montant d\u00e9pend de la franchise. En contrepartie, le franchiseur met \u00e0 sa disposition un soutien continu, notamment propos\u00e9 \u00e0 travers des formations, des conseils, des outils et des ressources qui ont pour but de favoriser la r\u00e9ussite du franchis\u00e9.<br><\/p>\n<\/div><\/div>\n\n\n\n<h2 class=\"wp-block-heading\">Ouvrir un magasin franchis\u00e9 : principaux avantages<\/h2>\n\n\n\n<p>Ouvrir un magasin franchis\u00e9 pr\u00e9sente de nombreux avantages, parmi les suivants :&nbsp;<\/p>\n\n\n\n<ul class=\"wp-block-list\">\n<li><strong>Une marque reconnue :<\/strong> L&rsquo;un des principaux avantages de l&rsquo;ouverture d&rsquo;un magasin en franchise est le fait de profiter de l&rsquo;image d\u2019une marque d\u00e9j\u00e0 reconnue. Cela facilite la t\u00e2che du franchis\u00e9 pour attirer des clients d\u00e8s l&rsquo;ouverture, car la r\u00e9putation de la marque est d\u00e9j\u00e0 bien \u00e9tablie.<\/li>\n\n\n\n<li><strong>Soutien du franchiseur :<\/strong> Les franchiseurs proposent un accompagnement personnalis\u00e9, pour aider les franchis\u00e9s \u00e0 naviguer \u00e0 travers les d\u00e9fis de la gestion d\u2019un magasin en franchise.<\/li>\n\n\n\n<li><strong>Marketing et publicit\u00e9 pris en charge :<\/strong> Bien souvent, les franchiseurs s\u2019occupent de la gestion des campagnes de marketing et de la publicit\u00e9 de l&rsquo;ensemble de la marque, ce qui permet de r\u00e9duire la charge de travail du franchis\u00e9 qui peut se concentrer sur la gestion de son magasin.<\/li>\n\n\n\n<li><strong>Approvisionnement simplifi\u00e9 :<\/strong> Les franchiseurs \u00e9tablissent des accords avec des fournisseurs et disposent souvent de centrales d\u2019achat qui leurs permettent de garantir des prix comp\u00e9titifs pour des produits de qualit\u00e9 uniforme.<\/li>\n<\/ul>\n\n\n\n<h2 class=\"wp-block-heading\">Les d\u00e9fis \u00e0 prendre en consid\u00e9ration<\/h2>\n\n\n\n<p>Bien que l\u2019ouverture d\u2019un magasin en franchise dispose de nombreux avantages, le franchis\u00e9 a \u00e9galement des devoirs \u00e0 respecter, ainsi que des d\u00e9fis \u00e0 relever pour assurer la r\u00e9ussite de son entreprise.<\/p>\n\n\n\n<ul class=\"wp-block-list\">\n<li>Il doit tout d\u2019abord s&rsquo;acquitter de <strong>co\u00fbts initiaux et d\u2019une redevance<\/strong>, ce qui peut r\u00e9duire sa marge b\u00e9n\u00e9ficiaire.<\/li>\n\n\n\n<li>Les franchis\u00e9s doivent <strong>respecter les directives<\/strong> et les proc\u00e9dures \u00e9tablies par le franchiseur, ce qui peut limiter leur autonomie en mati\u00e8re de prise de d\u00e9cision et d&rsquo;innovation.<\/li>\n\n\n\n<li>De plus, <strong>la r\u00e9ussite du franchis\u00e9 d\u00e9pend en grande partie de la sant\u00e9 de la marque m\u00e8re.<\/strong> Si le franchiseur traverse des difficult\u00e9s, cela peut avoir un impact n\u00e9gatif sur la situation de ses franchis\u00e9s.<\/li>\n\n\n\n<li>Enfin, les contrats de franchise sont g\u00e9n\u00e9ralement fix\u00e9s sur le long terme et comportent des <strong>clauses strictes<\/strong>. Les franchis\u00e9s doivent s&rsquo;engager \u00e0 respecter ces contrats pendant toute la dur\u00e9e de leur exploitation.<\/li>\n<\/ul>\n\n\n\n<h2 class=\"wp-block-heading\">Magasins en franchise : les secteurs recherch\u00e9s<\/h2>\n\n\n\n<p>Si vous h\u00e9sitez encore concernant le choix de votre franchise, il peut \u00eatre int\u00e9ressant d\u2019\u00e9valuer les secteurs les plus recherch\u00e9s. Actuellement, le secteur alimentaire est un march\u00e9 en pleine croissance, notamment \u00e0 travers les cha\u00eenes de restauration rapide ainsi qu\u2019en ce qui concerne les franchises de caf\u00e9s et de salons de th\u00e9. Le secteur de la sant\u00e9 et du bien-\u00eatre est \u00e9galement tr\u00e8s recherch\u00e9, les franchises de centres de fitness sont notamment particuli\u00e8rement demand\u00e9es en raison de la hausse d\u2019int\u00e9r\u00eat pour la sant\u00e9 et le bien-\u00eatre.<\/p>\n\n\n\n<p>Outre ces secteurs, le bio dispose d\u2019un avenir prometteur, ainsi que la vente de plantes et de fleurs, le pr\u00eat \u00e0 porter et la maroquinerie, la vente de meubles et le secteur de la fourniture de bureau.<\/p>\n\n\n\n<h2 class=\"wp-block-heading\">Comment ouvrir un magasin en franchise ?<\/h2>\n\n\n\n<p>Pour ouvrir un magasin en franchise, il existe certaines \u00e9tapes cl\u00e9s \u00e0 respecter. Les voici en d\u00e9tail :<\/p>\n\n\n\n<ol class=\"wp-block-list\">\n<li><strong>Choisir la bonne franchise :<\/strong> Ce choix d\u00e9pend notamment de votre projet et de vos attentes. Il est \u00e9galement important de choisir des franchises r\u00e9put\u00e9es, qui \u00e9voluent au sein d\u2019un secteur prometteur et qui proposent un soutien solide.<\/li>\n\n\n\n<li><strong>Rencontrer les franchiseurs :<\/strong> Prenez contact avec les franchiseurs qui vous int\u00e9ressent pour en savoir plus concernant les opportunit\u00e9s de franchise disponibles. Profitez de ces entretiens pour poser l\u2019ensemble de vos questions concernant le fonctionnement de la franchise.<\/li>\n\n\n\n<li><strong>Analyser les aspects financiers :<\/strong> Calculez les co\u00fbts initiaux, examinez les projections de revenus et de b\u00e9n\u00e9fices de la franchise pour \u00e9valuer sa rentabilit\u00e9.<\/li>\n\n\n\n<li><strong>Planifiez votre financement :<\/strong> Faites le choix du mode de financement qui vous convient.<\/li>\n\n\n\n<li><strong>Examinez le contrat de franchise :<\/strong> Prenez le temps de lire et de comprendre le contrat de franchise. Portez une attention particuli\u00e8re aux termes et conditions, aux obligations et aux droits des deux parties.<\/li>\n\n\n\n<li><strong>Suivez les formations :<\/strong> Participez aux formations propos\u00e9es par le franchiseur pour vous pr\u00e9parer \u00e0 l\u2019ouverture du magasin en franchise.<\/li>\n\n\n\n<li><strong>Pr\u00e9parez le lancement de l\u2019entreprise :<\/strong> Obtenez les autorisations n\u00e9cessaires et pr\u00e9parez le magasin conform\u00e9ment aux directives de la franchise.<\/li>\n\n\n\n<li><strong>Organisez une ouverture r\u00e9ussie :<\/strong> Planifiez une ouverture r\u00e9ussie pour attirer l&rsquo;attention des clients et g\u00e9n\u00e9rer un engouement pour votre magasin. Vous devrez suivre les conseils et les directives du franchiseur pour maximiser vos chances de succ\u00e8s.<\/li>\n<\/ol>\n\n\n\n<h2 class=\"wp-block-heading\">Zoom sur l\u2019ouverture d\u2019un showroom DOMetVIE<\/h2>\n\n\n\n<p>Parmi les franchises qui pourraient \u00e9veiller votre int\u00e9r\u00eat, la franchise DOMetVIE se d\u00e9marque. Son concept ? Aider les seniors et les personnes en situation de handicap \u00e0 adapter leur habitat, de mani\u00e8re \u00e0 favoriser le maintien \u00e0 domicile. DOMetVIE propose \u00e0 ses clients un accompagnement complet, allant du diagnostic du logement \u00e0 la prise en main des installations. Forte de son exp\u00e9rience dans le domaine, l\u2019entreprise DOMetVIE s\u2019est d\u00e9velopp\u00e9e en franchise et compte aujourd\u2019hui plus de 50 franchis\u00e9s dans toute la France.<\/p>\n\n\n\n<p class=\"has-white-color has-text-color has-background has-link-color wp-elements-9d2a230fd9ea6d654222297c1df4d1ed\" style=\"background-color:#088b99\">Bien que l\u2019ouverture d\u2019une franchise DOMetVIE ne n\u00e9cessite pas l\u2019installation d\u2019un magasin, les franchis\u00e9s DOMetVIE peuvent s\u2019ils le souhaitent proposer un showroom qui leur permet d\u2019exposer leurs produits et services \u00e0 leur client\u00e8le. DOMetVIE guide et accompagne ses franchis\u00e9s tout au long des \u00e9tapes de leur projet.<\/p>\n\n\n\n<div class=\"wp-block-buttons is-layout-flex wp-block-buttons-is-layout-flex\">\n<div class=\"wp-block-button aligncenter\"><a class=\"wp-block-button__link wp-element-button\" href=\"https:\/\/www.dometvie.fr\/franchise\/contact\/\">Ouvrez votre showroom avec la franchise DOMetVIE !<\/a><\/div>\n<\/div>\n\n\n\n<h3 class=\"wp-block-heading\">DOMetVIE en toute franchise<\/h3>\n\n\n\n<div class=\"wp-block-columns alignfull has-medium-font-size is-layout-flex wp-container-core-columns-is-layout-9d6595d7 wp-block-columns-is-layout-flex\">\n<div class=\"wp-block-column is-layout-flow wp-block-column-is-layout-flow\">\n<h4 class=\"wp-block-heading has-text-align-center\" style=\"font-size:24px;line-height:1.3\"><strong><a href=\"https:\/\/www.dometvie.fr\/franchise\/ouvrir-une-franchise\/\">Ouvrir une franchise \u2197<\/a><\/strong><\/h4>\n<\/div>\n\n\n\n<div class=\"wp-block-column is-layout-flow wp-block-column-is-layout-flow\">\n<h4 class=\"wp-block-heading has-text-align-center\" style=\"font-size:24px;line-height:1.3\"><strong><a href=\"https:\/\/www.dometvie.fr\/franchise\/franchises-les-plus-rentables\/\">Franchises les plus rentables \u2197<\/a><\/strong><\/h4>\n<\/div>\n\n\n\n<div class=\"wp-block-column is-layout-flow wp-block-column-is-layout-flow\">\n<h4 class=\"wp-block-heading has-text-align-center\" style=\"font-size:24px;line-height:1.3\"><strong><a href=\"https:\/\/www.dometvie.fr\/franchise\/definition-franchise\/\">D\u00e9finition franchise \u2197<\/a><\/strong><\/h4>\n<\/div>\n\n\n\n<div class=\"wp-block-column is-layout-flow wp-block-column-is-layout-flow\">\n<h4 class=\"wp-block-heading has-text-align-center\" style=\"font-size:24px;line-height:1.3\"><strong><a href=\"https:\/\/www.dometvie.fr\/franchise\/salon-de-la-franchise\/\">Salon de la franchise \u2197<\/a><\/strong><\/h4>\n<\/div>\n<\/div>\n","protected":false},"excerpt":{"rendered":"<p>Les magasins en franchise tiennent aujourd\u2019hui une place importante dans le paysage commercial fran\u00e7ais. Ce mod\u00e8le particulier, qui consiste \u00e0 acheter et \u00e0 exploiter une franchise d&rsquo;une marque d\u00e9j\u00e0 \u00e9tablie, [&hellip;]<\/p>\n","protected":false},"author":1,"featured_media":0,"parent":1178,"menu_order":0,"comment_status":"closed","ping_status":"closed","template":"","meta":{"footnotes":""},"class_list":["post-1191","page","type-page","status-publish","hentry"],"acf":[],"yoast_head":"<!-- This site is optimized with the Yoast SEO plugin v27.4 - https:\/\/yoast.com\/product\/yoast-seo-wordpress\/ -->\n<title>Magasin en franchise : qu\u2019est-ce que c\u2019est et comment ouvrir un magasin franchis\u00e9 - DOMetVIE<\/title>\n<meta name=\"robots\" content=\"index, follow, max-snippet:-1, max-image-preview:large, max-video-preview:-1\" \/>\n<link rel=\"canonical\" href=\"https:\/\/www.dometvie.fr\/franchise\/magasin-en-franchise\/\" \/>\n<meta property=\"og:locale\" content=\"fr_FR\" \/>\n<meta property=\"og:type\" content=\"article\" \/>\n<meta property=\"og:title\" content=\"Magasin en franchise : qu\u2019est-ce que c\u2019est et comment ouvrir un magasin franchis\u00e9 - DOMetVIE\" \/>\n<meta property=\"og:description\" content=\"Les magasins en franchise tiennent aujourd\u2019hui une place importante dans le paysage commercial fran\u00e7ais. Ce mod\u00e8le particulier, qui consiste \u00e0 acheter et \u00e0 exploiter une franchise d&rsquo;une marque d\u00e9j\u00e0 \u00e9tablie, [&hellip;]\" \/>\n<meta property=\"og:url\" content=\"https:\/\/www.dometvie.fr\/franchise\/magasin-en-franchise\/\" \/>\n<meta property=\"og:site_name\" content=\"DOMetVIE\" \/>\n<meta property=\"article:modified_time\" content=\"2024-09-26T12:51:25+00:00\" \/>\n<meta property=\"og:image\" content=\"https:\/\/www.dometvie.fr\/franchise\/wp-content\/uploads\/2024\/05\/temoigne.svg\" \/>\n<meta name=\"twitter:card\" content=\"summary_large_image\" \/>\n<meta name=\"twitter:label1\" content=\"Dur\u00e9e de lecture estim\u00e9e\" \/>\n\t<meta name=\"twitter:data1\" content=\"6 minutes\" \/>\n<script type=\"application\/ld+json\" class=\"yoast-schema-graph\">{\"@context\":\"https:\\\/\\\/schema.org\",\"@graph\":[{\"@type\":\"WebPage\",\"@id\":\"https:\\\/\\\/www.dometvie.fr\\\/franchise\\\/magasin-en-franchise\\\/\",\"url\":\"https:\\\/\\\/www.dometvie.fr\\\/franchise\\\/magasin-en-franchise\\\/\",\"name\":\"Magasin en franchise : qu\u2019est-ce que c\u2019est et comment ouvrir un magasin franchis\u00e9 - DOMetVIE\",\"isPartOf\":{\"@id\":\"https:\\\/\\\/www.dometvie.fr\\\/franchise\\\/#website\"},\"primaryImageOfPage\":{\"@id\":\"https:\\\/\\\/www.dometvie.fr\\\/franchise\\\/magasin-en-franchise\\\/#primaryimage\"},\"image\":{\"@id\":\"https:\\\/\\\/www.dometvie.fr\\\/franchise\\\/magasin-en-franchise\\\/#primaryimage\"},\"thumbnailUrl\":\"https:\\\/\\\/www.dometvie.fr\\\/franchise\\\/wp-content\\\/uploads\\\/2024\\\/05\\\/temoigne.svg\",\"datePublished\":\"2024-06-03T13:21:49+00:00\",\"dateModified\":\"2024-09-26T12:51:25+00:00\",\"breadcrumb\":{\"@id\":\"https:\\\/\\\/www.dometvie.fr\\\/franchise\\\/magasin-en-franchise\\\/#breadcrumb\"},\"inLanguage\":\"fr-FR\",\"potentialAction\":[{\"@type\":\"ReadAction\",\"target\":[\"https:\\\/\\\/www.dometvie.fr\\\/franchise\\\/magasin-en-franchise\\\/\"]}]},{\"@type\":\"ImageObject\",\"inLanguage\":\"fr-FR\",\"@id\":\"https:\\\/\\\/www.dometvie.fr\\\/franchise\\\/magasin-en-franchise\\\/#primaryimage\",\"url\":\"https:\\\/\\\/www.dometvie.fr\\\/franchise\\\/wp-content\\\/uploads\\\/2024\\\/05\\\/temoigne.svg\",\"contentUrl\":\"https:\\\/\\\/www.dometvie.fr\\\/franchise\\\/wp-content\\\/uploads\\\/2024\\\/05\\\/temoigne.svg\"},{\"@type\":\"BreadcrumbList\",\"@id\":\"https:\\\/\\\/www.dometvie.fr\\\/franchise\\\/magasin-en-franchise\\\/#breadcrumb\",\"itemListElement\":[{\"@type\":\"ListItem\",\"position\":1,\"name\":\"Accueil\",\"item\":\"https:\\\/\\\/www.dometvie.fr\\\/franchise\\\/\"},{\"@type\":\"ListItem\",\"position\":2,\"name\":\"Franchise DOMetVIE : la franchise sp\u00e9cialiste de l\u2019adaptation du domicile\",\"item\":\"https:\\\/\\\/www.dometvie.fr\\\/franchise\\\/franchise-dometvie\\\/\"},{\"@type\":\"ListItem\",\"position\":3,\"name\":\"Magasin en franchise : qu\u2019est-ce que c\u2019est et comment ouvrir un magasin franchis\u00e9\"}]},{\"@type\":\"WebSite\",\"@id\":\"https:\\\/\\\/www.dometvie.fr\\\/franchise\\\/#website\",\"url\":\"https:\\\/\\\/www.dometvie.fr\\\/franchise\\\/\",\"name\":\"DOMetVIE\",\"description\":\"Donnez du sens \u00e0 votre m\u00e9tier !\",\"potentialAction\":[{\"@type\":\"SearchAction\",\"target\":{\"@type\":\"EntryPoint\",\"urlTemplate\":\"https:\\\/\\\/www.dometvie.fr\\\/franchise\\\/?s={search_term_string}\"},\"query-input\":{\"@type\":\"PropertyValueSpecification\",\"valueRequired\":true,\"valueName\":\"search_term_string\"}}],\"inLanguage\":\"fr-FR\"}]}<\/script>\n<!-- \/ Yoast SEO plugin. -->","yoast_head_json":{"title":"Magasin en franchise : qu\u2019est-ce que c\u2019est et comment ouvrir un magasin franchis\u00e9 - DOMetVIE","robots":{"index":"index","follow":"follow","max-snippet":"max-snippet:-1","max-image-preview":"max-image-preview:large","max-video-preview":"max-video-preview:-1"},"canonical":"https:\/\/www.dometvie.fr\/franchise\/magasin-en-franchise\/","og_locale":"fr_FR","og_type":"article","og_title":"Magasin en franchise : qu\u2019est-ce que c\u2019est et comment ouvrir un magasin franchis\u00e9 - DOMetVIE","og_description":"Les magasins en franchise tiennent aujourd\u2019hui une place importante dans le paysage commercial fran\u00e7ais. Ce mod\u00e8le particulier, qui consiste \u00e0 acheter et \u00e0 exploiter une franchise d&rsquo;une marque d\u00e9j\u00e0 \u00e9tablie, [&hellip;]","og_url":"https:\/\/www.dometvie.fr\/franchise\/magasin-en-franchise\/","og_site_name":"DOMetVIE","article_modified_time":"2024-09-26T12:51:25+00:00","og_image":[{"url":"https:\/\/www.dometvie.fr\/franchise\/wp-content\/uploads\/2024\/05\/temoigne.svg","type":"","width":"","height":""}],"twitter_card":"summary_large_image","twitter_misc":{"Dur\u00e9e de lecture estim\u00e9e":"6 minutes"},"schema":{"@context":"https:\/\/schema.org","@graph":[{"@type":"WebPage","@id":"https:\/\/www.dometvie.fr\/franchise\/magasin-en-franchise\/","url":"https:\/\/www.dometvie.fr\/franchise\/magasin-en-franchise\/","name":"Magasin en franchise : qu\u2019est-ce que c\u2019est et comment ouvrir un magasin franchis\u00e9 - DOMetVIE","isPartOf":{"@id":"https:\/\/www.dometvie.fr\/franchise\/#website"},"primaryImageOfPage":{"@id":"https:\/\/www.dometvie.fr\/franchise\/magasin-en-franchise\/#primaryimage"},"image":{"@id":"https:\/\/www.dometvie.fr\/franchise\/magasin-en-franchise\/#primaryimage"},"thumbnailUrl":"https:\/\/www.dometvie.fr\/franchise\/wp-content\/uploads\/2024\/05\/temoigne.svg","datePublished":"2024-06-03T13:21:49+00:00","dateModified":"2024-09-26T12:51:25+00:00","breadcrumb":{"@id":"https:\/\/www.dometvie.fr\/franchise\/magasin-en-franchise\/#breadcrumb"},"inLanguage":"fr-FR","potentialAction":[{"@type":"ReadAction","target":["https:\/\/www.dometvie.fr\/franchise\/magasin-en-franchise\/"]}]},{"@type":"ImageObject","inLanguage":"fr-FR","@id":"https:\/\/www.dometvie.fr\/franchise\/magasin-en-franchise\/#primaryimage","url":"https:\/\/www.dometvie.fr\/franchise\/wp-content\/uploads\/2024\/05\/temoigne.svg","contentUrl":"https:\/\/www.dometvie.fr\/franchise\/wp-content\/uploads\/2024\/05\/temoigne.svg"},{"@type":"BreadcrumbList","@id":"https:\/\/www.dometvie.fr\/franchise\/magasin-en-franchise\/#breadcrumb","itemListElement":[{"@type":"ListItem","position":1,"name":"Accueil","item":"https:\/\/www.dometvie.fr\/franchise\/"},{"@type":"ListItem","position":2,"name":"Franchise DOMetVIE : la franchise sp\u00e9cialiste de l\u2019adaptation du domicile","item":"https:\/\/www.dometvie.fr\/franchise\/franchise-dometvie\/"},{"@type":"ListItem","position":3,"name":"Magasin en franchise : qu\u2019est-ce que c\u2019est et comment ouvrir un magasin franchis\u00e9"}]},{"@type":"WebSite","@id":"https:\/\/www.dometvie.fr\/franchise\/#website","url":"https:\/\/www.dometvie.fr\/franchise\/","name":"DOMetVIE","description":"Donnez du sens \u00e0 votre m\u00e9tier !","potentialAction":[{"@type":"SearchAction","target":{"@type":"EntryPoint","urlTemplate":"https:\/\/www.dometvie.fr\/franchise\/?s={search_term_string}"},"query-input":{"@type":"PropertyValueSpecification","valueRequired":true,"valueName":"search_term_string"}}],"inLanguage":"fr-FR"}]}},"_links":{"self":[{"href":"https:\/\/www.dometvie.fr\/franchise\/wp-json\/wp\/v2\/pages\/1191","targetHints":{"allow":["GET"]}}],"collection":[{"href":"https:\/\/www.dometvie.fr\/franchise\/wp-json\/wp\/v2\/pages"}],"about":[{"href":"https:\/\/www.dometvie.fr\/franchise\/wp-json\/wp\/v2\/types\/page"}],"author":[{"embeddable":true,"href":"https:\/\/www.dometvie.fr\/franchise\/wp-json\/wp\/v2\/users\/1"}],"replies":[{"embeddable":true,"href":"https:\/\/www.dometvie.fr\/franchise\/wp-json\/wp\/v2\/comments?post=1191"}],"version-history":[{"count":6,"href":"https:\/\/www.dometvie.fr\/franchise\/wp-json\/wp\/v2\/pages\/1191\/revisions"}],"predecessor-version":[{"id":1510,"href":"https:\/\/www.dometvie.fr\/franchise\/wp-json\/wp\/v2\/pages\/1191\/revisions\/1510"}],"up":[{"embeddable":true,"href":"https:\/\/www.dometvie.fr\/franchise\/wp-json\/wp\/v2\/pages\/1178"}],"wp:attachment":[{"href":"https:\/\/www.dometvie.fr\/franchise\/wp-json\/wp\/v2\/media?parent=1191"}],"curies":[{"name":"wp","href":"https:\/\/api.w.org\/{rel}","templated":true}]}}