{"id":1221,"date":"2024-06-03T15:29:36","date_gmt":"2024-06-03T13:29:36","guid":{"rendered":"https:\/\/www.dometvie.fr\/franchise\/?page_id=1221"},"modified":"2024-06-15T12:40:39","modified_gmt":"2024-06-15T10:40:39","slug":"franchise-services-a-la-personne","status":"publish","type":"page","link":"https:\/\/www.dometvie.fr\/franchise\/franchise-services-a-la-personne\/","title":{"rendered":"Franchise dans le secteur des services \u00e0 la personne : principales opportunit\u00e9s"},"content":{"rendered":"\n<p>En France et dans de nombreux pays, le secteur des services \u00e0 la personne est en plein essor, en partie du fait de l\u2019\u00e9volution d\u00e9mographique et du vieillissement de la population. Plus de 5 000 structures \u00e9voluent actuellement au sein ce secteur, qui pr\u00e9sente un chiffre d\u2019affaires annuel estim\u00e9 \u00e0 23 milliards d\u2019euros.&nbsp;<\/p>\n\n\n\n<p>Les services \u00e0 la personne englobent un large \u00e9ventail d&rsquo;activit\u00e9s, allant de l&rsquo;aide \u00e0 domicile pour les personnes \u00e2g\u00e9es ou handicap\u00e9es, aux services de garde d&rsquo;enfants, en passant par les services de m\u00e9nage et de jardinage. Il s\u2019agit donc d\u2019un secteur qui offre de nombreuses opportunit\u00e9s aux entrepreneurs, notamment sous le cadre de l\u2019<a href=\"https:\/\/www.dometvie.fr\/franchise\/franchises-les-plus-rentables\/\">ouverture d\u2019une franchise<\/a>.<\/p>\n\n\n\n<h2 class=\"wp-block-heading\">Un secteur en plein d\u00e9veloppement<\/h2>\n\n\n\n<p>Lorsque l\u2019on r\u00e9fl\u00e9chit \u00e0 l\u2019ouverture d\u2019une franchise, le choix du secteur est un \u00e9l\u00e9ment important \u00e0 consid\u00e9rer. Il faut tout d\u2019abord songer aux secteurs qui vous int\u00e9ressent le plus, et pour lesquels vous disposez de comp\u00e9tences adapt\u00e9es. Tout en prenant en compte la croissance du secteur, pour vous assurer une entreprise rentable sur le long terme.<\/p>\n\n\n\n<p class=\"has-white-color has-text-color has-background has-link-color wp-elements-93fab375aed445e2f3f72a325a1119b1\" style=\"background-color:#088b99\">Parmi les secteurs les plus int\u00e9ressants aujourd\u2019hui, on trouve le secteur des services \u00e0 la personne. C\u2019est un secteur en plein d\u00e9veloppement pour diff\u00e9rentes raisons, principalement du fait des tendances d\u00e9mographiques actuelles et de l\u2019\u00e9volution des modes de vie. On observe une demande croissante pour les services d\u2019assistance personnalis\u00e9e, s\u2019agissant d\u2019une opportunit\u00e9 int\u00e9ressante pour les entrepreneurs attir\u00e9s par ce secteur.<\/p>\n\n\n\n<p>Pour faire face \u00e0 l\u2019\u00e9mergence de nouveaux besoins, au vieillissement de la population et \u00e0 l\u2019\u00e9volution des modes de vie, le secteur des services \u00e0 la personne voit l&rsquo;\u00e9mergence de nombreuses franchises sp\u00e9cialis\u00e9es dans des domaines particuliers, tels que la garde d&rsquo;enfants, le nettoyage \u00e0 domicile, ou encore l&rsquo;accompagnement des personnes en situation de handicap. Ces franchises proposent des services tr\u00e8s recherch\u00e9s, qui s\u2019accompagnent souvent d\u2019un soutien gouvernemental, ce qui rend ces services plus accessibles pour les consommateurs ; une autre raison qui explique la croissance de ce secteur.<\/p>\n\n\n\n<h2 class=\"wp-block-heading\">Que proposent les franchises de services \u00e0 la personne ?<\/h2>\n\n\n\n<p>Les franchises sp\u00e9cialis\u00e9es dans les services \u00e0 la personne proposent une large vari\u00e9t\u00e9 de services, s\u2019adressant \u00e0 tout type de profil. Voici quelques exemples des services propos\u00e9s par les franchises les plus rentables du secteur :<\/p>\n\n\n\n<ul class=\"wp-block-list\">\n<li><strong>Soutien des personnes \u00e2g\u00e9es ou handicap\u00e9es :<\/strong> De nombreuses franchises proposent des services d&rsquo;aide \u00e0 domicile pour assister les personnes \u00e2g\u00e9es ou handicap\u00e9es dans leurs activit\u00e9s quotidiennes, \u00e0 travers les t\u00e2ches m\u00e9nag\u00e8res, la pr\u00e9paration des repas, l&rsquo;aide \u00e0 la toilette et aux d\u00e9placements\u2026 Tout ce qui participe \u00e0 l\u2019am\u00e9lioration de leur bien-\u00eatre.<\/li>\n\n\n\n<li><strong>Garde d&rsquo;enfants :<\/strong> Les services de garde d&rsquo;enfants sont aussi tr\u00e8s recherch\u00e9s. Les franchises proposent souvent des services de garde flexibles qui r\u00e9pondent aux besoins des familles.<\/li>\n\n\n\n<li><strong>Services d\u2019entretien :<\/strong> On retrouve aussi de nombreuses franchises proposant des services de nettoyage \u00e0 domicile, des services r\u00e9guliers ou m\u00eame des services de nettoyage suite \u00e0 un d\u00e9m\u00e9nagement ou apr\u00e8s une r\u00e9novation.<\/li>\n\n\n\n<li><strong>Jardinage et entretien d&rsquo;espaces verts :<\/strong> Les franchises peuvent offrir des services d&rsquo;entretien des jardins et des espaces verts, tels que la tonte de pelouse, la taille des haies, le d\u00e9sherbage et d&rsquo;autres t\u00e2ches d&rsquo;entretien ext\u00e9rieur.<\/li>\n\n\n\n<li><strong>Accompagnement et transport :<\/strong> Certaines franchises proposent des services d&rsquo;accompagnement pour les rendez-vous m\u00e9dicaux, pour les courses et pour diff\u00e9rentes activit\u00e9s, ainsi que des services de transport destin\u00e9s \u00e0 faciliter les d\u00e9placements des personnes concern\u00e9es par des besoins sp\u00e9cifiques.<\/li>\n\n\n\n<li><strong>Assistance administrative :<\/strong> De plus en plus de personnes souhaitent profiter d\u2019une assistance administrative, d\u2019o\u00f9 la croissance des franchises proposant des t\u00e2ches de gestion du courrier ou d\u2019aide \u00e0 la gestion des finances personnelles.<\/li>\n\n\n\n<li><strong>Assistance informatique et technologique :<\/strong> Autre exemple, on retrouve \u00e9galement des franchises qui proposent des services d&rsquo;assistance informatique et technologique \u00e0 domicile, comme \u00e0 travers des formations \u00e0 l&rsquo;utilisation des nouvelles technologies.<\/li>\n<\/ul>\n\n\n\n<div class=\"wp-block-group has-background\" style=\"background-color:#fff3f9\"><div class=\"wp-block-group__inner-container is-layout-constrained wp-block-group-is-layout-constrained\">\n<h2 class=\"wp-block-heading has-text-align-center has-black-color has-text-color has-background has-link-color wp-elements-cb53e174caee0274434f5aa7b32fcdcf\" style=\"background-color:#fff3f9\"><strong>Les atouts des franchises de ce secteur<\/strong><\/h2>\n\n\n<div class=\"wp-block-image imghaut\">\n<figure class=\"aligncenter size-full is-resized\"><img decoding=\"async\" src=\"https:\/\/www.dometvie.fr\/franchise\/wp-content\/uploads\/2024\/05\/temoigne.svg\" alt=\"\" class=\"wp-image-1155\" style=\"width:100px\"\/><\/figure>\n<\/div>\n\n\n<p class=\"has-text-align-center has-black-color has-text-color has-background has-link-color wp-elements-359b6a25dc2919a8c598a9fc1cea6429\" style=\"background-color:#fff3f9\">Vous l\u2019aurez compris, le principal atout des franchises de services \u00e0 la personne est la croissance constante de la demande pour ce type de services. Vous pourrez aussi retenir que les franchises \u00e9voluant dans ce secteur proposent une vari\u00e9t\u00e9 de services, permettant \u00e0 chacun de choisir le domaine dans lequel il souhaite se sp\u00e9cialiser en fonction de ses pr\u00e9f\u00e9rences et de ses comp\u00e9tences professionnelles. <\/p>\n\n\n\n<p class=\"has-text-align-center has-black-color has-text-color has-background has-link-color wp-elements-af9328feced73a2296608d1275908093\" style=\"background-color:#fff3f9\">Ouvrir une franchise signifie \u00e9galement s\u2019appuyer sur un mod\u00e8le \u00e9conomique d\u00e9j\u00e0 test\u00e9 et \u00e9prouv\u00e9. Vos services reposent sur l\u2019expertise d\u2019une marque reconnue dans ce domaine, qui partage avec le franchis\u00e9 des processus op\u00e9rationnels \u00e9tablis, une formation compl\u00e8te et un soutien continu. En comparaison avec\u00a0 la cr\u00e9ation d&rsquo;une entreprise ind\u00e9pendante, ouvrir une franchise de services \u00e0 la personne peut \u00e9galement s\u2019av\u00e9rer moins co\u00fbteux, gr\u00e2ce aux ressources et aux outils fournis par les franchiseurs.<br><\/p>\n<\/div><\/div>\n\n\n\n<h2 class=\"wp-block-heading\">Comment choisir sa franchise de services \u00e0 la personne ?<\/h2>\n\n\n\n<p>Si ce secteur vous int\u00e9resse, voici les conseils que vous devrez retenir pour choisir la meilleure franchise de services \u00e0 la personne.<\/p>\n\n\n\n<ol class=\"wp-block-list\">\n<li>R\u00e9fl\u00e9chissez aux services qui vous passionnent le plus et pour lesquels vous disposez d&rsquo;exp\u00e9rience ou de comp\u00e9tences.<\/li>\n\n\n\n<li>\u00c9tudiez les diff\u00e9rentes opportunit\u00e9s de franchise disponibles et analysez la r\u00e9putation des franchises, leur histoire et les retours de leurs franchis\u00e9s.<\/li>\n\n\n\n<li>Renseignez-vous concernant la qualit\u00e9 du soutien mis en place par le franchiseur.<\/li>\n\n\n\n<li>Examinez attentivement le contrat de franchise et assurez-vous que les conditions mentionn\u00e9es vous conviennent.<\/li>\n\n\n\n<li>\u00c9valuez le potentiel de rentabilit\u00e9 de la franchise pour vous assurer que le mod\u00e8le \u00e9conomique propos\u00e9 est viable et qu\u2019il s\u2019aligne sur vos objectifs financiers.<\/li>\n\n\n\n<li>Enfin, v\u00e9rifiez que la franchise s\u2019accorde avec vos objectifs sur le long terme.<\/li>\n<\/ol>\n\n\n\n<h2 class=\"wp-block-heading\">Rejoignez la franchise DOMetVIE<\/h2>\n\n\n\n<p>La franchise DOMetVIE se sp\u00e9cialise dans l\u2019aide \u00e0 la personne et propose ses services pour l&rsquo;adaptation des logements des personnes \u00e0 mobilit\u00e9 r\u00e9duite, qu\u2019il s\u2019agisse de seniors ou de personnes en situation de handicap. En devenant franchis\u00e9 DOMetVIE, vous rejoignez les acteurs d\u2019une mission utile et valorisante, qui vise \u00e0 am\u00e9liorer le bien-\u00eatre des personnes \u00e0 mobilit\u00e9 r\u00e9duite. DOMetVIE propose \u00e0 ses franchis\u00e9s des formations compl\u00e8tes et une \u00e9quipe de soutien disponible en temps r\u00e9el, pour assurer la r\u00e9ussite de chacun. Lancez-vous dans une aventure humaine enrichissante pour un investissement global compris entre 80 000 et 150 000 \u20ac.<\/p>\n\n\n\n<div class=\"wp-block-buttons is-content-justification-center is-layout-flex wp-container-core-buttons-is-layout-16018d1d wp-block-buttons-is-layout-flex\">\n<div class=\"wp-block-button\"><a class=\"wp-block-button__link wp-element-button\" href=\"https:\/\/www.dometvie.fr\/franchise\/la-franchise-dometvie\/la-force-du-concept\/\">D\u00e9couvrez le concept de la franchise DOMetVIE<\/a><\/div>\n<\/div>\n\n\n\n<h3 class=\"wp-block-heading\">DOMetVIE en toute franchise <\/h3>\n\n\n\n<div class=\"wp-block-columns alignfull has-text-color has-background is-layout-flex wp-container-core-columns-is-layout-9d6595d7 wp-block-columns-is-layout-flex\" style=\"color:#000000;background-color:#ffffff\">\n<div class=\"wp-block-column is-layout-flow wp-block-column-is-layout-flow\">\n<h4 class=\"wp-block-heading has-text-align-center\" style=\"font-size:24px;line-height:1.3\"><strong><a href=\"https:\/\/www.dometvie.fr\/franchise\/quelle-franchise-ouvrir-en-2024\/\">Quelle franchise ouvrir en 2024 \u2197<\/a><\/strong><\/h4>\n<\/div>\n\n\n\n<div class=\"wp-block-column is-layout-flow wp-block-column-is-layout-flow\">\n<h4 class=\"wp-block-heading has-text-align-center\" style=\"font-size:24px;line-height:1.3\"><strong><a href=\"https:\/\/www.dometvie.fr\/franchise\/franchise-qui-marche\/\">Franchise qui marche \u2197<\/a><\/strong><\/h4>\n<\/div>\n\n\n\n<div class=\"wp-block-column is-layout-flow wp-block-column-is-layout-flow\">\n<h4 class=\"wp-block-heading has-text-align-center\" style=\"font-size:24px;line-height:1.3\"><strong><a href=\"https:\/\/www.dometvie.fr\/franchise\/franchise-dans-le-batiment\/\">Franchise dans le b\u00e2timent \u2197<\/a><\/strong><\/h4>\n<\/div>\n\n\n\n<div class=\"wp-block-column is-layout-flow wp-block-column-is-layout-flow\">\n<h4 class=\"wp-block-heading has-text-align-center\" style=\"font-size:24px;line-height:1.3\"><strong><a href=\"https:\/\/www.dometvie.fr\/franchise\/franchise-senior\/\">Franchise senior \u2197<\/a><\/strong><\/h4>\n<\/div>\n<\/div>\n","protected":false},"excerpt":{"rendered":"<p>En France et dans de nombreux pays, le secteur des services \u00e0 la personne est en plein essor, en partie du fait de l\u2019\u00e9volution d\u00e9mographique et du vieillissement de la [&hellip;]<\/p>\n","protected":false},"author":1,"featured_media":0,"parent":1195,"menu_order":0,"comment_status":"closed","ping_status":"closed","template":"","meta":{"footnotes":""},"class_list":["post-1221","page","type-page","status-publish","hentry"],"acf":[],"yoast_head":"<!-- This site is optimized with the Yoast SEO plugin v27.4 - https:\/\/yoast.com\/product\/yoast-seo-wordpress\/ -->\n<title>Franchise dans le secteur des services \u00e0 la personne : principales opportunit\u00e9s - DOMetVIE<\/title>\n<meta name=\"robots\" content=\"index, follow, max-snippet:-1, max-image-preview:large, max-video-preview:-1\" \/>\n<link rel=\"canonical\" href=\"https:\/\/www.dometvie.fr\/franchise\/franchise-services-a-la-personne\/\" \/>\n<meta property=\"og:locale\" content=\"fr_FR\" \/>\n<meta property=\"og:type\" content=\"article\" \/>\n<meta property=\"og:title\" content=\"Franchise dans le secteur des services \u00e0 la personne : principales opportunit\u00e9s - DOMetVIE\" \/>\n<meta property=\"og:description\" content=\"En France et dans de nombreux pays, le secteur des services \u00e0 la personne est en plein essor, en partie du fait de l\u2019\u00e9volution d\u00e9mographique et du vieillissement de la [&hellip;]\" \/>\n<meta property=\"og:url\" content=\"https:\/\/www.dometvie.fr\/franchise\/franchise-services-a-la-personne\/\" \/>\n<meta property=\"og:site_name\" content=\"DOMetVIE\" \/>\n<meta property=\"article:modified_time\" content=\"2024-06-15T10:40:39+00:00\" \/>\n<meta property=\"og:image\" content=\"https:\/\/www.dometvie.fr\/franchise\/wp-content\/uploads\/2024\/05\/temoigne.svg\" \/>\n<meta name=\"twitter:card\" content=\"summary_large_image\" \/>\n<meta name=\"twitter:label1\" content=\"Dur\u00e9e de lecture estim\u00e9e\" \/>\n\t<meta name=\"twitter:data1\" content=\"6 minutes\" \/>\n<script type=\"application\/ld+json\" class=\"yoast-schema-graph\">{\"@context\":\"https:\\\/\\\/schema.org\",\"@graph\":[{\"@type\":\"WebPage\",\"@id\":\"https:\\\/\\\/www.dometvie.fr\\\/franchise\\\/franchise-services-a-la-personne\\\/\",\"url\":\"https:\\\/\\\/www.dometvie.fr\\\/franchise\\\/franchise-services-a-la-personne\\\/\",\"name\":\"Franchise dans le secteur des services \u00e0 la personne : principales opportunit\u00e9s - DOMetVIE\",\"isPartOf\":{\"@id\":\"https:\\\/\\\/www.dometvie.fr\\\/franchise\\\/#website\"},\"primaryImageOfPage\":{\"@id\":\"https:\\\/\\\/www.dometvie.fr\\\/franchise\\\/franchise-services-a-la-personne\\\/#primaryimage\"},\"image\":{\"@id\":\"https:\\\/\\\/www.dometvie.fr\\\/franchise\\\/franchise-services-a-la-personne\\\/#primaryimage\"},\"thumbnailUrl\":\"https:\\\/\\\/www.dometvie.fr\\\/franchise\\\/wp-content\\\/uploads\\\/2024\\\/05\\\/temoigne.svg\",\"datePublished\":\"2024-06-03T13:29:36+00:00\",\"dateModified\":\"2024-06-15T10:40:39+00:00\",\"breadcrumb\":{\"@id\":\"https:\\\/\\\/www.dometvie.fr\\\/franchise\\\/franchise-services-a-la-personne\\\/#breadcrumb\"},\"inLanguage\":\"fr-FR\",\"potentialAction\":[{\"@type\":\"ReadAction\",\"target\":[\"https:\\\/\\\/www.dometvie.fr\\\/franchise\\\/franchise-services-a-la-personne\\\/\"]}]},{\"@type\":\"ImageObject\",\"inLanguage\":\"fr-FR\",\"@id\":\"https:\\\/\\\/www.dometvie.fr\\\/franchise\\\/franchise-services-a-la-personne\\\/#primaryimage\",\"url\":\"https:\\\/\\\/www.dometvie.fr\\\/franchise\\\/wp-content\\\/uploads\\\/2024\\\/05\\\/temoigne.svg\",\"contentUrl\":\"https:\\\/\\\/www.dometvie.fr\\\/franchise\\\/wp-content\\\/uploads\\\/2024\\\/05\\\/temoigne.svg\"},{\"@type\":\"BreadcrumbList\",\"@id\":\"https:\\\/\\\/www.dometvie.fr\\\/franchise\\\/franchise-services-a-la-personne\\\/#breadcrumb\",\"itemListElement\":[{\"@type\":\"ListItem\",\"position\":1,\"name\":\"Accueil\",\"item\":\"https:\\\/\\\/www.dometvie.fr\\\/franchise\\\/\"},{\"@type\":\"ListItem\",\"position\":2,\"name\":\"Franchise DOMetVIE : la franchise sp\u00e9cialiste de l\u2019adaptation du domicile\",\"item\":\"https:\\\/\\\/www.dometvie.fr\\\/franchise\\\/franchise-dometvie\\\/\"},{\"@type\":\"ListItem\",\"position\":3,\"name\":\"Franchises les plus rentables : secteurs et \u00e9l\u00e9ments d\u00e9terminants pour la rentabilit\u00e9 d\u2019une franchise\",\"item\":\"https:\\\/\\\/www.dometvie.fr\\\/franchise\\\/franchises-les-plus-rentables\\\/\"},{\"@type\":\"ListItem\",\"position\":4,\"name\":\"Franchise dans le secteur des services \u00e0 la personne : principales opportunit\u00e9s\"}]},{\"@type\":\"WebSite\",\"@id\":\"https:\\\/\\\/www.dometvie.fr\\\/franchise\\\/#website\",\"url\":\"https:\\\/\\\/www.dometvie.fr\\\/franchise\\\/\",\"name\":\"DOMetVIE\",\"description\":\"Donnez du sens \u00e0 votre m\u00e9tier !\",\"potentialAction\":[{\"@type\":\"SearchAction\",\"target\":{\"@type\":\"EntryPoint\",\"urlTemplate\":\"https:\\\/\\\/www.dometvie.fr\\\/franchise\\\/?s={search_term_string}\"},\"query-input\":{\"@type\":\"PropertyValueSpecification\",\"valueRequired\":true,\"valueName\":\"search_term_string\"}}],\"inLanguage\":\"fr-FR\"}]}<\/script>\n<!-- \/ Yoast SEO plugin. -->","yoast_head_json":{"title":"Franchise dans le secteur des services \u00e0 la personne : principales opportunit\u00e9s - DOMetVIE","robots":{"index":"index","follow":"follow","max-snippet":"max-snippet:-1","max-image-preview":"max-image-preview:large","max-video-preview":"max-video-preview:-1"},"canonical":"https:\/\/www.dometvie.fr\/franchise\/franchise-services-a-la-personne\/","og_locale":"fr_FR","og_type":"article","og_title":"Franchise dans le secteur des services \u00e0 la personne : principales opportunit\u00e9s - DOMetVIE","og_description":"En France et dans de nombreux pays, le secteur des services \u00e0 la personne est en plein essor, en partie du fait de l\u2019\u00e9volution d\u00e9mographique et du vieillissement de la [&hellip;]","og_url":"https:\/\/www.dometvie.fr\/franchise\/franchise-services-a-la-personne\/","og_site_name":"DOMetVIE","article_modified_time":"2024-06-15T10:40:39+00:00","og_image":[{"url":"https:\/\/www.dometvie.fr\/franchise\/wp-content\/uploads\/2024\/05\/temoigne.svg","type":"","width":"","height":""}],"twitter_card":"summary_large_image","twitter_misc":{"Dur\u00e9e de lecture estim\u00e9e":"6 minutes"},"schema":{"@context":"https:\/\/schema.org","@graph":[{"@type":"WebPage","@id":"https:\/\/www.dometvie.fr\/franchise\/franchise-services-a-la-personne\/","url":"https:\/\/www.dometvie.fr\/franchise\/franchise-services-a-la-personne\/","name":"Franchise dans le secteur des services \u00e0 la personne : principales opportunit\u00e9s - DOMetVIE","isPartOf":{"@id":"https:\/\/www.dometvie.fr\/franchise\/#website"},"primaryImageOfPage":{"@id":"https:\/\/www.dometvie.fr\/franchise\/franchise-services-a-la-personne\/#primaryimage"},"image":{"@id":"https:\/\/www.dometvie.fr\/franchise\/franchise-services-a-la-personne\/#primaryimage"},"thumbnailUrl":"https:\/\/www.dometvie.fr\/franchise\/wp-content\/uploads\/2024\/05\/temoigne.svg","datePublished":"2024-06-03T13:29:36+00:00","dateModified":"2024-06-15T10:40:39+00:00","breadcrumb":{"@id":"https:\/\/www.dometvie.fr\/franchise\/franchise-services-a-la-personne\/#breadcrumb"},"inLanguage":"fr-FR","potentialAction":[{"@type":"ReadAction","target":["https:\/\/www.dometvie.fr\/franchise\/franchise-services-a-la-personne\/"]}]},{"@type":"ImageObject","inLanguage":"fr-FR","@id":"https:\/\/www.dometvie.fr\/franchise\/franchise-services-a-la-personne\/#primaryimage","url":"https:\/\/www.dometvie.fr\/franchise\/wp-content\/uploads\/2024\/05\/temoigne.svg","contentUrl":"https:\/\/www.dometvie.fr\/franchise\/wp-content\/uploads\/2024\/05\/temoigne.svg"},{"@type":"BreadcrumbList","@id":"https:\/\/www.dometvie.fr\/franchise\/franchise-services-a-la-personne\/#breadcrumb","itemListElement":[{"@type":"ListItem","position":1,"name":"Accueil","item":"https:\/\/www.dometvie.fr\/franchise\/"},{"@type":"ListItem","position":2,"name":"Franchise DOMetVIE : la franchise sp\u00e9cialiste de l\u2019adaptation du domicile","item":"https:\/\/www.dometvie.fr\/franchise\/franchise-dometvie\/"},{"@type":"ListItem","position":3,"name":"Franchises les plus rentables : secteurs et \u00e9l\u00e9ments d\u00e9terminants pour la rentabilit\u00e9 d\u2019une franchise","item":"https:\/\/www.dometvie.fr\/franchise\/franchises-les-plus-rentables\/"},{"@type":"ListItem","position":4,"name":"Franchise dans le secteur des services \u00e0 la personne : principales opportunit\u00e9s"}]},{"@type":"WebSite","@id":"https:\/\/www.dometvie.fr\/franchise\/#website","url":"https:\/\/www.dometvie.fr\/franchise\/","name":"DOMetVIE","description":"Donnez du sens \u00e0 votre m\u00e9tier !","potentialAction":[{"@type":"SearchAction","target":{"@type":"EntryPoint","urlTemplate":"https:\/\/www.dometvie.fr\/franchise\/?s={search_term_string}"},"query-input":{"@type":"PropertyValueSpecification","valueRequired":true,"valueName":"search_term_string"}}],"inLanguage":"fr-FR"}]}},"_links":{"self":[{"href":"https:\/\/www.dometvie.fr\/franchise\/wp-json\/wp\/v2\/pages\/1221","targetHints":{"allow":["GET"]}}],"collection":[{"href":"https:\/\/www.dometvie.fr\/franchise\/wp-json\/wp\/v2\/pages"}],"about":[{"href":"https:\/\/www.dometvie.fr\/franchise\/wp-json\/wp\/v2\/types\/page"}],"author":[{"embeddable":true,"href":"https:\/\/www.dometvie.fr\/franchise\/wp-json\/wp\/v2\/users\/1"}],"replies":[{"embeddable":true,"href":"https:\/\/www.dometvie.fr\/franchise\/wp-json\/wp\/v2\/comments?post=1221"}],"version-history":[{"count":3,"href":"https:\/\/www.dometvie.fr\/franchise\/wp-json\/wp\/v2\/pages\/1221\/revisions"}],"predecessor-version":[{"id":1399,"href":"https:\/\/www.dometvie.fr\/franchise\/wp-json\/wp\/v2\/pages\/1221\/revisions\/1399"}],"up":[{"embeddable":true,"href":"https:\/\/www.dometvie.fr\/franchise\/wp-json\/wp\/v2\/pages\/1195"}],"wp:attachment":[{"href":"https:\/\/www.dometvie.fr\/franchise\/wp-json\/wp\/v2\/media?parent=1221"}],"curies":[{"name":"wp","href":"https:\/\/api.w.org\/{rel}","templated":true}]}}