{"id":1223,"date":"2024-06-03T15:29:56","date_gmt":"2024-06-03T13:29:56","guid":{"rendered":"https:\/\/www.dometvie.fr\/franchise\/?page_id=1223"},"modified":"2024-06-15T12:30:07","modified_gmt":"2024-06-15T10:30:07","slug":"franchise-dans-le-batiment","status":"publish","type":"page","link":"https:\/\/www.dometvie.fr\/franchise\/franchise-dans-le-batiment\/","title":{"rendered":"Franchise dans le b\u00e2timent : un secteur en pleine croissance"},"content":{"rendered":"\n<p>Le secteur du b\u00e2timent est l&rsquo;un des piliers de l&rsquo;\u00e9conomie mondiale. Il englobe une vaste gamme d&rsquo;activit\u00e9s, allant de la construction et de la r\u00e9novation de b\u00e2timents r\u00e9sidentiels et commerciaux \u00e0 l&rsquo;ing\u00e9nierie civile et l&rsquo;urbanisme. Ce secteur en plein essor attire chaque ann\u00e9e de nombreux entrepreneurs, souvent int\u00e9ress\u00e9s par l\u2019<a href=\"https:\/\/www.dometvie.fr\/franchise\/franchises-les-plus-rentables\/\">ouverture d\u2019une franchise<\/a> dans le b\u00e2timent. \u00c0 travers les enjeux de r\u00e9novation \u00e9nerg\u00e9tique ou d\u2019adaptation des logements aux besoins des seniors, c\u2019est un secteur qui offre des opportunit\u00e9s d\u2019investissement int\u00e9ressantes, \u00e0 condition de choisir la bonne franchise. Voici ce qu\u2019il faut savoir \u00e0 ce sujet.<\/p>\n\n\n\n<h2 class=\"wp-block-heading\">En quoi consiste une franchise dans le b\u00e2timent ?<\/h2>\n\n\n\n<p>La franchise est un mod\u00e8le d\u2019entreprise qui permet d\u2019exercer une activit\u00e9 en portant le nom d\u2019une marque existante, et en appliquant son mod\u00e8le op\u00e9rationnel. En \u00e9change de ces services, le franchis\u00e9 doit s&rsquo;acquitter de diff\u00e9rents frais, des frais initiaux ainsi qu\u2019une redevance, souvent calcul\u00e9e sur le chiffre d\u2019affaires de l\u2019entreprise. Cet accord permet aux entrepreneurs d&rsquo;acc\u00e9der \u00e0 un march\u00e9 en pleine croissance et de se concentrer sur la gestion de leur activit\u00e9, tout en respectant les normes de qualit\u00e9 et de s\u00e9curit\u00e9 de la franchise.<\/p>\n\n\n\n<p class=\"has-white-color has-text-color has-background has-link-color wp-elements-b0f056c213775a8fc348fb6f9599dce8\" style=\"background-color:#088b99\">Actuellement, le secteur du b\u00e2timent conna\u00eet une croissance soutenue aliment\u00e9e par divers facteurs tels que l&rsquo;urbanisation croissante, la demande de logements et d&rsquo;infrastructures modernes, ainsi que les projets de r\u00e9novation et d&rsquo;am\u00e9lioration de l&rsquo;efficacit\u00e9 \u00e9nerg\u00e9tique. Une croissance qui pousse de nombreux entrepreneurs \u00e0 s\u2019int\u00e9resser aux opportunit\u00e9s d\u2019ouverture de franchise dans ce secteur.<\/p>\n\n\n\n<p>C\u2019est \u00e9galement un secteur qui englobe de nombreux m\u00e9tiers, et qui permet \u00e0 des franchises de tout type de se d\u00e9velopper. On retrouve par exemple des franchises qui se sp\u00e9cialisent dans la r\u00e9novation et dans la transformation de l\u2019habitat, des franchises qui proposent des services sp\u00e9cialis\u00e9s dans la conception et l\u2019installation de cuisines, de fen\u00eatres ou de portes, ou encore des franchises qui orientent leurs services vers la r\u00e9novation \u00e9nerg\u00e9tique des b\u00e2timents.<\/p>\n\n\n\n<h2 class=\"wp-block-heading\">Comment ouvrir une franchise dans le b\u00e2timent ?<\/h2>\n\n\n\n<p>L\u2019ouverture d\u2019une franchise implique diff\u00e9rentes \u00e9tapes cl\u00e9s, n\u00e9cessaires pour assurer le succ\u00e8s de votre nouvelle entreprise. Il n\u2019est pas toujours simple de savoir par quoi commencer, surtout si vous n\u2019\u00eates pas familier avec l\u2019ouverture d\u2019une franchise, dans un secteur aussi porteur que concurrentiel. Voici les \u00e9tapes que vous devrez suivre :<\/p>\n\n\n\n<ol class=\"wp-block-list\">\n<li><strong>Recherche et choix de la franchise :<\/strong> Commencez par \u00e9tudier les opportunit\u00e9s de franchise dans le secteur du b\u00e2timent et s\u00e9lectionnez celles qui correspondent \u00e0 vos int\u00e9r\u00eats, \u00e0 vos comp\u00e9tences et \u00e0 vos objectifs. Comparez les diff\u00e9rentes franchises en termes de notori\u00e9t\u00e9, de soutien, de co\u00fbts d&rsquo;entr\u00e9e et de potentiel de croissance. Une fois que vous avez identifi\u00e9 une franchise qui vous int\u00e9resse, examinez attentivement son mod\u00e8le \u00e9conomique et sa r\u00e9putation.<\/li>\n\n\n\n<li><strong>Rencontre avec le franchiseur :<\/strong> Contactez le franchiseur pour en apprendre davantage sur cette opportunit\u00e9. Si le contact est fluide, vous pourrez discuter des d\u00e9tails du contrat de franchise, des attentes du franchiseur et des engagements que vous devrez respecter en tant que franchis\u00e9.<\/li>\n\n\n\n<li><strong>Examen du contrat de franchise :<\/strong> Vous avez re\u00e7u votre contrat de franchise ? Examinez-le attentivement et consultez si besoin un sp\u00e9cialiste des contrats de franchise pour vous assurer de comprendre l\u2019ensemble des termes et conditions du contrat.<\/li>\n\n\n\n<li><strong>Planification financi\u00e8re :<\/strong> \u00c9valuez le co\u00fbt total d&rsquo;ouverture de la franchise, et assurez-vous que vous disposez des fonds n\u00e9cessaires pour couvrir ces co\u00fbts ainsi que les d\u00e9penses impr\u00e9vues.<\/li>\n\n\n\n<li><strong>Suivi de la formation :<\/strong> La plupart des franchiseurs proposent une formation initiale qui vous permet de disposer de toutes les connaissances dont vous aurez besoin pour ouvrir votre franchise.<\/li>\n\n\n\n<li><strong>Obtention des licences et ouverture de la franchise :<\/strong> Lorsque cela est n\u00e9cessaire, attendez l\u2019obtention des licences et des permis dont vous aurez besoin, en respect des r\u00e9glementations locales, r\u00e9gionales et nationales. Une fois que tout est pr\u00eat, il ne vous reste plus qu\u2019\u00e0 lancer votre franchise !<\/li>\n<\/ol>\n\n\n\n<div class=\"wp-block-group has-background\" style=\"background-color:#fff3f9\"><div class=\"wp-block-group__inner-container is-layout-constrained wp-block-group-is-layout-constrained\">\n<h2 class=\"wp-block-heading has-text-align-center has-black-color has-text-color has-background has-link-color wp-elements-f7cbdfc1e4e1c63201f86cefdd18eaa6\" style=\"background-color:#fff3f9\"><strong>Quelles sont les meilleures franchises dans le secteur du b\u00e2timent ?<\/strong><\/h2>\n\n\n<div class=\"wp-block-image imghaut\">\n<figure class=\"aligncenter size-full is-resized\"><img decoding=\"async\" src=\"https:\/\/www.dometvie.fr\/franchise\/wp-content\/uploads\/2024\/05\/temoigne.svg\" alt=\"\" class=\"wp-image-1155\" style=\"width:100px\"\/><\/figure>\n<\/div>\n\n\n<p class=\"has-text-align-center has-black-color has-text-color has-background has-link-color wp-elements-284da91e0f2ac115bd9b82cf543e3103\" style=\"background-color:#fff3f9\">Il est difficile de citer des exemples de franchises pr\u00e9cis pour r\u00e9pondre \u00e0 cette question, \u00e9tant donn\u00e9 que le choix d\u2019une franchise d\u00e9pend tout d\u2019abord de vos pr\u00e9f\u00e9rences, de vos envies et de vos comp\u00e9tences. Toutefois, les franchises qui se d\u00e9marquent proposent toutes un accompagnement privil\u00e9gi\u00e9 \u00e0 leurs franchiseurs, et \u00e9voluent sur un concept prometteur. \u00c0 ce titre, il est possible de mentionner les entreprises sp\u00e9cialis\u00e9es dans les travaux de r\u00e9novation \u00e9nerg\u00e9tique, ou les franchises qui orientent leurs services vers des usagers aux besoins sp\u00e9cifiques, tels que les seniors. <\/p>\n\n\n\n<p class=\"has-text-align-center has-black-color has-text-color has-background has-link-color wp-elements-debb48980f519293bf47f9619fafce26\" style=\"background-color:#fff3f9\">Pour vous assurer qu\u2019une franchise est rentable, pensez \u00e0 consulter l&rsquo;avis d\u2019autres franchis\u00e9s. Vous devrez \u00e9galement v\u00e9rifier que la franchise dispose d&rsquo;un mod\u00e8le \u00e9conomique solide, bas\u00e9 sur des pratiques \u00e9prouv\u00e9es et rentables.<br><\/p>\n<\/div><\/div>\n\n\n\n<h2 class=\"wp-block-heading\">Nos conseils pour r\u00e9ussir avec une franchise dans le b\u00e2timent<\/h2>\n\n\n\n<p>Pour terminer, voici quelques conseils que vous pourrez appliquer pour favoriser la r\u00e9ussite de votre franchise dans le secteur du b\u00e2timent.<\/p>\n\n\n\n<ul class=\"wp-block-list\">\n<li><strong>Faites le choix d\u2019une franchise r\u00e9put\u00e9e :<\/strong> Faites des recherches et choisissez une franchise reconnue pour sa qualit\u00e9 et pour le soutien qu\u2019elle apporte aux franchis\u00e9s.<\/li>\n\n\n\n<li><strong>Sp\u00e9cialisez-vous dans un domaine :<\/strong> Choisissez un domaine sp\u00e9cifique du b\u00e2timent qui correspond \u00e0 vos comp\u00e9tences et \u00e0 la demande locale. Cette sp\u00e9cialisation peut vous aider \u00e0 vous d\u00e9marquer et \u00e0 attirer de nouveaux clients.<\/li>\n\n\n\n<li><strong>Restez au fait des nouvelles technologies :<\/strong> Les franchises dans le secteur du b\u00e2timent adoptent souvent les derni\u00e8res innovations et technologies disponibles pour proposer des services plus efficaces et de meilleure qualit\u00e9.<\/li>\n\n\n\n<li><strong>D\u00e9veloppez des relations de confiance :<\/strong> Les relations que vous entretenez avec vos clients, votre franchiseur et les autres acteurs de l&rsquo;industrie participent grandement \u00e0 votre succ\u00e8s sur le long terme.<\/li>\n<\/ul>\n\n\n\n<h2 class=\"wp-block-heading\">Zoom sur la franchise DOMetVIE<\/h2>\n\n\n\n<p>La franchise DOMetVIE \u00e9volue sur un march\u00e9 porteur, qui repr\u00e9sente plus de 130 milliards d\u2019euros pour la France et qui dispose d\u2019une croissance \u00e0 deux chiffres. Elle se sp\u00e9cialise dans l\u2019accompagnement des particuliers pour l\u2019adaptation du logement aux besoins des seniors et des personnes en situation de handicap. Des services subventionn\u00e9s par l\u2019\u00c9tat, pour un mod\u00e8le de franchise rentable qui compte d\u00e9j\u00e0 plus de 50 franchis\u00e9s sur le territoire fran\u00e7ais.&nbsp;<\/p>\n\n\n\n<p>Si vous souhaitez d\u00e9velopper votre entreprise au sein d\u2019un secteur rentable, et placer les relations humaines au c\u0153ur de votre activit\u00e9, la franchise DOMetVIE pourrait s\u2019av\u00e9rer \u00eatre l\u2019option id\u00e9ale.<\/p>\n\n\n\n<div class=\"wp-block-buttons is-content-justification-center is-layout-flex wp-container-core-buttons-is-layout-16018d1d wp-block-buttons-is-layout-flex\">\n<div class=\"wp-block-button\"><a class=\"wp-block-button__link wp-element-button\" href=\"https:\/\/www.dometvie.fr\/franchise\/contact\/\">Rejoignez le r\u00e9seau des franchis\u00e9s DOMetVIE  : Contactez-nous !<\/a><\/div>\n<\/div>\n\n\n\n<h3 class=\"wp-block-heading\">DOMetVIE en toute franchise <\/h3>\n\n\n\n<div class=\"wp-block-columns alignfull has-text-color has-background is-layout-flex wp-container-core-columns-is-layout-9d6595d7 wp-block-columns-is-layout-flex\" style=\"color:#000000;background-color:#ffffff\">\n<div class=\"wp-block-column is-layout-flow wp-block-column-is-layout-flow\">\n<h4 class=\"wp-block-heading has-text-align-center\" style=\"font-size:24px;line-height:1.3\"><strong><a href=\"https:\/\/www.dometvie.fr\/franchise\/quelle-franchise-ouvrir-en-2024\/\">Quelle franchise ouvrir en 2024 \u2197<\/a><\/strong><\/h4>\n<\/div>\n\n\n\n<div class=\"wp-block-column is-layout-flow wp-block-column-is-layout-flow\">\n<h4 class=\"wp-block-heading has-text-align-center\" style=\"font-size:24px;line-height:1.3\"><strong><a href=\"https:\/\/www.dometvie.fr\/franchise\/franchise-qui-marche\/\">Franchise qui marche \u2197<\/a><\/strong><\/h4>\n<\/div>\n\n\n\n<div class=\"wp-block-column is-layout-flow wp-block-column-is-layout-flow\">\n<h4 class=\"wp-block-heading has-text-align-center\" style=\"font-size:24px;line-height:1.3\"><strong><a href=\"https:\/\/www.dometvie.fr\/franchise\/franchise-services-a-la-personne\/\">Franchise services \u00e0 la personne \u2197<\/a><\/strong><\/h4>\n<\/div>\n\n\n\n<div class=\"wp-block-column is-layout-flow wp-block-column-is-layout-flow\">\n<h4 class=\"wp-block-heading has-text-align-center\" style=\"font-size:24px;line-height:1.3\"><strong><a href=\"https:\/\/www.dometvie.fr\/franchise\/franchise-senior\/\">Franchise senior \u2197<\/a><\/strong><\/h4>\n<\/div>\n<\/div>\n","protected":false},"excerpt":{"rendered":"<p>Le secteur du b\u00e2timent est l&rsquo;un des piliers de l&rsquo;\u00e9conomie mondiale. Il englobe une vaste gamme d&rsquo;activit\u00e9s, allant de la construction et de la r\u00e9novation de b\u00e2timents r\u00e9sidentiels et commerciaux [&hellip;]<\/p>\n","protected":false},"author":1,"featured_media":0,"parent":1195,"menu_order":0,"comment_status":"closed","ping_status":"closed","template":"","meta":{"footnotes":""},"class_list":["post-1223","page","type-page","status-publish","hentry"],"acf":[],"yoast_head":"<!-- This site is optimized with the Yoast SEO plugin v27.4 - https:\/\/yoast.com\/product\/yoast-seo-wordpress\/ -->\n<title>Franchise dans le b\u00e2timent : un secteur en pleine croissance - DOMetVIE<\/title>\n<meta name=\"robots\" content=\"index, follow, max-snippet:-1, max-image-preview:large, max-video-preview:-1\" \/>\n<link rel=\"canonical\" href=\"https:\/\/www.dometvie.fr\/franchise\/franchise-dans-le-batiment\/\" \/>\n<meta property=\"og:locale\" content=\"fr_FR\" \/>\n<meta property=\"og:type\" content=\"article\" \/>\n<meta property=\"og:title\" content=\"Franchise dans le b\u00e2timent : un secteur en pleine croissance - DOMetVIE\" \/>\n<meta property=\"og:description\" content=\"Le secteur du b\u00e2timent est l&rsquo;un des piliers de l&rsquo;\u00e9conomie mondiale. Il englobe une vaste gamme d&rsquo;activit\u00e9s, allant de la construction et de la r\u00e9novation de b\u00e2timents r\u00e9sidentiels et commerciaux [&hellip;]\" \/>\n<meta property=\"og:url\" content=\"https:\/\/www.dometvie.fr\/franchise\/franchise-dans-le-batiment\/\" \/>\n<meta property=\"og:site_name\" content=\"DOMetVIE\" \/>\n<meta property=\"article:modified_time\" content=\"2024-06-15T10:30:07+00:00\" \/>\n<meta property=\"og:image\" content=\"https:\/\/www.dometvie.fr\/franchise\/wp-content\/uploads\/2024\/05\/temoigne.svg\" \/>\n<meta name=\"twitter:card\" content=\"summary_large_image\" \/>\n<meta name=\"twitter:label1\" content=\"Dur\u00e9e de lecture estim\u00e9e\" \/>\n\t<meta name=\"twitter:data1\" content=\"6 minutes\" \/>\n<script type=\"application\/ld+json\" class=\"yoast-schema-graph\">{\"@context\":\"https:\\\/\\\/schema.org\",\"@graph\":[{\"@type\":\"WebPage\",\"@id\":\"https:\\\/\\\/www.dometvie.fr\\\/franchise\\\/franchise-dans-le-batiment\\\/\",\"url\":\"https:\\\/\\\/www.dometvie.fr\\\/franchise\\\/franchise-dans-le-batiment\\\/\",\"name\":\"Franchise dans le b\u00e2timent : un secteur en pleine croissance - DOMetVIE\",\"isPartOf\":{\"@id\":\"https:\\\/\\\/www.dometvie.fr\\\/franchise\\\/#website\"},\"primaryImageOfPage\":{\"@id\":\"https:\\\/\\\/www.dometvie.fr\\\/franchise\\\/franchise-dans-le-batiment\\\/#primaryimage\"},\"image\":{\"@id\":\"https:\\\/\\\/www.dometvie.fr\\\/franchise\\\/franchise-dans-le-batiment\\\/#primaryimage\"},\"thumbnailUrl\":\"https:\\\/\\\/www.dometvie.fr\\\/franchise\\\/wp-content\\\/uploads\\\/2024\\\/05\\\/temoigne.svg\",\"datePublished\":\"2024-06-03T13:29:56+00:00\",\"dateModified\":\"2024-06-15T10:30:07+00:00\",\"breadcrumb\":{\"@id\":\"https:\\\/\\\/www.dometvie.fr\\\/franchise\\\/franchise-dans-le-batiment\\\/#breadcrumb\"},\"inLanguage\":\"fr-FR\",\"potentialAction\":[{\"@type\":\"ReadAction\",\"target\":[\"https:\\\/\\\/www.dometvie.fr\\\/franchise\\\/franchise-dans-le-batiment\\\/\"]}]},{\"@type\":\"ImageObject\",\"inLanguage\":\"fr-FR\",\"@id\":\"https:\\\/\\\/www.dometvie.fr\\\/franchise\\\/franchise-dans-le-batiment\\\/#primaryimage\",\"url\":\"https:\\\/\\\/www.dometvie.fr\\\/franchise\\\/wp-content\\\/uploads\\\/2024\\\/05\\\/temoigne.svg\",\"contentUrl\":\"https:\\\/\\\/www.dometvie.fr\\\/franchise\\\/wp-content\\\/uploads\\\/2024\\\/05\\\/temoigne.svg\"},{\"@type\":\"BreadcrumbList\",\"@id\":\"https:\\\/\\\/www.dometvie.fr\\\/franchise\\\/franchise-dans-le-batiment\\\/#breadcrumb\",\"itemListElement\":[{\"@type\":\"ListItem\",\"position\":1,\"name\":\"Accueil\",\"item\":\"https:\\\/\\\/www.dometvie.fr\\\/franchise\\\/\"},{\"@type\":\"ListItem\",\"position\":2,\"name\":\"Franchise DOMetVIE : la franchise sp\u00e9cialiste de l\u2019adaptation du domicile\",\"item\":\"https:\\\/\\\/www.dometvie.fr\\\/franchise\\\/franchise-dometvie\\\/\"},{\"@type\":\"ListItem\",\"position\":3,\"name\":\"Franchises les plus rentables : secteurs et \u00e9l\u00e9ments d\u00e9terminants pour la rentabilit\u00e9 d\u2019une franchise\",\"item\":\"https:\\\/\\\/www.dometvie.fr\\\/franchise\\\/franchises-les-plus-rentables\\\/\"},{\"@type\":\"ListItem\",\"position\":4,\"name\":\"Franchise dans le b\u00e2timent : un secteur en pleine croissance\"}]},{\"@type\":\"WebSite\",\"@id\":\"https:\\\/\\\/www.dometvie.fr\\\/franchise\\\/#website\",\"url\":\"https:\\\/\\\/www.dometvie.fr\\\/franchise\\\/\",\"name\":\"DOMetVIE\",\"description\":\"Donnez du sens \u00e0 votre m\u00e9tier !\",\"potentialAction\":[{\"@type\":\"SearchAction\",\"target\":{\"@type\":\"EntryPoint\",\"urlTemplate\":\"https:\\\/\\\/www.dometvie.fr\\\/franchise\\\/?s={search_term_string}\"},\"query-input\":{\"@type\":\"PropertyValueSpecification\",\"valueRequired\":true,\"valueName\":\"search_term_string\"}}],\"inLanguage\":\"fr-FR\"}]}<\/script>\n<!-- \/ Yoast SEO plugin. -->","yoast_head_json":{"title":"Franchise dans le b\u00e2timent : un secteur en pleine croissance - DOMetVIE","robots":{"index":"index","follow":"follow","max-snippet":"max-snippet:-1","max-image-preview":"max-image-preview:large","max-video-preview":"max-video-preview:-1"},"canonical":"https:\/\/www.dometvie.fr\/franchise\/franchise-dans-le-batiment\/","og_locale":"fr_FR","og_type":"article","og_title":"Franchise dans le b\u00e2timent : un secteur en pleine croissance - DOMetVIE","og_description":"Le secteur du b\u00e2timent est l&rsquo;un des piliers de l&rsquo;\u00e9conomie mondiale. Il englobe une vaste gamme d&rsquo;activit\u00e9s, allant de la construction et de la r\u00e9novation de b\u00e2timents r\u00e9sidentiels et commerciaux [&hellip;]","og_url":"https:\/\/www.dometvie.fr\/franchise\/franchise-dans-le-batiment\/","og_site_name":"DOMetVIE","article_modified_time":"2024-06-15T10:30:07+00:00","og_image":[{"url":"https:\/\/www.dometvie.fr\/franchise\/wp-content\/uploads\/2024\/05\/temoigne.svg","type":"","width":"","height":""}],"twitter_card":"summary_large_image","twitter_misc":{"Dur\u00e9e de lecture estim\u00e9e":"6 minutes"},"schema":{"@context":"https:\/\/schema.org","@graph":[{"@type":"WebPage","@id":"https:\/\/www.dometvie.fr\/franchise\/franchise-dans-le-batiment\/","url":"https:\/\/www.dometvie.fr\/franchise\/franchise-dans-le-batiment\/","name":"Franchise dans le b\u00e2timent : un secteur en pleine croissance - DOMetVIE","isPartOf":{"@id":"https:\/\/www.dometvie.fr\/franchise\/#website"},"primaryImageOfPage":{"@id":"https:\/\/www.dometvie.fr\/franchise\/franchise-dans-le-batiment\/#primaryimage"},"image":{"@id":"https:\/\/www.dometvie.fr\/franchise\/franchise-dans-le-batiment\/#primaryimage"},"thumbnailUrl":"https:\/\/www.dometvie.fr\/franchise\/wp-content\/uploads\/2024\/05\/temoigne.svg","datePublished":"2024-06-03T13:29:56+00:00","dateModified":"2024-06-15T10:30:07+00:00","breadcrumb":{"@id":"https:\/\/www.dometvie.fr\/franchise\/franchise-dans-le-batiment\/#breadcrumb"},"inLanguage":"fr-FR","potentialAction":[{"@type":"ReadAction","target":["https:\/\/www.dometvie.fr\/franchise\/franchise-dans-le-batiment\/"]}]},{"@type":"ImageObject","inLanguage":"fr-FR","@id":"https:\/\/www.dometvie.fr\/franchise\/franchise-dans-le-batiment\/#primaryimage","url":"https:\/\/www.dometvie.fr\/franchise\/wp-content\/uploads\/2024\/05\/temoigne.svg","contentUrl":"https:\/\/www.dometvie.fr\/franchise\/wp-content\/uploads\/2024\/05\/temoigne.svg"},{"@type":"BreadcrumbList","@id":"https:\/\/www.dometvie.fr\/franchise\/franchise-dans-le-batiment\/#breadcrumb","itemListElement":[{"@type":"ListItem","position":1,"name":"Accueil","item":"https:\/\/www.dometvie.fr\/franchise\/"},{"@type":"ListItem","position":2,"name":"Franchise DOMetVIE : la franchise sp\u00e9cialiste de l\u2019adaptation du domicile","item":"https:\/\/www.dometvie.fr\/franchise\/franchise-dometvie\/"},{"@type":"ListItem","position":3,"name":"Franchises les plus rentables : secteurs et \u00e9l\u00e9ments d\u00e9terminants pour la rentabilit\u00e9 d\u2019une franchise","item":"https:\/\/www.dometvie.fr\/franchise\/franchises-les-plus-rentables\/"},{"@type":"ListItem","position":4,"name":"Franchise dans le b\u00e2timent : un secteur en pleine croissance"}]},{"@type":"WebSite","@id":"https:\/\/www.dometvie.fr\/franchise\/#website","url":"https:\/\/www.dometvie.fr\/franchise\/","name":"DOMetVIE","description":"Donnez du sens \u00e0 votre m\u00e9tier !","potentialAction":[{"@type":"SearchAction","target":{"@type":"EntryPoint","urlTemplate":"https:\/\/www.dometvie.fr\/franchise\/?s={search_term_string}"},"query-input":{"@type":"PropertyValueSpecification","valueRequired":true,"valueName":"search_term_string"}}],"inLanguage":"fr-FR"}]}},"_links":{"self":[{"href":"https:\/\/www.dometvie.fr\/franchise\/wp-json\/wp\/v2\/pages\/1223","targetHints":{"allow":["GET"]}}],"collection":[{"href":"https:\/\/www.dometvie.fr\/franchise\/wp-json\/wp\/v2\/pages"}],"about":[{"href":"https:\/\/www.dometvie.fr\/franchise\/wp-json\/wp\/v2\/types\/page"}],"author":[{"embeddable":true,"href":"https:\/\/www.dometvie.fr\/franchise\/wp-json\/wp\/v2\/users\/1"}],"replies":[{"embeddable":true,"href":"https:\/\/www.dometvie.fr\/franchise\/wp-json\/wp\/v2\/comments?post=1223"}],"version-history":[{"count":4,"href":"https:\/\/www.dometvie.fr\/franchise\/wp-json\/wp\/v2\/pages\/1223\/revisions"}],"predecessor-version":[{"id":1396,"href":"https:\/\/www.dometvie.fr\/franchise\/wp-json\/wp\/v2\/pages\/1223\/revisions\/1396"}],"up":[{"embeddable":true,"href":"https:\/\/www.dometvie.fr\/franchise\/wp-json\/wp\/v2\/pages\/1195"}],"wp:attachment":[{"href":"https:\/\/www.dometvie.fr\/franchise\/wp-json\/wp\/v2\/media?parent=1223"}],"curies":[{"name":"wp","href":"https:\/\/api.w.org\/{rel}","templated":true}]}}