{"id":1225,"date":"2024-06-03T15:30:15","date_gmt":"2024-06-03T13:30:15","guid":{"rendered":"https:\/\/www.dometvie.fr\/franchise\/?page_id=1225"},"modified":"2024-06-15T12:30:51","modified_gmt":"2024-06-15T10:30:51","slug":"franchise-senior","status":"publish","type":"page","link":"https:\/\/www.dometvie.fr\/franchise\/franchise-senior\/","title":{"rendered":"Franchise senior : tout savoir sur ce secteur en pleine expansion"},"content":{"rendered":"\n<p>Depuis quelques ann\u00e9es, le vieillissement croissant de la population et l&rsquo;augmentation de l&rsquo;esp\u00e9rance de vie sont des ph\u00e9nom\u00e8nes qui transforment de mani\u00e8re profonde les march\u00e9s. Les fran\u00e7ais cherchent \u00e0 profiter d\u2019un maximum de confort, ils souhaitent investir dans leur sant\u00e9, profiter d\u2019un maximum d\u2019activit\u00e9s, et pr\u00e9parer leur fin de vie avec s\u00e9r\u00e9nit\u00e9, privil\u00e9giant lorsque cela est possible le maintien \u00e0 domicile.<\/p>\n\n\n\n<p>Avec l&rsquo;accroissement du nombre de personnes \u00e2g\u00e9es, les besoins sp\u00e9cifiques des seniors prennent une place de plus en plus importante dans l\u2019\u00e9conomie. Cela pousse de nombreuses personnes \u00e0 <a href=\"https:\/\/www.dometvie.fr\/franchise\/franchises-les-plus-rentables\/\">se lancer dans la Silver \u00c9conomie<\/a>, proposant des services de tout type, parfois disponibles sous forme de franchise. Quelles sont ces franchises qui orientent leur activit\u00e9 vers les services d\u00e9di\u00e9s aux seniors ? Explorons ce secteur en croissance ainsi que toutes les informations \u00e0 conna\u00eetre au sujet de l\u2019ouverture d\u2019une franchise senior.<\/p>\n\n\n\n<h2 class=\"wp-block-heading\">Franchise senior, un march\u00e9 qui a de l\u2019avenir<\/h2>\n\n\n\n<p>Les franchises ciblant les seniors sont des entreprises qui proposent des services sp\u00e9cifiquement adapt\u00e9s aux besoins des personnes \u00e2g\u00e9es. Ces activit\u00e9s peuvent comprendre des services de soins \u00e0 domicile, d&rsquo;assistance personnelle, de loisirs, de transport, d&rsquo;aide \u00e0 domicile, d\u2019adaptation du logement, et bien d&rsquo;autres encore.<\/p>\n\n\n\n<p>Ce march\u00e9 porteur repr\u00e9sente actuellement plus de 130 milliards d\u2019euros, et dispose d\u2019une croissance \u00e0 deux chiffres. Comment expliquer un tel attrait ? En France, un tiers de la population devrait avoir plus de 60 ans en 2030, les seniors sont donc un public particuli\u00e8rement repr\u00e9sent\u00e9 dans la soci\u00e9t\u00e9 actuelle et \u00e0 venir. De plus, 54 % des d\u00e9penses sont r\u00e9alis\u00e9es par les seniors, ce qui ouvre la porte \u00e0 de nombreuses opportunit\u00e9s de cr\u00e9ation de services adapt\u00e9s \u00e0 ce march\u00e9.&nbsp;<\/p>\n\n\n\n<h3 class=\"wp-block-heading\">Exemple de franchise senior Dometvie Lille<\/h3>\n\n\n\n<figure class=\"wp-block-embed is-type-video is-provider-youtube wp-block-embed-youtube wp-embed-aspect-16-9 wp-has-aspect-ratio\"><div class=\"wp-block-embed__wrapper\">\n<iframe loading=\"lazy\" title=\"Le fl\u00e9au des chutes de seniors \u00e0 domicile en France, quelle r\u00e9alit\u00e9, quelles cons\u00e9quences ?\" width=\"500\" height=\"281\" src=\"https:\/\/www.youtube.com\/embed\/J61CuCUvf5A?feature=oembed\" frameborder=\"0\" allow=\"accelerometer; autoplay; clipboard-write; encrypted-media; gyroscope; picture-in-picture; web-share\" referrerpolicy=\"strict-origin-when-cross-origin\" allowfullscreen><\/iframe>\n<\/div><\/figure>\n\n\n\n<h2 class=\"wp-block-heading\">Les atouts du secteur des franchises d\u00e9di\u00e9es aux seniors<\/h2>\n\n\n\n<p>Ainsi, le secteur des franchises proposant leurs services aux seniors pr\u00e9sente de nombreux atouts pour les personnes qui souhaitent se lancer dans l\u2019entreprenariat :<\/p>\n\n\n\n<ul class=\"wp-block-list\">\n<li><strong>Un march\u00e9 en croissance :<\/strong> Vous l\u2019aurez compris, avec le vieillissement de la population, la demande pour les services adapt\u00e9s aux seniors est en constante augmentation.<\/li>\n\n\n\n<li><strong>Une stabilit\u00e9 \u00e9conomique :<\/strong> Les seniors ont souvent un pouvoir d&rsquo;achat plus stable que les jeunes g\u00e9n\u00e9rations. Ils sont pr\u00eats \u00e0 investir dans des services de qualit\u00e9, qui am\u00e9liorent leur qualit\u00e9 de vie.<\/li>\n\n\n\n<li><strong>Fid\u00e9lit\u00e9 de la client\u00e8le :<\/strong> De mani\u00e8re g\u00e9n\u00e9rale, les seniors ont tendance \u00e0 rester fid\u00e8les aux entreprises qui proposent des services de qualit\u00e9 et qui disposent d\u2019un service client\u00e8le personnalis\u00e9, \u00e0 l\u2019\u00e9coute de leurs besoins.<\/li>\n\n\n\n<li><strong>Une aventure humaine et utile :<\/strong> Cibler son activit\u00e9 sur les besoins des seniors permet d\u2019am\u00e9liorer la qualit\u00e9 de vie des personnes \u00e2g\u00e9es. Les franchises qui \u00e9voluent dans ce secteur aident les seniors \u00e0 conserver leur autonomie.<\/li>\n<\/ul>\n\n\n\n<h2 class=\"wp-block-heading\">Quels sont les types de services propos\u00e9s aux seniors ?<\/h2>\n\n\n\n<p>Du fait que ce march\u00e9 soit en d\u00e9veloppement constant, de nombreux concepts d\u2019entreprises ont vu le jour ces derni\u00e8res ann\u00e9es. Elles proposent des services de tout type, pens\u00e9s pour r\u00e9pondre aux besoins sp\u00e9cifiques des seniors, parmi les exemples suivants :<\/p>\n\n\n\n<ul class=\"wp-block-list\">\n<li><strong>Des soins disponibles \u00e0 domicile :<\/strong> Les franchises peuvent proposer des services qui permettent aux seniors de rester chez eux tout en recevant les soins dont ils ont besoin, \u00e0 travers des services d&rsquo;assistance m\u00e9dicale, de soins infirmiers et d&rsquo;aide \u00e0 la mobilit\u00e9 \u00e0 domicile.<\/li>\n\n\n\n<li><strong>Des services pour am\u00e9liorer le bien-\u00eatre des seniors :<\/strong> Les franchises sp\u00e9cialis\u00e9es dans ce domaine centrent leur offre sur des services adapt\u00e9s aux seniors, notamment \u00e0 travers la physioth\u00e9rapie et l&rsquo;ergoth\u00e9rapie.<\/li>\n\n\n\n<li><strong>Aide \u00e0 domicile :<\/strong> Il existe aussi des franchises sp\u00e9cialistes des services d&rsquo;aide \u00e0 domicile, comme des services d&rsquo;aide m\u00e9nag\u00e8re ou de pr\u00e9paration des repas.<\/li>\n\n\n\n<li><strong>Services de transport :<\/strong> Les seniors peuvent b\u00e9n\u00e9ficier de services de transport pour se rendre \u00e0 leurs rendez-vous m\u00e9dicaux ou pour effectuer des d\u00e9placements essentiels.<\/li>\n\n\n\n<li><strong>Loisirs et activit\u00e9s d\u00e9di\u00e9s aux seniors :<\/strong> Autre exemple, certaines franchises proposent des activit\u00e9s de loisirs adapt\u00e9es aux seniors, telles que des clubs de lecture, des activit\u00e9s culturelles, et m\u00eame des voyages.<\/li>\n<\/ul>\n\n\n\n<h2 class=\"wp-block-heading\">Comment ouvrir une franchise ciblant le march\u00e9 des seniors<\/h2>\n\n\n\n<p>S\u2019il s\u2019agit d\u2019un march\u00e9 qui vous int\u00e9resse, et que l\u2019aventure de l\u2019entreprenariat ne vous fait pas peur, ouvrir une franchise senior peut s\u2019av\u00e9rer tr\u00e8s int\u00e9ressant et enrichissant, tant d\u2019un point de vue humain qu\u2019en ce qui concerne les possibilit\u00e9s de rentabilit\u00e9 de ce projet. Pour ouvrir une franchise ciblant les seniors, voici les \u00e9tapes \u00e0 suivre :<\/p>\n\n\n\n<ol class=\"wp-block-list\">\n<li><strong>\u00c9tude de march\u00e9 :<\/strong> Commencez par analyser la demande locale et identifiez les besoins sp\u00e9cifiques de la population \u00e2g\u00e9e dans votre r\u00e9gion.<\/li>\n\n\n\n<li><strong>S\u00e9lectionner la bonne franchise :<\/strong> Ciblez une franchise r\u00e9put\u00e9e dans le secteur des services pour seniors. V\u00e9rifiez que le mod\u00e8le commercial est \u00e9prouv\u00e9 et qu&rsquo;il r\u00e9pond \u00e0 vos attentes.<\/li>\n\n\n\n<li><strong>\u00c9valuer les co\u00fbts :<\/strong> \u00c9valuez l\u2019ensemble des co\u00fbts associ\u00e9s \u00e0 l\u2019ouverture de la franchise et assurez-vous que l&rsquo;investissement est viable \u00e0 long terme.<\/li>\n\n\n\n<li><strong>Profitez de la formation et de l\u2019accompagnement du franchiseur :<\/strong> Il s\u2019agit souvent d\u2019un soutien essentiel \u00e0 la r\u00e9ussite de votre entreprise.<\/li>\n\n\n\n<li><strong>Mise en conformit\u00e9 :<\/strong> Respectez les lois et les r\u00e9glementations locales concernant les services propos\u00e9s aux seniors.<\/li>\n<\/ol>\n\n\n\n<div class=\"wp-block-group has-black-color has-text-color has-background has-link-color wp-elements-d565c5b4a0c17e95c94f112b7fd751c1\" style=\"background-color:#fff3f9\"><div class=\"wp-block-group__inner-container is-layout-constrained wp-block-group-is-layout-constrained\">\n<div class=\"wp-block-group\"><div class=\"wp-block-group__inner-container is-layout-constrained wp-block-group-is-layout-constrained\">\n<div class=\"wp-block-group\"><div class=\"wp-block-group__inner-container is-layout-constrained wp-block-group-is-layout-constrained\">\n<h2 class=\"wp-block-heading has-text-align-center has-black-color has-text-color has-background has-link-color wp-elements-dd03615615575b7a748ae8ac3274e60e\" style=\"background-color:#fff3f9\"><strong>Franchise senior : laquelle choisir ? <\/strong><\/h2>\n\n\n<div class=\"wp-block-image imghaut\">\n<figure class=\"aligncenter size-full is-resized\"><img decoding=\"async\" src=\"https:\/\/www.dometvie.fr\/franchise\/wp-content\/uploads\/2024\/05\/temoigne.svg\" alt=\"\" class=\"wp-image-1155\" style=\"width:100px\"\/><\/figure>\n<\/div>\n\n\n<p class=\"has-text-align-center has-black-color has-text-color has-background has-link-color wp-elements-c246757f8854421a377bbffb2cc3d0ce\" style=\"background-color:#fff3f9\">Il existe de nombreuses franchises senior, et pour faire votre choix, vous devrez tout d\u2019abord vous centrer sur vos comp\u00e9tences. De pr\u00e9f\u00e9rence, dirigez-vous vers une franchise qui s\u2019aligne avec vos passions et vos valeurs. Un point essentiel pour rester motiv\u00e9 tout au long de votre activit\u00e9, et proposer un service de qualit\u00e9. Vous devrez \u00e9galement consid\u00e9rer les frais demand\u00e9s par le franchiseur pour l\u2019exploitation de sa franchise, ainsi que les co\u00fbts d\u2019exploitation dont vous devrez vous acquitter. Enfin, examinez la demande locale pour le service cibl\u00e9 afin d&rsquo;assurer une ad\u00e9quation avec les besoins des seniors votre communaut\u00e9.<br><\/p>\n<\/div><\/div>\n<\/div><\/div>\n<\/div><\/div>\n\n\n\n<h2 class=\"wp-block-heading\">L\u2019expertise de la franchise DOMetVIE<\/h2>\n\n\n\n<p>La franchise DOMetVIE fait partie des experts de ce domaine. Forte de son exp\u00e9rience, elle aide les seniors \u00e0 toutes les \u00e9tapes de l\u2019adaptation de leur logement, favorisant ainsi le maintien \u00e0 domicile, le souhait de 90 % des fran\u00e7ais pour leur fin de vie. DOMetVIE se distingue par son approche centr\u00e9e sur l&rsquo;humain, et par ses services de qualit\u00e9, personnalis\u00e9s pour convenir aux besoins de chaque personne \u00e0 mobilit\u00e9 r\u00e9duite. \u00c9voluant dans un secteur en forte croissance, la franchise DOMetVIE propose un soutien complet pour guider ses franchis\u00e9s vers la r\u00e9ussite, tout en veillant au bien-\u00eatre de ses clients.<\/p>\n\n\n\n<div class=\"wp-block-buttons is-content-justification-center is-layout-flex wp-container-core-buttons-is-layout-16018d1d wp-block-buttons-is-layout-flex\">\n<div class=\"wp-block-button\"><a class=\"wp-block-button__link wp-element-button\" href=\"https:\/\/www.dometvie.fr\/franchise\/contact\/\">Contactez-nous pour ouvrir une franchise DOMetVIE<\/a><\/div>\n<\/div>\n\n\n\n<h3 class=\"wp-block-heading\">DOMetVIE en toute franchise <\/h3>\n\n\n\n<div class=\"wp-block-columns alignfull has-text-color has-background is-layout-flex wp-container-core-columns-is-layout-9d6595d7 wp-block-columns-is-layout-flex\" style=\"color:#000000;background-color:#ffffff\">\n<div class=\"wp-block-column is-layout-flow wp-block-column-is-layout-flow\">\n<h4 class=\"wp-block-heading has-text-align-center\" style=\"font-size:24px;line-height:1.3\"><strong><a href=\"https:\/\/www.dometvie.fr\/franchise\/quelle-franchise-ouvrir-en-2024\/\">Quelle franchise ouvrir en 2024 \u2197<\/a><\/strong><\/h4>\n<\/div>\n\n\n\n<div class=\"wp-block-column is-layout-flow wp-block-column-is-layout-flow\">\n<h4 class=\"wp-block-heading has-text-align-center\" style=\"font-size:24px;line-height:1.3\"><strong><a href=\"https:\/\/www.dometvie.fr\/franchise\/franchise-qui-marche\/\">Franchise qui marche \u2197<\/a><\/strong><\/h4>\n<\/div>\n\n\n\n<div class=\"wp-block-column is-layout-flow wp-block-column-is-layout-flow\">\n<h4 class=\"wp-block-heading has-text-align-center\" style=\"font-size:24px;line-height:1.3\"><strong><a href=\"https:\/\/www.dometvie.fr\/franchise\/franchise-services-a-la-personne\/\">Franchise services \u00e0 la personne \u2197<\/a><\/strong><\/h4>\n<\/div>\n\n\n\n<div class=\"wp-block-column is-layout-flow wp-block-column-is-layout-flow\">\n<h4 class=\"wp-block-heading has-text-align-center\" style=\"font-size:24px;line-height:1.3\"><strong><a href=\"https:\/\/www.dometvie.fr\/franchise\/franchise-dans-le-batiment\/\">Franchise dans le b\u00e2timent \u2197<\/a><\/strong><\/h4>\n<\/div>\n<\/div>\n","protected":false},"excerpt":{"rendered":"<p>Depuis quelques ann\u00e9es, le vieillissement croissant de la population et l&rsquo;augmentation de l&rsquo;esp\u00e9rance de vie sont des ph\u00e9nom\u00e8nes qui transforment de mani\u00e8re profonde les march\u00e9s. Les fran\u00e7ais cherchent \u00e0 profiter [&hellip;]<\/p>\n","protected":false},"author":1,"featured_media":0,"parent":1195,"menu_order":0,"comment_status":"closed","ping_status":"closed","template":"","meta":{"footnotes":""},"class_list":["post-1225","page","type-page","status-publish","hentry"],"acf":[],"yoast_head":"<!-- This site is optimized with the Yoast SEO plugin v27.4 - https:\/\/yoast.com\/product\/yoast-seo-wordpress\/ -->\n<title>Franchise senior : tout savoir sur ce secteur en pleine expansion - DOMetVIE<\/title>\n<meta name=\"robots\" content=\"index, follow, max-snippet:-1, max-image-preview:large, max-video-preview:-1\" \/>\n<link rel=\"canonical\" href=\"https:\/\/www.dometvie.fr\/franchise\/franchise-senior\/\" \/>\n<meta property=\"og:locale\" content=\"fr_FR\" \/>\n<meta property=\"og:type\" content=\"article\" \/>\n<meta property=\"og:title\" content=\"Franchise senior : tout savoir sur ce secteur en pleine expansion - DOMetVIE\" \/>\n<meta property=\"og:description\" content=\"Depuis quelques ann\u00e9es, le vieillissement croissant de la population et l&rsquo;augmentation de l&rsquo;esp\u00e9rance de vie sont des ph\u00e9nom\u00e8nes qui transforment de mani\u00e8re profonde les march\u00e9s. Les fran\u00e7ais cherchent \u00e0 profiter [&hellip;]\" \/>\n<meta property=\"og:url\" content=\"https:\/\/www.dometvie.fr\/franchise\/franchise-senior\/\" \/>\n<meta property=\"og:site_name\" content=\"DOMetVIE\" \/>\n<meta property=\"article:modified_time\" content=\"2024-06-15T10:30:51+00:00\" \/>\n<meta property=\"og:image\" content=\"https:\/\/www.dometvie.fr\/franchise\/wp-content\/uploads\/2024\/05\/temoigne.svg\" \/>\n<meta name=\"twitter:card\" content=\"summary_large_image\" \/>\n<meta name=\"twitter:label1\" content=\"Dur\u00e9e de lecture estim\u00e9e\" \/>\n\t<meta name=\"twitter:data1\" content=\"6 minutes\" \/>\n<script type=\"application\/ld+json\" class=\"yoast-schema-graph\">{\"@context\":\"https:\\\/\\\/schema.org\",\"@graph\":[{\"@type\":\"WebPage\",\"@id\":\"https:\\\/\\\/www.dometvie.fr\\\/franchise\\\/franchise-senior\\\/\",\"url\":\"https:\\\/\\\/www.dometvie.fr\\\/franchise\\\/franchise-senior\\\/\",\"name\":\"Franchise senior : tout savoir sur ce secteur en pleine expansion - DOMetVIE\",\"isPartOf\":{\"@id\":\"https:\\\/\\\/www.dometvie.fr\\\/franchise\\\/#website\"},\"primaryImageOfPage\":{\"@id\":\"https:\\\/\\\/www.dometvie.fr\\\/franchise\\\/franchise-senior\\\/#primaryimage\"},\"image\":{\"@id\":\"https:\\\/\\\/www.dometvie.fr\\\/franchise\\\/franchise-senior\\\/#primaryimage\"},\"thumbnailUrl\":\"https:\\\/\\\/www.dometvie.fr\\\/franchise\\\/wp-content\\\/uploads\\\/2024\\\/05\\\/temoigne.svg\",\"datePublished\":\"2024-06-03T13:30:15+00:00\",\"dateModified\":\"2024-06-15T10:30:51+00:00\",\"breadcrumb\":{\"@id\":\"https:\\\/\\\/www.dometvie.fr\\\/franchise\\\/franchise-senior\\\/#breadcrumb\"},\"inLanguage\":\"fr-FR\",\"potentialAction\":[{\"@type\":\"ReadAction\",\"target\":[\"https:\\\/\\\/www.dometvie.fr\\\/franchise\\\/franchise-senior\\\/\"]}]},{\"@type\":\"ImageObject\",\"inLanguage\":\"fr-FR\",\"@id\":\"https:\\\/\\\/www.dometvie.fr\\\/franchise\\\/franchise-senior\\\/#primaryimage\",\"url\":\"https:\\\/\\\/www.dometvie.fr\\\/franchise\\\/wp-content\\\/uploads\\\/2024\\\/05\\\/temoigne.svg\",\"contentUrl\":\"https:\\\/\\\/www.dometvie.fr\\\/franchise\\\/wp-content\\\/uploads\\\/2024\\\/05\\\/temoigne.svg\"},{\"@type\":\"BreadcrumbList\",\"@id\":\"https:\\\/\\\/www.dometvie.fr\\\/franchise\\\/franchise-senior\\\/#breadcrumb\",\"itemListElement\":[{\"@type\":\"ListItem\",\"position\":1,\"name\":\"Accueil\",\"item\":\"https:\\\/\\\/www.dometvie.fr\\\/franchise\\\/\"},{\"@type\":\"ListItem\",\"position\":2,\"name\":\"Franchise DOMetVIE : la franchise sp\u00e9cialiste de l\u2019adaptation du domicile\",\"item\":\"https:\\\/\\\/www.dometvie.fr\\\/franchise\\\/franchise-dometvie\\\/\"},{\"@type\":\"ListItem\",\"position\":3,\"name\":\"Franchises les plus rentables : secteurs et \u00e9l\u00e9ments d\u00e9terminants pour la rentabilit\u00e9 d\u2019une franchise\",\"item\":\"https:\\\/\\\/www.dometvie.fr\\\/franchise\\\/franchises-les-plus-rentables\\\/\"},{\"@type\":\"ListItem\",\"position\":4,\"name\":\"Franchise senior : tout savoir sur ce secteur en pleine expansion\"}]},{\"@type\":\"WebSite\",\"@id\":\"https:\\\/\\\/www.dometvie.fr\\\/franchise\\\/#website\",\"url\":\"https:\\\/\\\/www.dometvie.fr\\\/franchise\\\/\",\"name\":\"DOMetVIE\",\"description\":\"Donnez du sens \u00e0 votre m\u00e9tier !\",\"potentialAction\":[{\"@type\":\"SearchAction\",\"target\":{\"@type\":\"EntryPoint\",\"urlTemplate\":\"https:\\\/\\\/www.dometvie.fr\\\/franchise\\\/?s={search_term_string}\"},\"query-input\":{\"@type\":\"PropertyValueSpecification\",\"valueRequired\":true,\"valueName\":\"search_term_string\"}}],\"inLanguage\":\"fr-FR\"}]}<\/script>\n<!-- \/ Yoast SEO plugin. -->","yoast_head_json":{"title":"Franchise senior : tout savoir sur ce secteur en pleine expansion - DOMetVIE","robots":{"index":"index","follow":"follow","max-snippet":"max-snippet:-1","max-image-preview":"max-image-preview:large","max-video-preview":"max-video-preview:-1"},"canonical":"https:\/\/www.dometvie.fr\/franchise\/franchise-senior\/","og_locale":"fr_FR","og_type":"article","og_title":"Franchise senior : tout savoir sur ce secteur en pleine expansion - DOMetVIE","og_description":"Depuis quelques ann\u00e9es, le vieillissement croissant de la population et l&rsquo;augmentation de l&rsquo;esp\u00e9rance de vie sont des ph\u00e9nom\u00e8nes qui transforment de mani\u00e8re profonde les march\u00e9s. Les fran\u00e7ais cherchent \u00e0 profiter [&hellip;]","og_url":"https:\/\/www.dometvie.fr\/franchise\/franchise-senior\/","og_site_name":"DOMetVIE","article_modified_time":"2024-06-15T10:30:51+00:00","og_image":[{"url":"https:\/\/www.dometvie.fr\/franchise\/wp-content\/uploads\/2024\/05\/temoigne.svg","type":"","width":"","height":""}],"twitter_card":"summary_large_image","twitter_misc":{"Dur\u00e9e de lecture estim\u00e9e":"6 minutes"},"schema":{"@context":"https:\/\/schema.org","@graph":[{"@type":"WebPage","@id":"https:\/\/www.dometvie.fr\/franchise\/franchise-senior\/","url":"https:\/\/www.dometvie.fr\/franchise\/franchise-senior\/","name":"Franchise senior : tout savoir sur ce secteur en pleine expansion - DOMetVIE","isPartOf":{"@id":"https:\/\/www.dometvie.fr\/franchise\/#website"},"primaryImageOfPage":{"@id":"https:\/\/www.dometvie.fr\/franchise\/franchise-senior\/#primaryimage"},"image":{"@id":"https:\/\/www.dometvie.fr\/franchise\/franchise-senior\/#primaryimage"},"thumbnailUrl":"https:\/\/www.dometvie.fr\/franchise\/wp-content\/uploads\/2024\/05\/temoigne.svg","datePublished":"2024-06-03T13:30:15+00:00","dateModified":"2024-06-15T10:30:51+00:00","breadcrumb":{"@id":"https:\/\/www.dometvie.fr\/franchise\/franchise-senior\/#breadcrumb"},"inLanguage":"fr-FR","potentialAction":[{"@type":"ReadAction","target":["https:\/\/www.dometvie.fr\/franchise\/franchise-senior\/"]}]},{"@type":"ImageObject","inLanguage":"fr-FR","@id":"https:\/\/www.dometvie.fr\/franchise\/franchise-senior\/#primaryimage","url":"https:\/\/www.dometvie.fr\/franchise\/wp-content\/uploads\/2024\/05\/temoigne.svg","contentUrl":"https:\/\/www.dometvie.fr\/franchise\/wp-content\/uploads\/2024\/05\/temoigne.svg"},{"@type":"BreadcrumbList","@id":"https:\/\/www.dometvie.fr\/franchise\/franchise-senior\/#breadcrumb","itemListElement":[{"@type":"ListItem","position":1,"name":"Accueil","item":"https:\/\/www.dometvie.fr\/franchise\/"},{"@type":"ListItem","position":2,"name":"Franchise DOMetVIE : la franchise sp\u00e9cialiste de l\u2019adaptation du domicile","item":"https:\/\/www.dometvie.fr\/franchise\/franchise-dometvie\/"},{"@type":"ListItem","position":3,"name":"Franchises les plus rentables : secteurs et \u00e9l\u00e9ments d\u00e9terminants pour la rentabilit\u00e9 d\u2019une franchise","item":"https:\/\/www.dometvie.fr\/franchise\/franchises-les-plus-rentables\/"},{"@type":"ListItem","position":4,"name":"Franchise senior : tout savoir sur ce secteur en pleine expansion"}]},{"@type":"WebSite","@id":"https:\/\/www.dometvie.fr\/franchise\/#website","url":"https:\/\/www.dometvie.fr\/franchise\/","name":"DOMetVIE","description":"Donnez du sens \u00e0 votre m\u00e9tier !","potentialAction":[{"@type":"SearchAction","target":{"@type":"EntryPoint","urlTemplate":"https:\/\/www.dometvie.fr\/franchise\/?s={search_term_string}"},"query-input":{"@type":"PropertyValueSpecification","valueRequired":true,"valueName":"search_term_string"}}],"inLanguage":"fr-FR"}]}},"_links":{"self":[{"href":"https:\/\/www.dometvie.fr\/franchise\/wp-json\/wp\/v2\/pages\/1225","targetHints":{"allow":["GET"]}}],"collection":[{"href":"https:\/\/www.dometvie.fr\/franchise\/wp-json\/wp\/v2\/pages"}],"about":[{"href":"https:\/\/www.dometvie.fr\/franchise\/wp-json\/wp\/v2\/types\/page"}],"author":[{"embeddable":true,"href":"https:\/\/www.dometvie.fr\/franchise\/wp-json\/wp\/v2\/users\/1"}],"replies":[{"embeddable":true,"href":"https:\/\/www.dometvie.fr\/franchise\/wp-json\/wp\/v2\/comments?post=1225"}],"version-history":[{"count":40,"href":"https:\/\/www.dometvie.fr\/franchise\/wp-json\/wp\/v2\/pages\/1225\/revisions"}],"predecessor-version":[{"id":1378,"href":"https:\/\/www.dometvie.fr\/franchise\/wp-json\/wp\/v2\/pages\/1225\/revisions\/1378"}],"up":[{"embeddable":true,"href":"https:\/\/www.dometvie.fr\/franchise\/wp-json\/wp\/v2\/pages\/1195"}],"wp:attachment":[{"href":"https:\/\/www.dometvie.fr\/franchise\/wp-json\/wp\/v2\/media?parent=1225"}],"curies":[{"name":"wp","href":"https:\/\/api.w.org\/{rel}","templated":true}]}}