{"id":1915,"date":"2025-12-29T15:29:40","date_gmt":"2025-12-29T14:29:40","guid":{"rendered":"https:\/\/www.dometvie.fr\/franchise\/?page_id=1915"},"modified":"2026-01-05T13:03:04","modified_gmt":"2026-01-05T12:03:04","slug":"vis-ma-vie-de-franchise","status":"publish","type":"page","link":"https:\/\/www.dometvie.fr\/franchise\/vis-ma-vie-de-franchise\/","title":{"rendered":"Vis ma vie de\u00a0franchis\u00e9\u00a0DOMetVIE"},"content":{"rendered":"\n<p class=\"has-text-color has-link-color wp-elements-aeb284144956357615f4b68152f2d087\" style=\"color:#088b99\"><strong>Vous souhaitez vous immerger dans une journ\u00e9e compl\u00e8te dans la vie de Rudy et Guillaume, franchis\u00e9s DOMetVIE Seine Eure ?<\/strong><\/p>\n\n\n\n<p>Pour d\u00e9couvrir cette immersion exclusive et mieux comprendre la r\u00e9alit\u00e9 du m\u00e9tier de franchis\u00e9 DOMetVIE, il vous suffit de compl\u00e9ter le formulaire ci-dessous.<\/p>\n\n\n\n<div class=\"video-preview\">\n\n  <img decoding=\"async\" \n    src=\"https:\/\/img.youtube.com\/vi\/vb7ZenOmF2Y\/maxresdefault.jpg\" \n    alt=\"Vis ma vie de franchis\u00e9 DOMetVIE\"\n  >\n\n  <div class=\"video-overlay\">\n  <\/div>\n\n<div class=\"video-lock\">\n  Acc\u00e9dez \u00e0 une immersion exclusive dans le quotidien de franchis\u00e9s DOMetVIE\n<\/div>\n\n<\/div>\n\n\n\n<script>\ndocument.querySelector('.video-preview')?.addEventListener('click', function () {\n  document.querySelector('.form-franchise')?.scrollIntoView({ \n    behavior: 'smooth', \n    block: 'center' \n  });\n});\n<\/script>\n\n\n\n<div class=\"wp-block-contact-form-7-contact-form-selector\">\n<div class=\"wpcf7 no-js\" id=\"wpcf7-f1919-o1\" lang=\"fr-FR\" dir=\"ltr\" data-wpcf7-id=\"1919\">\n<div class=\"screen-reader-response\"><p role=\"status\" aria-live=\"polite\" aria-atomic=\"true\"><\/p> <ul><\/ul><\/div>\n<form action=\"\/franchise\/wp-json\/wp\/v2\/pages\/1915#wpcf7-f1919-o1\" method=\"post\" class=\"wpcf7-form init form-franchise\" aria-label=\"Formulaire de contact\" novalidate=\"novalidate\" data-status=\"init\">\n<fieldset class=\"hidden-fields-container\"><input type=\"hidden\" name=\"_wpcf7\" value=\"1919\" \/><input type=\"hidden\" name=\"_wpcf7_version\" value=\"6.1.5\" \/><input type=\"hidden\" name=\"_wpcf7_locale\" value=\"fr_FR\" \/><input type=\"hidden\" name=\"_wpcf7_unit_tag\" value=\"wpcf7-f1919-o1\" \/><input type=\"hidden\" name=\"_wpcf7_container_post\" value=\"0\" \/><input type=\"hidden\" name=\"_wpcf7_posted_data_hash\" value=\"\" \/><input type=\"hidden\" name=\"_wpcf7_recaptcha_response\" value=\"\" \/>\n<\/fieldset>\n<div class=\"form-franchise\">\n\t<p><label>Pr\u00e9nom*<br \/>\n<span class=\"wpcf7-form-control-wrap\" data-name=\"prenom\"><input size=\"40\" maxlength=\"400\" class=\"wpcf7-form-control wpcf7-text wpcf7-validates-as-required\" aria-required=\"true\" aria-invalid=\"false\" placeholder=\"Votre pr\u00e9nom\" value=\"\" type=\"text\" name=\"prenom\" \/><\/span><br \/>\n<\/label>\n\t<\/p>\n\t<p><label>Nom*<br \/>\n<span class=\"wpcf7-form-control-wrap\" data-name=\"nom\"><input size=\"40\" maxlength=\"400\" class=\"wpcf7-form-control wpcf7-text wpcf7-validates-as-required\" aria-required=\"true\" aria-invalid=\"false\" placeholder=\"Votre nom\" value=\"\" type=\"text\" name=\"nom\" \/><\/span><br \/>\n<\/label>\n\t<\/p>\n\t<p><label>Email*<br \/>\n<span class=\"wpcf7-form-control-wrap\" data-name=\"email\"><input size=\"40\" maxlength=\"400\" class=\"wpcf7-form-control wpcf7-email wpcf7-validates-as-required wpcf7-text wpcf7-validates-as-email\" aria-required=\"true\" aria-invalid=\"false\" placeholder=\"Votre email\" value=\"\" type=\"email\" name=\"email\" \/><\/span><br \/>\n<\/label>\n\t<\/p>\n\t<p><label>T\u00e9l\u00e9phone*<br \/>\n<span class=\"wpcf7-form-control-wrap\" data-name=\"telephone\"><input size=\"40\" maxlength=\"400\" class=\"wpcf7-form-control wpcf7-tel wpcf7-validates-as-required wpcf7-text wpcf7-validates-as-tel\" aria-required=\"true\" aria-invalid=\"false\" placeholder=\"Votre t\u00e9l\u00e9phone\" value=\"\" type=\"tel\" name=\"telephone\" \/><\/span><br \/>\n<\/label>\n\t<\/p>\n\t<p style=\"font-size:13px;color:#555;margin:10px 0;\"><br \/>\nVos informations restent confidentielles et ne sont utilis\u00e9es que dans le cadre de votre demande.\n\t<\/p>\n\t<p><input class=\"wpcf7-form-control wpcf7-submit has-spinner btn-dometvie\" type=\"submit\" value=\"Acc\u00e9der \u00e0 la vid\u00e9o\" \/>\n\t<\/p>\n<\/div><p style=\"display: none !important;\" class=\"akismet-fields-container\" data-prefix=\"_wpcf7_ak_\"><label>&#916;<textarea name=\"_wpcf7_ak_hp_textarea\" cols=\"45\" rows=\"8\" maxlength=\"100\"><\/textarea><\/label><input type=\"hidden\" id=\"ak_js_1\" name=\"_wpcf7_ak_js\" value=\"22\"\/><script>document.getElementById( \"ak_js_1\" ).setAttribute( \"value\", ( new Date() ).getTime() );<\/script><\/p><div class=\"wpcf7-response-output\" aria-hidden=\"true\"><\/div>\n<\/form>\n<\/div>\n<\/div>\n\n\n\n<div id=\"video-franchise\" style=\"display:none; margin-top:40px;\">\n\n  <h2>\ud83c\udfa5 Immersion : Une journ\u00e9e avec Rudy et Guillaume, franchis\u00e9s DOMetVIE Seine-Eure<\/h2>\n\n  <div style=\"position:relative;padding-bottom:56.25%;height:0;overflow:hidden;\">\n    <iframe \n      src=\"https:\/\/www.youtube.com\/embed\/vb7ZenOmF2Y\" \n      frameborder=\"0\" \n      allowfullscreen\n      style=\"position:absolute;top:0;left:0;width:100%;height:100%;\">\n    <\/iframe>\n  <\/div>\n\n<\/div>\n\n\n\n<script>\ndocument.addEventListener('wpcf7mailsent', function () {\n\n  var video = document.getElementById('video-franchise');\n  var form = document.querySelector('.wpcf7');\n\n  if (video) video.style.display = 'block';\n  if (form) form.style.display = 'none';\n\n});\n<\/script>\n\n\n\n<p><\/p>\n\n\n\n<p>Devenir franchis\u00e9 DOMetVIE, ce n\u2019est pas seulement rejoindre un r\u00e9seau reconnu dans l\u2019am\u00e9nagement du domicile et l\u2019accessibilit\u00e9.<br>C\u2019est avant tout <strong>un quotidien terrain<\/strong>, des clients, des projets concrets, une organisation \u00e0 trouver\u2026 et une vraie aventure humaine.<\/p>\n\n\n\n<p>Pour vous permettre de vous projeter <strong>de fa\u00e7on authentique<\/strong>, nous avons choisi de vous ouvrir les portes du quotidien de deux franchis\u00e9s DOMetVIE en activit\u00e9.<\/p>\n\n\n\n<div class=\"wp-block-columns marge-colonne-vismavie is-layout-flex wp-container-core-columns-is-layout-9d6595d7 wp-block-columns-is-layout-flex\">\n<div class=\"wp-block-column is-layout-flow wp-block-column-is-layout-flow\">\n<h2 class=\"wp-block-heading\">Une immersion r\u00e9elle dans le quotidien de franchis\u00e9s DOMetVIE<\/h2>\n\n\n\n<p>Dans cette vid\u00e9o exclusive, vous allez partager <strong>une journ\u00e9e compl\u00e8te aux c\u00f4t\u00e9s de Rudy et Guillaume<\/strong>, franchis\u00e9s DOMetVIE Seine-Eure.<\/p>\n\n\n\n<h3 class=\"wp-block-heading\">Au programme :<\/h3>\n\n\n\n<ul class=\"wp-block-list\">\n<li>organisation de la journ\u00e9e<\/li>\n\n\n\n<li>rendez-vous clients<\/li>\n\n\n\n<li>gestion des projets d\u2019adaptation du logement<\/li>\n\n\n\n<li>\u00e9changes avec le r\u00e9seau<\/li>\n\n\n\n<li>r\u00e9alit\u00e9 du m\u00e9tier, sans filtre<\/li>\n<\/ul>\n\n\n\n<h3 class=\"wp-block-heading marge-titre-vis-mavie\">Si vous vous interrogez sur :<\/h3>\n\n\n\n<ul class=\"wp-block-list\">\n<li>le m\u00e9tier de franchis\u00e9 DOMetVIE<\/li>\n\n\n\n<li>le rythme de travail r\u00e9el<\/li>\n\n\n\n<li>l\u2019accompagnement du r\u00e9seau<\/li>\n\n\n\n<li>la place de l\u2019humain dans le mod\u00e8le<\/li>\n\n\n\n<li>la compatibilit\u00e9 avec votre projet de reconversion ou d\u2019\u00e9volution professionnelle<\/li>\n<\/ul>\n\n\n\n<p><strong>alors cette immersion est faite pour vous.<\/strong><\/p>\n<\/div>\n<\/div>\n\n\n\n<p><\/p>\n\n\n\n<p><strong>Vous souhaitez aller plus loin et \u00e9changer sur votre propre projet de franchise DOMetVIE ?<br><\/strong>Nos \u00e9quipes sont disponibles pour <a href=\"https:\/\/www.dometvie.fr\/franchise\/contact\/\"><strong>r\u00e9pondre \u00e0 vos questions<\/strong><\/a> et vous accompagner dans votre r\u00e9flexion.<\/p>\n","protected":false},"excerpt":{"rendered":"<p>Vous souhaitez vous immerger dans une journ\u00e9e compl\u00e8te dans la vie de Rudy et Guillaume, franchis\u00e9s DOMetVIE Seine Eure ? Pour d\u00e9couvrir cette immersion exclusive et mieux comprendre la r\u00e9alit\u00e9 [&hellip;]<\/p>\n","protected":false},"author":1,"featured_media":0,"parent":0,"menu_order":0,"comment_status":"closed","ping_status":"closed","template":"","meta":{"footnotes":""},"class_list":["post-1915","page","type-page","status-publish","hentry"],"acf":[],"yoast_head":"<!-- This site is optimized with the Yoast SEO plugin v27.4 - https:\/\/yoast.com\/product\/yoast-seo-wordpress\/ -->\n<title>Vis ma vie de franchis\u00e9 DOMetVIE - Immersion avec nos pros \ud83c\udfa5<\/title>\n<meta name=\"description\" content=\"D\u00e9couvrez une journ\u00e9e compl\u00e8te avec deux franchis\u00e9s DOMetVIE. Immersion vid\u00e9o exclusive pour comprendre le m\u00e9tier et la r\u00e9alit\u00e9 du terrain.\" \/>\n<meta name=\"robots\" content=\"index, follow, max-snippet:-1, max-image-preview:large, max-video-preview:-1\" \/>\n<link rel=\"canonical\" href=\"https:\/\/www.dometvie.fr\/franchise\/vis-ma-vie-de-franchise\/\" \/>\n<meta property=\"og:locale\" content=\"fr_FR\" \/>\n<meta property=\"og:type\" content=\"article\" \/>\n<meta property=\"og:title\" content=\"Vis ma vie de franchis\u00e9 DOMetVIE - Immersion avec nos pros \ud83c\udfa5\" \/>\n<meta property=\"og:description\" content=\"D\u00e9couvrez une journ\u00e9e compl\u00e8te avec deux franchis\u00e9s DOMetVIE. Immersion vid\u00e9o exclusive pour comprendre le m\u00e9tier et la r\u00e9alit\u00e9 du terrain.\" \/>\n<meta property=\"og:url\" content=\"https:\/\/www.dometvie.fr\/franchise\/vis-ma-vie-de-franchise\/\" \/>\n<meta property=\"og:site_name\" content=\"DOMetVIE\" \/>\n<meta property=\"article:modified_time\" content=\"2026-01-05T12:03:04+00:00\" \/>\n<meta property=\"og:image\" content=\"https:\/\/img.youtube.com\/vi\/vb7ZenOmF2Y\/maxresdefault.jpg\" \/>\n<meta name=\"twitter:card\" content=\"summary_large_image\" \/>\n<meta name=\"twitter:label1\" content=\"Dur\u00e9e de lecture estim\u00e9e\" \/>\n\t<meta name=\"twitter:data1\" content=\"2 minutes\" \/>\n<script type=\"application\/ld+json\" class=\"yoast-schema-graph\">{\"@context\":\"https:\\\/\\\/schema.org\",\"@graph\":[{\"@type\":\"WebPage\",\"@id\":\"https:\\\/\\\/www.dometvie.fr\\\/franchise\\\/vis-ma-vie-de-franchise\\\/\",\"url\":\"https:\\\/\\\/www.dometvie.fr\\\/franchise\\\/vis-ma-vie-de-franchise\\\/\",\"name\":\"Vis ma vie de franchis\u00e9 DOMetVIE - Immersion avec nos pros \ud83c\udfa5\",\"isPartOf\":{\"@id\":\"https:\\\/\\\/www.dometvie.fr\\\/franchise\\\/#website\"},\"primaryImageOfPage\":{\"@id\":\"https:\\\/\\\/www.dometvie.fr\\\/franchise\\\/vis-ma-vie-de-franchise\\\/#primaryimage\"},\"image\":{\"@id\":\"https:\\\/\\\/www.dometvie.fr\\\/franchise\\\/vis-ma-vie-de-franchise\\\/#primaryimage\"},\"thumbnailUrl\":\"https:\\\/\\\/img.youtube.com\\\/vi\\\/vb7ZenOmF2Y\\\/maxresdefault.jpg\",\"datePublished\":\"2025-12-29T14:29:40+00:00\",\"dateModified\":\"2026-01-05T12:03:04+00:00\",\"description\":\"D\u00e9couvrez une journ\u00e9e compl\u00e8te avec deux franchis\u00e9s DOMetVIE. Immersion vid\u00e9o exclusive pour comprendre le m\u00e9tier et la r\u00e9alit\u00e9 du terrain.\",\"breadcrumb\":{\"@id\":\"https:\\\/\\\/www.dometvie.fr\\\/franchise\\\/vis-ma-vie-de-franchise\\\/#breadcrumb\"},\"inLanguage\":\"fr-FR\",\"potentialAction\":[{\"@type\":\"ReadAction\",\"target\":[\"https:\\\/\\\/www.dometvie.fr\\\/franchise\\\/vis-ma-vie-de-franchise\\\/\"]}]},{\"@type\":\"ImageObject\",\"inLanguage\":\"fr-FR\",\"@id\":\"https:\\\/\\\/www.dometvie.fr\\\/franchise\\\/vis-ma-vie-de-franchise\\\/#primaryimage\",\"url\":\"https:\\\/\\\/img.youtube.com\\\/vi\\\/vb7ZenOmF2Y\\\/maxresdefault.jpg\",\"contentUrl\":\"https:\\\/\\\/img.youtube.com\\\/vi\\\/vb7ZenOmF2Y\\\/maxresdefault.jpg\"},{\"@type\":\"BreadcrumbList\",\"@id\":\"https:\\\/\\\/www.dometvie.fr\\\/franchise\\\/vis-ma-vie-de-franchise\\\/#breadcrumb\",\"itemListElement\":[{\"@type\":\"ListItem\",\"position\":1,\"name\":\"Accueil\",\"item\":\"https:\\\/\\\/www.dometvie.fr\\\/franchise\\\/\"},{\"@type\":\"ListItem\",\"position\":2,\"name\":\"Vis ma vie de\u00a0franchis\u00e9\u00a0DOMetVIE\"}]},{\"@type\":\"WebSite\",\"@id\":\"https:\\\/\\\/www.dometvie.fr\\\/franchise\\\/#website\",\"url\":\"https:\\\/\\\/www.dometvie.fr\\\/franchise\\\/\",\"name\":\"DOMetVIE\",\"description\":\"Donnez du sens \u00e0 votre m\u00e9tier !\",\"potentialAction\":[{\"@type\":\"SearchAction\",\"target\":{\"@type\":\"EntryPoint\",\"urlTemplate\":\"https:\\\/\\\/www.dometvie.fr\\\/franchise\\\/?s={search_term_string}\"},\"query-input\":{\"@type\":\"PropertyValueSpecification\",\"valueRequired\":true,\"valueName\":\"search_term_string\"}}],\"inLanguage\":\"fr-FR\"}]}<\/script>\n<!-- \/ Yoast SEO plugin. -->","yoast_head_json":{"title":"Vis ma vie de franchis\u00e9 DOMetVIE - Immersion avec nos pros \ud83c\udfa5","description":"D\u00e9couvrez une journ\u00e9e compl\u00e8te avec deux franchis\u00e9s DOMetVIE. Immersion vid\u00e9o exclusive pour comprendre le m\u00e9tier et la r\u00e9alit\u00e9 du terrain.","robots":{"index":"index","follow":"follow","max-snippet":"max-snippet:-1","max-image-preview":"max-image-preview:large","max-video-preview":"max-video-preview:-1"},"canonical":"https:\/\/www.dometvie.fr\/franchise\/vis-ma-vie-de-franchise\/","og_locale":"fr_FR","og_type":"article","og_title":"Vis ma vie de franchis\u00e9 DOMetVIE - Immersion avec nos pros \ud83c\udfa5","og_description":"D\u00e9couvrez une journ\u00e9e compl\u00e8te avec deux franchis\u00e9s DOMetVIE. Immersion vid\u00e9o exclusive pour comprendre le m\u00e9tier et la r\u00e9alit\u00e9 du terrain.","og_url":"https:\/\/www.dometvie.fr\/franchise\/vis-ma-vie-de-franchise\/","og_site_name":"DOMetVIE","article_modified_time":"2026-01-05T12:03:04+00:00","og_image":[{"url":"https:\/\/img.youtube.com\/vi\/vb7ZenOmF2Y\/maxresdefault.jpg","type":"","width":"","height":""}],"twitter_card":"summary_large_image","twitter_misc":{"Dur\u00e9e de lecture estim\u00e9e":"2 minutes"},"schema":{"@context":"https:\/\/schema.org","@graph":[{"@type":"WebPage","@id":"https:\/\/www.dometvie.fr\/franchise\/vis-ma-vie-de-franchise\/","url":"https:\/\/www.dometvie.fr\/franchise\/vis-ma-vie-de-franchise\/","name":"Vis ma vie de franchis\u00e9 DOMetVIE - Immersion avec nos pros \ud83c\udfa5","isPartOf":{"@id":"https:\/\/www.dometvie.fr\/franchise\/#website"},"primaryImageOfPage":{"@id":"https:\/\/www.dometvie.fr\/franchise\/vis-ma-vie-de-franchise\/#primaryimage"},"image":{"@id":"https:\/\/www.dometvie.fr\/franchise\/vis-ma-vie-de-franchise\/#primaryimage"},"thumbnailUrl":"https:\/\/img.youtube.com\/vi\/vb7ZenOmF2Y\/maxresdefault.jpg","datePublished":"2025-12-29T14:29:40+00:00","dateModified":"2026-01-05T12:03:04+00:00","description":"D\u00e9couvrez une journ\u00e9e compl\u00e8te avec deux franchis\u00e9s DOMetVIE. Immersion vid\u00e9o exclusive pour comprendre le m\u00e9tier et la r\u00e9alit\u00e9 du terrain.","breadcrumb":{"@id":"https:\/\/www.dometvie.fr\/franchise\/vis-ma-vie-de-franchise\/#breadcrumb"},"inLanguage":"fr-FR","potentialAction":[{"@type":"ReadAction","target":["https:\/\/www.dometvie.fr\/franchise\/vis-ma-vie-de-franchise\/"]}]},{"@type":"ImageObject","inLanguage":"fr-FR","@id":"https:\/\/www.dometvie.fr\/franchise\/vis-ma-vie-de-franchise\/#primaryimage","url":"https:\/\/img.youtube.com\/vi\/vb7ZenOmF2Y\/maxresdefault.jpg","contentUrl":"https:\/\/img.youtube.com\/vi\/vb7ZenOmF2Y\/maxresdefault.jpg"},{"@type":"BreadcrumbList","@id":"https:\/\/www.dometvie.fr\/franchise\/vis-ma-vie-de-franchise\/#breadcrumb","itemListElement":[{"@type":"ListItem","position":1,"name":"Accueil","item":"https:\/\/www.dometvie.fr\/franchise\/"},{"@type":"ListItem","position":2,"name":"Vis ma vie de\u00a0franchis\u00e9\u00a0DOMetVIE"}]},{"@type":"WebSite","@id":"https:\/\/www.dometvie.fr\/franchise\/#website","url":"https:\/\/www.dometvie.fr\/franchise\/","name":"DOMetVIE","description":"Donnez du sens \u00e0 votre m\u00e9tier !","potentialAction":[{"@type":"SearchAction","target":{"@type":"EntryPoint","urlTemplate":"https:\/\/www.dometvie.fr\/franchise\/?s={search_term_string}"},"query-input":{"@type":"PropertyValueSpecification","valueRequired":true,"valueName":"search_term_string"}}],"inLanguage":"fr-FR"}]}},"_links":{"self":[{"href":"https:\/\/www.dometvie.fr\/franchise\/wp-json\/wp\/v2\/pages\/1915","targetHints":{"allow":["GET"]}}],"collection":[{"href":"https:\/\/www.dometvie.fr\/franchise\/wp-json\/wp\/v2\/pages"}],"about":[{"href":"https:\/\/www.dometvie.fr\/franchise\/wp-json\/wp\/v2\/types\/page"}],"author":[{"embeddable":true,"href":"https:\/\/www.dometvie.fr\/franchise\/wp-json\/wp\/v2\/users\/1"}],"replies":[{"embeddable":true,"href":"https:\/\/www.dometvie.fr\/franchise\/wp-json\/wp\/v2\/comments?post=1915"}],"version-history":[{"count":43,"href":"https:\/\/www.dometvie.fr\/franchise\/wp-json\/wp\/v2\/pages\/1915\/revisions"}],"predecessor-version":[{"id":2011,"href":"https:\/\/www.dometvie.fr\/franchise\/wp-json\/wp\/v2\/pages\/1915\/revisions\/2011"}],"wp:attachment":[{"href":"https:\/\/www.dometvie.fr\/franchise\/wp-json\/wp\/v2\/media?parent=1915"}],"curies":[{"name":"wp","href":"https:\/\/api.w.org\/{rel}","templated":true}]}}