{"id":215,"date":"2023-02-16T09:53:22","date_gmt":"2023-02-16T08:53:22","guid":{"rendered":"http:\/\/localhost\/dom-et-vie-btob\/?page_id=215"},"modified":"2026-04-21T16:41:10","modified_gmt":"2026-04-21T14:41:10","slug":"nos-implantations","status":"publish","type":"page","link":"https:\/\/www.dometvie.fr\/franchise\/la-franchise-dometvie\/nos-implantations\/","title":{"rendered":"Nos implantations"},"content":{"rendered":"\n<div class=\"wp-block-columns is-layout-flex wp-container-core-columns-is-layout-9d6595d7 wp-block-columns-is-layout-flex\">\n<div class=\"wp-block-column is-layout-flow wp-block-column-is-layout-flow\" style=\"flex-basis:35%\">\n<figure class=\"wp-block-image size-full is-resized\"><img decoding=\"async\" src=\"https:\/\/www.dometvie.fr\/franchise\/wp-content\/uploads\/2024\/01\/france-1.svg\" alt=\"\" class=\"wp-image-896\" style=\"width:288px;height:auto\"\/><\/figure>\n<\/div>\n\n\n\n<div class=\"wp-block-column is-layout-flow wp-block-column-is-layout-flow\" style=\"flex-basis:5%\"><\/div>\n\n\n\n<div class=\"wp-block-column is-layout-flow wp-block-column-is-layout-flow\" style=\"flex-basis:60%\">\n<h3 class=\"wp-block-heading\">DOMetVIE est implant\u00e9 partout en France<\/h3>\n\n\n\n<h4 class=\"wp-block-heading\">D\u00e9couvrez les opportunit\u00e9s d&rsquo;implantations en France.<\/h4>\n\n\n\n<p>Avec plus de 80 agences, DOMetVIE est implant\u00e9 sur l&rsquo;ensemble du territoire mais offre encore un grand nombre d&rsquo;opportunit\u00e9s partout en France.<\/p>\n\n\n\n<div class=\"wp-block-buttons is-layout-flex wp-block-buttons-is-layout-flex\">\n<div class=\"wp-block-button\"><a class=\"wp-block-button__link wp-element-button\" href=\"https:\/\/www.dometvie.fr\/franchise\/contact\/\">Je d\u00e9couvre<\/a><\/div>\n<\/div>\n<\/div>\n<\/div>\n","protected":false},"excerpt":{"rendered":"<p>DOMetVIE est implant\u00e9 partout en France D\u00e9couvrez les opportunit\u00e9s d&rsquo;implantations en France. Avec plus de 80 agences, DOMetVIE est implant\u00e9 sur l&rsquo;ensemble du territoire mais offre encore un grand nombre [&hellip;]<\/p>\n","protected":false},"author":1,"featured_media":0,"parent":156,"menu_order":0,"comment_status":"closed","ping_status":"closed","template":"","meta":{"footnotes":""},"class_list":["post-215","page","type-page","status-publish","hentry"],"acf":[],"yoast_head":"<!-- This site is optimized with the Yoast SEO plugin v27.4 - https:\/\/yoast.com\/product\/yoast-seo-wordpress\/ -->\n<title>Les agences DOM et VIE en France DOMetVIE<\/title>\n<meta name=\"description\" content=\"En 2023, DOM et VIE c&#039;est plus de 60 agences implant\u00e9es en France pour \u00eatre au plus proche de nos clients.\" \/>\n<meta name=\"robots\" content=\"index, follow, max-snippet:-1, max-image-preview:large, max-video-preview:-1\" \/>\n<link rel=\"canonical\" href=\"https:\/\/www.dometvie.fr\/franchise\/la-franchise-dometvie\/nos-implantations\/\" \/>\n<meta property=\"og:locale\" content=\"fr_FR\" \/>\n<meta property=\"og:type\" content=\"article\" \/>\n<meta property=\"og:title\" content=\"Les agences DOM et VIE en France DOMetVIE\" \/>\n<meta property=\"og:description\" content=\"En 2023, DOM et VIE c&#039;est plus de 60 agences implant\u00e9es en France pour \u00eatre au plus proche de nos clients.\" \/>\n<meta property=\"og:url\" content=\"https:\/\/www.dometvie.fr\/franchise\/la-franchise-dometvie\/nos-implantations\/\" \/>\n<meta property=\"og:site_name\" content=\"DOMetVIE\" \/>\n<meta property=\"article:modified_time\" content=\"2026-04-21T14:41:10+00:00\" \/>\n<meta name=\"twitter:card\" content=\"summary_large_image\" \/>\n<meta name=\"twitter:label1\" content=\"Dur\u00e9e de lecture estim\u00e9e\" \/>\n\t<meta name=\"twitter:data1\" content=\"1 minute\" \/>\n<script type=\"application\/ld+json\" class=\"yoast-schema-graph\">{\"@context\":\"https:\\\/\\\/schema.org\",\"@graph\":[{\"@type\":\"WebPage\",\"@id\":\"https:\\\/\\\/www.dometvie.fr\\\/franchise\\\/la-franchise-dometvie\\\/nos-implantations\\\/\",\"url\":\"https:\\\/\\\/www.dometvie.fr\\\/franchise\\\/la-franchise-dometvie\\\/nos-implantations\\\/\",\"name\":\"Les agences DOM et VIE en France DOMetVIE\",\"isPartOf\":{\"@id\":\"https:\\\/\\\/www.dometvie.fr\\\/franchise\\\/#website\"},\"primaryImageOfPage\":{\"@id\":\"https:\\\/\\\/www.dometvie.fr\\\/franchise\\\/la-franchise-dometvie\\\/nos-implantations\\\/#primaryimage\"},\"image\":{\"@id\":\"https:\\\/\\\/www.dometvie.fr\\\/franchise\\\/la-franchise-dometvie\\\/nos-implantations\\\/#primaryimage\"},\"thumbnailUrl\":\"https:\\\/\\\/www.dometvie.fr\\\/franchise\\\/wp-content\\\/uploads\\\/2024\\\/01\\\/france-1.svg\",\"datePublished\":\"2023-02-16T08:53:22+00:00\",\"dateModified\":\"2026-04-21T14:41:10+00:00\",\"description\":\"En 2023, DOM et VIE c'est plus de 60 agences implant\u00e9es en France pour \u00eatre au plus proche de nos clients.\",\"breadcrumb\":{\"@id\":\"https:\\\/\\\/www.dometvie.fr\\\/franchise\\\/la-franchise-dometvie\\\/nos-implantations\\\/#breadcrumb\"},\"inLanguage\":\"fr-FR\",\"potentialAction\":[{\"@type\":\"ReadAction\",\"target\":[\"https:\\\/\\\/www.dometvie.fr\\\/franchise\\\/la-franchise-dometvie\\\/nos-implantations\\\/\"]}]},{\"@type\":\"ImageObject\",\"inLanguage\":\"fr-FR\",\"@id\":\"https:\\\/\\\/www.dometvie.fr\\\/franchise\\\/la-franchise-dometvie\\\/nos-implantations\\\/#primaryimage\",\"url\":\"\",\"contentUrl\":\"\"},{\"@type\":\"BreadcrumbList\",\"@id\":\"https:\\\/\\\/www.dometvie.fr\\\/franchise\\\/la-franchise-dometvie\\\/nos-implantations\\\/#breadcrumb\",\"itemListElement\":[{\"@type\":\"ListItem\",\"position\":1,\"name\":\"Accueil\",\"item\":\"https:\\\/\\\/www.dometvie.fr\\\/franchise\\\/\"},{\"@type\":\"ListItem\",\"position\":2,\"name\":\"La franchise DOMetVIE\",\"item\":\"https:\\\/\\\/www.dometvie.fr\\\/franchise\\\/la-franchise-dometvie\\\/\"},{\"@type\":\"ListItem\",\"position\":3,\"name\":\"Nos implantations\"}]},{\"@type\":\"WebSite\",\"@id\":\"https:\\\/\\\/www.dometvie.fr\\\/franchise\\\/#website\",\"url\":\"https:\\\/\\\/www.dometvie.fr\\\/franchise\\\/\",\"name\":\"DOMetVIE\",\"description\":\"Donnez du sens \u00e0 votre m\u00e9tier !\",\"potentialAction\":[{\"@type\":\"SearchAction\",\"target\":{\"@type\":\"EntryPoint\",\"urlTemplate\":\"https:\\\/\\\/www.dometvie.fr\\\/franchise\\\/?s={search_term_string}\"},\"query-input\":{\"@type\":\"PropertyValueSpecification\",\"valueRequired\":true,\"valueName\":\"search_term_string\"}}],\"inLanguage\":\"fr-FR\"}]}<\/script>\n<!-- \/ Yoast SEO plugin. -->","yoast_head_json":{"title":"Les agences DOM et VIE en France DOMetVIE","description":"En 2023, DOM et VIE c'est plus de 60 agences implant\u00e9es en France pour \u00eatre au plus proche de nos clients.","robots":{"index":"index","follow":"follow","max-snippet":"max-snippet:-1","max-image-preview":"max-image-preview:large","max-video-preview":"max-video-preview:-1"},"canonical":"https:\/\/www.dometvie.fr\/franchise\/la-franchise-dometvie\/nos-implantations\/","og_locale":"fr_FR","og_type":"article","og_title":"Les agences DOM et VIE en France DOMetVIE","og_description":"En 2023, DOM et VIE c'est plus de 60 agences implant\u00e9es en France pour \u00eatre au plus proche de nos clients.","og_url":"https:\/\/www.dometvie.fr\/franchise\/la-franchise-dometvie\/nos-implantations\/","og_site_name":"DOMetVIE","article_modified_time":"2026-04-21T14:41:10+00:00","twitter_card":"summary_large_image","twitter_misc":{"Dur\u00e9e de lecture estim\u00e9e":"1 minute"},"schema":{"@context":"https:\/\/schema.org","@graph":[{"@type":"WebPage","@id":"https:\/\/www.dometvie.fr\/franchise\/la-franchise-dometvie\/nos-implantations\/","url":"https:\/\/www.dometvie.fr\/franchise\/la-franchise-dometvie\/nos-implantations\/","name":"Les agences DOM et VIE en France DOMetVIE","isPartOf":{"@id":"https:\/\/www.dometvie.fr\/franchise\/#website"},"primaryImageOfPage":{"@id":"https:\/\/www.dometvie.fr\/franchise\/la-franchise-dometvie\/nos-implantations\/#primaryimage"},"image":{"@id":"https:\/\/www.dometvie.fr\/franchise\/la-franchise-dometvie\/nos-implantations\/#primaryimage"},"thumbnailUrl":"https:\/\/www.dometvie.fr\/franchise\/wp-content\/uploads\/2024\/01\/france-1.svg","datePublished":"2023-02-16T08:53:22+00:00","dateModified":"2026-04-21T14:41:10+00:00","description":"En 2023, DOM et VIE c'est plus de 60 agences implant\u00e9es en France pour \u00eatre au plus proche de nos clients.","breadcrumb":{"@id":"https:\/\/www.dometvie.fr\/franchise\/la-franchise-dometvie\/nos-implantations\/#breadcrumb"},"inLanguage":"fr-FR","potentialAction":[{"@type":"ReadAction","target":["https:\/\/www.dometvie.fr\/franchise\/la-franchise-dometvie\/nos-implantations\/"]}]},{"@type":"ImageObject","inLanguage":"fr-FR","@id":"https:\/\/www.dometvie.fr\/franchise\/la-franchise-dometvie\/nos-implantations\/#primaryimage","url":"","contentUrl":""},{"@type":"BreadcrumbList","@id":"https:\/\/www.dometvie.fr\/franchise\/la-franchise-dometvie\/nos-implantations\/#breadcrumb","itemListElement":[{"@type":"ListItem","position":1,"name":"Accueil","item":"https:\/\/www.dometvie.fr\/franchise\/"},{"@type":"ListItem","position":2,"name":"La franchise DOMetVIE","item":"https:\/\/www.dometvie.fr\/franchise\/la-franchise-dometvie\/"},{"@type":"ListItem","position":3,"name":"Nos implantations"}]},{"@type":"WebSite","@id":"https:\/\/www.dometvie.fr\/franchise\/#website","url":"https:\/\/www.dometvie.fr\/franchise\/","name":"DOMetVIE","description":"Donnez du sens \u00e0 votre m\u00e9tier !","potentialAction":[{"@type":"SearchAction","target":{"@type":"EntryPoint","urlTemplate":"https:\/\/www.dometvie.fr\/franchise\/?s={search_term_string}"},"query-input":{"@type":"PropertyValueSpecification","valueRequired":true,"valueName":"search_term_string"}}],"inLanguage":"fr-FR"}]}},"_links":{"self":[{"href":"https:\/\/www.dometvie.fr\/franchise\/wp-json\/wp\/v2\/pages\/215","targetHints":{"allow":["GET"]}}],"collection":[{"href":"https:\/\/www.dometvie.fr\/franchise\/wp-json\/wp\/v2\/pages"}],"about":[{"href":"https:\/\/www.dometvie.fr\/franchise\/wp-json\/wp\/v2\/types\/page"}],"author":[{"embeddable":true,"href":"https:\/\/www.dometvie.fr\/franchise\/wp-json\/wp\/v2\/users\/1"}],"replies":[{"embeddable":true,"href":"https:\/\/www.dometvie.fr\/franchise\/wp-json\/wp\/v2\/comments?post=215"}],"version-history":[{"count":3,"href":"https:\/\/www.dometvie.fr\/franchise\/wp-json\/wp\/v2\/pages\/215\/revisions"}],"predecessor-version":[{"id":2139,"href":"https:\/\/www.dometvie.fr\/franchise\/wp-json\/wp\/v2\/pages\/215\/revisions\/2139"}],"up":[{"embeddable":true,"href":"https:\/\/www.dometvie.fr\/franchise\/wp-json\/wp\/v2\/pages\/156"}],"wp:attachment":[{"href":"https:\/\/www.dometvie.fr\/franchise\/wp-json\/wp\/v2\/media?parent=215"}],"curies":[{"name":"wp","href":"https:\/\/api.w.org\/{rel}","templated":true}]}}