{"id":280,"date":"2023-02-20T09:03:43","date_gmt":"2023-02-20T08:03:43","guid":{"rendered":"http:\/\/localhost\/dom-et-vie-btob\/?page_id=280"},"modified":"2026-01-08T10:31:14","modified_gmt":"2026-01-08T09:31:14","slug":"nos-valeurs","status":"publish","type":"page","link":"https:\/\/www.dometvie.fr\/franchise\/dometvie\/nos-valeurs\/","title":{"rendered":"Nos valeurs"},"content":{"rendered":"","protected":false},"excerpt":{"rendered":"","protected":false},"author":1,"featured_media":0,"parent":258,"menu_order":0,"comment_status":"open","ping_status":"closed","template":"nos-valeurs.php","meta":{"footnotes":""},"class_list":["post-280","page","type-page","status-publish","hentry"],"acf":[],"yoast_head":"<!-- This site is optimized with the Yoast SEO plugin v27.4 - https:\/\/yoast.com\/product\/yoast-seo-wordpress\/ -->\n<title>Les valeurs de la franchise DOMetVIE<\/title>\n<meta name=\"description\" content=\"Rester \u00e0 domicile le plus longtemps possible est un besoin soci\u00e9tal et humain. Nous sommes convaincus que le bien-\u00eatre de nos a\u00een\u00e9s est primordial.\" \/>\n<meta name=\"robots\" content=\"index, follow, max-snippet:-1, max-image-preview:large, max-video-preview:-1\" \/>\n<link rel=\"canonical\" href=\"https:\/\/www.dometvie.fr\/franchise\/dometvie\/nos-valeurs\/\" \/>\n<meta property=\"og:locale\" content=\"fr_FR\" \/>\n<meta property=\"og:type\" content=\"article\" \/>\n<meta property=\"og:title\" content=\"Les valeurs de la franchise DOMetVIE\" \/>\n<meta property=\"og:description\" content=\"Rester \u00e0 domicile le plus longtemps possible est un besoin soci\u00e9tal et humain. Nous sommes convaincus que le bien-\u00eatre de nos a\u00een\u00e9s est primordial.\" \/>\n<meta property=\"og:url\" content=\"https:\/\/www.dometvie.fr\/franchise\/dometvie\/nos-valeurs\/\" \/>\n<meta property=\"og:site_name\" content=\"DOMetVIE\" \/>\n<meta property=\"article:modified_time\" content=\"2026-01-08T09:31:14+00:00\" \/>\n<meta name=\"twitter:card\" content=\"summary_large_image\" \/>\n<script type=\"application\/ld+json\" class=\"yoast-schema-graph\">{\"@context\":\"https:\\\/\\\/schema.org\",\"@graph\":[{\"@type\":\"WebPage\",\"@id\":\"https:\\\/\\\/www.dometvie.fr\\\/franchise\\\/dometvie\\\/nos-valeurs\\\/\",\"url\":\"https:\\\/\\\/www.dometvie.fr\\\/franchise\\\/dometvie\\\/nos-valeurs\\\/\",\"name\":\"Les valeurs de la franchise DOMetVIE\",\"isPartOf\":{\"@id\":\"https:\\\/\\\/www.dometvie.fr\\\/franchise\\\/#website\"},\"datePublished\":\"2023-02-20T08:03:43+00:00\",\"dateModified\":\"2026-01-08T09:31:14+00:00\",\"description\":\"Rester \u00e0 domicile le plus longtemps possible est un besoin soci\u00e9tal et humain. Nous sommes convaincus que le bien-\u00eatre de nos a\u00een\u00e9s est primordial.\",\"breadcrumb\":{\"@id\":\"https:\\\/\\\/www.dometvie.fr\\\/franchise\\\/dometvie\\\/nos-valeurs\\\/#breadcrumb\"},\"inLanguage\":\"fr-FR\",\"potentialAction\":[{\"@type\":\"ReadAction\",\"target\":[\"https:\\\/\\\/www.dometvie.fr\\\/franchise\\\/dometvie\\\/nos-valeurs\\\/\"]}]},{\"@type\":\"BreadcrumbList\",\"@id\":\"https:\\\/\\\/www.dometvie.fr\\\/franchise\\\/dometvie\\\/nos-valeurs\\\/#breadcrumb\",\"itemListElement\":[{\"@type\":\"ListItem\",\"position\":1,\"name\":\"Accueil\",\"item\":\"https:\\\/\\\/www.dometvie.fr\\\/franchise\\\/\"},{\"@type\":\"ListItem\",\"position\":2,\"name\":\"DOMetVIE\",\"item\":\"https:\\\/\\\/www.dometvie.fr\\\/franchise\\\/dometvie\\\/\"},{\"@type\":\"ListItem\",\"position\":3,\"name\":\"Nos valeurs\"}]},{\"@type\":\"WebSite\",\"@id\":\"https:\\\/\\\/www.dometvie.fr\\\/franchise\\\/#website\",\"url\":\"https:\\\/\\\/www.dometvie.fr\\\/franchise\\\/\",\"name\":\"DOMetVIE\",\"description\":\"Donnez du sens \u00e0 votre m\u00e9tier !\",\"potentialAction\":[{\"@type\":\"SearchAction\",\"target\":{\"@type\":\"EntryPoint\",\"urlTemplate\":\"https:\\\/\\\/www.dometvie.fr\\\/franchise\\\/?s={search_term_string}\"},\"query-input\":{\"@type\":\"PropertyValueSpecification\",\"valueRequired\":true,\"valueName\":\"search_term_string\"}}],\"inLanguage\":\"fr-FR\"}]}<\/script>\n<!-- \/ Yoast SEO plugin. -->","yoast_head_json":{"title":"Les valeurs de la franchise DOMetVIE","description":"Rester \u00e0 domicile le plus longtemps possible est un besoin soci\u00e9tal et humain. Nous sommes convaincus que le bien-\u00eatre de nos a\u00een\u00e9s est primordial.","robots":{"index":"index","follow":"follow","max-snippet":"max-snippet:-1","max-image-preview":"max-image-preview:large","max-video-preview":"max-video-preview:-1"},"canonical":"https:\/\/www.dometvie.fr\/franchise\/dometvie\/nos-valeurs\/","og_locale":"fr_FR","og_type":"article","og_title":"Les valeurs de la franchise DOMetVIE","og_description":"Rester \u00e0 domicile le plus longtemps possible est un besoin soci\u00e9tal et humain. Nous sommes convaincus que le bien-\u00eatre de nos a\u00een\u00e9s est primordial.","og_url":"https:\/\/www.dometvie.fr\/franchise\/dometvie\/nos-valeurs\/","og_site_name":"DOMetVIE","article_modified_time":"2026-01-08T09:31:14+00:00","twitter_card":"summary_large_image","schema":{"@context":"https:\/\/schema.org","@graph":[{"@type":"WebPage","@id":"https:\/\/www.dometvie.fr\/franchise\/dometvie\/nos-valeurs\/","url":"https:\/\/www.dometvie.fr\/franchise\/dometvie\/nos-valeurs\/","name":"Les valeurs de la franchise DOMetVIE","isPartOf":{"@id":"https:\/\/www.dometvie.fr\/franchise\/#website"},"datePublished":"2023-02-20T08:03:43+00:00","dateModified":"2026-01-08T09:31:14+00:00","description":"Rester \u00e0 domicile le plus longtemps possible est un besoin soci\u00e9tal et humain. Nous sommes convaincus que le bien-\u00eatre de nos a\u00een\u00e9s est primordial.","breadcrumb":{"@id":"https:\/\/www.dometvie.fr\/franchise\/dometvie\/nos-valeurs\/#breadcrumb"},"inLanguage":"fr-FR","potentialAction":[{"@type":"ReadAction","target":["https:\/\/www.dometvie.fr\/franchise\/dometvie\/nos-valeurs\/"]}]},{"@type":"BreadcrumbList","@id":"https:\/\/www.dometvie.fr\/franchise\/dometvie\/nos-valeurs\/#breadcrumb","itemListElement":[{"@type":"ListItem","position":1,"name":"Accueil","item":"https:\/\/www.dometvie.fr\/franchise\/"},{"@type":"ListItem","position":2,"name":"DOMetVIE","item":"https:\/\/www.dometvie.fr\/franchise\/dometvie\/"},{"@type":"ListItem","position":3,"name":"Nos valeurs"}]},{"@type":"WebSite","@id":"https:\/\/www.dometvie.fr\/franchise\/#website","url":"https:\/\/www.dometvie.fr\/franchise\/","name":"DOMetVIE","description":"Donnez du sens \u00e0 votre m\u00e9tier !","potentialAction":[{"@type":"SearchAction","target":{"@type":"EntryPoint","urlTemplate":"https:\/\/www.dometvie.fr\/franchise\/?s={search_term_string}"},"query-input":{"@type":"PropertyValueSpecification","valueRequired":true,"valueName":"search_term_string"}}],"inLanguage":"fr-FR"}]}},"_links":{"self":[{"href":"https:\/\/www.dometvie.fr\/franchise\/wp-json\/wp\/v2\/pages\/280","targetHints":{"allow":["GET"]}}],"collection":[{"href":"https:\/\/www.dometvie.fr\/franchise\/wp-json\/wp\/v2\/pages"}],"about":[{"href":"https:\/\/www.dometvie.fr\/franchise\/wp-json\/wp\/v2\/types\/page"}],"author":[{"embeddable":true,"href":"https:\/\/www.dometvie.fr\/franchise\/wp-json\/wp\/v2\/users\/1"}],"replies":[{"embeddable":true,"href":"https:\/\/www.dometvie.fr\/franchise\/wp-json\/wp\/v2\/comments?post=280"}],"version-history":[{"count":5,"href":"https:\/\/www.dometvie.fr\/franchise\/wp-json\/wp\/v2\/pages\/280\/revisions"}],"predecessor-version":[{"id":2078,"href":"https:\/\/www.dometvie.fr\/franchise\/wp-json\/wp\/v2\/pages\/280\/revisions\/2078"}],"up":[{"embeddable":true,"href":"https:\/\/www.dometvie.fr\/franchise\/wp-json\/wp\/v2\/pages\/258"}],"wp:attachment":[{"href":"https:\/\/www.dometvie.fr\/franchise\/wp-json\/wp\/v2\/media?parent=280"}],"curies":[{"name":"wp","href":"https:\/\/api.w.org\/{rel}","templated":true}]}}