{"id":364,"date":"2023-02-21T10:56:21","date_gmt":"2023-02-21T09:56:21","guid":{"rendered":"http:\/\/localhost\/dom-et-vie-btob\/?page_id=364"},"modified":"2025-05-19T13:29:52","modified_gmt":"2025-05-19T11:29:52","slug":"les-conditions-dentree","status":"publish","type":"page","link":"https:\/\/www.dometvie.fr\/franchise\/devenir-franchise\/les-conditions-dentree\/","title":{"rendered":"Les conditions d&rsquo;entr\u00e9e"},"content":{"rendered":"<div id=\"intro-block_7a8e63c2a20d713144e195ef81f4af83\" class=\"block_intro\">\n    <p>Rejoindre DOMetVIE, c\u2019est participer \u00e0 une aventure humaine enrichissante et contribuer \u00e0 faire rayonner la marque pour atteindre notre objectif : devenir le leader incontest\u00e9 de l\u2019am\u00e9nagement du domicile des seniors et des personnes \u00e0 mobilit\u00e9 r\u00e9duite :<\/p>\n<\/div>\n\n\n<div style=\"display: flex; flex-wrap: wrap; justify-content: space-between; gap: 2rem; text-align: center; font-family: 'syne-regular', sans-serif;\">\n\n  <!-- Bloc 1 -->\n  <div style=\"flex: 1 1 200px; padding: 1rem;\">\n    <img decoding=\"async\" src=\"https:\/\/www.dometvie.fr\/franchise\/wp-content\/uploads\/2023\/02\/entree.svg\" alt=\"Droit d\u2019entr\u00e9e\" style=\"width: 100px; margin-bottom: 1rem;\">\n    <h3 style=\"font-family: 'syne-bold', sans-serif; font-size: 1.25rem; color: #088B99; margin-bottom: 0.5rem;\">Droit d\u2019entr\u00e9e<\/h3>\n    <h4 style=\"font-family: 'syne-bold', sans-serif; font-size: 1.5rem; color: #232323; margin: 0;\">25.000\u20ac<\/h4>\n  <\/div>\n\n  <!-- Bloc 2 -->\n  <div style=\"flex: 1 1 200px; padding: 1rem;\">\n    <img decoding=\"async\" src=\"https:\/\/www.dometvie.fr\/franchise\/wp-content\/uploads\/2023\/02\/redevance.svg\" alt=\"Redevance\" style=\"width: 100px; margin-bottom: 1rem;\">\n    <h3 style=\"font-family: 'syne-bold', sans-serif; font-size: 1.25rem; color: #088B99; margin-bottom: 0.5rem;\">Redevance<\/h3>\n    <h4 style=\"font-family: 'syne-bold', sans-serif; font-size: 1.5rem; color: #232323; margin: 0;\">5&nbsp;% du CA<\/h4>\n  <\/div>\n\n  <!-- Bloc 3 -->\n  <div style=\"flex: 1 1 200px; padding: 1rem;\">\n    <img decoding=\"async\" src=\"https:\/\/www.dometvie.fr\/franchise\/wp-content\/uploads\/2023\/02\/duree.svg\" alt=\"Dur\u00e9e du contrat\" style=\"width: 100px; margin-bottom: 1rem;\">\n    <h3 style=\"font-family: 'syne-bold', sans-serif; font-size: 1.25rem; color: #088B99; margin-bottom: 0.5rem;\">Dur\u00e9e du contrat<\/h3>\n    <h4 style=\"font-family: 'syne-bold', sans-serif; font-size: 1.5rem; color: #232323; margin: 0;\">7 ans<\/h4>\n  <\/div>\n\n  <!-- Bloc 4 -->\n  <div style=\"flex: 1 1 200px; padding: 1rem;\">\n    <img decoding=\"async\" src=\"https:\/\/www.dometvie.fr\/franchise\/wp-content\/uploads\/2023\/02\/apport.svg\" alt=\"Apport\" style=\"width: 100px; margin-bottom: 1rem;\">\n    <h3 style=\"font-family: 'syne-bold', sans-serif; font-size: 1.25rem; color: #088B99; margin-bottom: 0.5rem;\">Apport<\/h3>\n    <h4 style=\"font-family: 'syne-bold', sans-serif; font-size: 1.5rem; color: #232323; margin: 0;\">\u00e0 partir de 30.000\u20ac<\/h4>\n  <\/div>\n\n<\/div>\n<!-- Vid\u00e9o de pr\u00e9sentation -->\n<div style=\"margin-top: 60px; text-align: center;\">\n  <div style=\"max-width: 900px; margin: 0 auto;\">\n    <div style=\"position: relative; padding-bottom: 56.25%; height: 0; overflow: hidden; border-radius: 12px; box-shadow: 0 4px 12px rgba(0,0,0,0.1);\">\n      <iframe \n        src=\"https:\/\/www.youtube.com\/embed\/jDcz9OkUANc?rel=0&#038;modestbranding=1\"\n        title=\"Vid\u00e9o DOMetVIE\"\n        frameborder=\"0\"\n        allow=\"accelerometer; autoplay; clipboard-write; encrypted-media; gyroscope; picture-in-picture\"\n        allowfullscreen\n        style=\"position: absolute; top: 0; left: 0; width: 100%; height: 100%;\">\n      <\/iframe>\n    <\/div>\n  <\/div>\n<\/div>\n\n\n\n<div id=\"bandeau-block_a674c7a0dca06fb3802c05ef58ece630\" class=\"block_bandeau \nrose\">\n            <div class=\"titre\">\n            <h3>Investissement global<\/h3>\n        <\/div>\n        <p><strong>Entre 80 000 et 150 000\u20ac (showroom optionnel)<\/strong><\/p>\n    <\/div>\n\n\n<div class=\"wp-block-buttons is-layout-flex wp-block-buttons-is-layout-flex\">\n<div class=\"wp-block-button aligncenter\"><a class=\"wp-block-button__link wp-element-button\" href=\"https:\/\/www.dometvie.fr\/franchise\/\/contact\/\">Posez-nous vos questions<\/a><\/div>\n<\/div>\n","protected":false},"excerpt":{"rendered":"<p>Droit d\u2019entr\u00e9e 25.000\u20ac Redevance 5&nbsp;% du CA Dur\u00e9e du contrat 7 ans Apport \u00e0 partir de 30.000\u20ac<\/p>\n","protected":false},"author":1,"featured_media":0,"parent":332,"menu_order":0,"comment_status":"closed","ping_status":"closed","template":"","meta":{"footnotes":""},"class_list":["post-364","page","type-page","status-publish","hentry"],"acf":[],"yoast_head":"<!-- This site is optimized with the Yoast SEO plugin v27.4 - https:\/\/yoast.com\/product\/yoast-seo-wordpress\/ -->\n<title>Quelles sont les conditions pour ouvrir une franchise DOMetVIE ?<\/title>\n<meta name=\"description\" content=\"D\u00e9couvrez les conditions pour ouvrir votre agence DOM et VIE : Droits d&#039;entr\u00e9e, Redevance, Dur\u00e9e du contrat et Apport.\" \/>\n<meta name=\"robots\" content=\"index, follow, max-snippet:-1, max-image-preview:large, max-video-preview:-1\" \/>\n<link rel=\"canonical\" href=\"https:\/\/www.dometvie.fr\/franchise\/devenir-franchise\/les-conditions-dentree\/\" \/>\n<meta property=\"og:locale\" content=\"fr_FR\" \/>\n<meta property=\"og:type\" content=\"article\" \/>\n<meta property=\"og:title\" content=\"Quelles sont les conditions pour ouvrir une franchise DOMetVIE ?\" \/>\n<meta property=\"og:description\" content=\"D\u00e9couvrez les conditions pour ouvrir votre agence DOM et VIE : Droits d&#039;entr\u00e9e, Redevance, Dur\u00e9e du contrat et Apport.\" \/>\n<meta property=\"og:url\" content=\"https:\/\/www.dometvie.fr\/franchise\/devenir-franchise\/les-conditions-dentree\/\" \/>\n<meta property=\"og:site_name\" content=\"DOMetVIE\" \/>\n<meta property=\"article:modified_time\" content=\"2025-05-19T11:29:52+00:00\" \/>\n<meta property=\"og:image\" content=\"https:\/\/www.dometvie.fr\/franchise\/wp-content\/uploads\/2023\/02\/entree.svg\" \/>\n<meta name=\"twitter:card\" content=\"summary_large_image\" \/>\n<meta name=\"twitter:label1\" content=\"Dur\u00e9e de lecture estim\u00e9e\" \/>\n\t<meta name=\"twitter:data1\" content=\"1 minute\" \/>\n<script type=\"application\/ld+json\" class=\"yoast-schema-graph\">{\"@context\":\"https:\\\/\\\/schema.org\",\"@graph\":[{\"@type\":\"WebPage\",\"@id\":\"https:\\\/\\\/www.dometvie.fr\\\/franchise\\\/devenir-franchise\\\/les-conditions-dentree\\\/\",\"url\":\"https:\\\/\\\/www.dometvie.fr\\\/franchise\\\/devenir-franchise\\\/les-conditions-dentree\\\/\",\"name\":\"Quelles sont les conditions pour ouvrir une franchise DOMetVIE ?\",\"isPartOf\":{\"@id\":\"https:\\\/\\\/www.dometvie.fr\\\/franchise\\\/#website\"},\"primaryImageOfPage\":{\"@id\":\"https:\\\/\\\/www.dometvie.fr\\\/franchise\\\/devenir-franchise\\\/les-conditions-dentree\\\/#primaryimage\"},\"image\":{\"@id\":\"https:\\\/\\\/www.dometvie.fr\\\/franchise\\\/devenir-franchise\\\/les-conditions-dentree\\\/#primaryimage\"},\"thumbnailUrl\":\"https:\\\/\\\/www.dometvie.fr\\\/franchise\\\/wp-content\\\/uploads\\\/2023\\\/02\\\/entree.svg\",\"datePublished\":\"2023-02-21T09:56:21+00:00\",\"dateModified\":\"2025-05-19T11:29:52+00:00\",\"description\":\"D\u00e9couvrez les conditions pour ouvrir votre agence DOM et VIE : Droits d'entr\u00e9e, Redevance, Dur\u00e9e du contrat et Apport.\",\"breadcrumb\":{\"@id\":\"https:\\\/\\\/www.dometvie.fr\\\/franchise\\\/devenir-franchise\\\/les-conditions-dentree\\\/#breadcrumb\"},\"inLanguage\":\"fr-FR\",\"potentialAction\":[{\"@type\":\"ReadAction\",\"target\":[\"https:\\\/\\\/www.dometvie.fr\\\/franchise\\\/devenir-franchise\\\/les-conditions-dentree\\\/\"]}]},{\"@type\":\"ImageObject\",\"inLanguage\":\"fr-FR\",\"@id\":\"https:\\\/\\\/www.dometvie.fr\\\/franchise\\\/devenir-franchise\\\/les-conditions-dentree\\\/#primaryimage\",\"url\":\"\",\"contentUrl\":\"\"},{\"@type\":\"BreadcrumbList\",\"@id\":\"https:\\\/\\\/www.dometvie.fr\\\/franchise\\\/devenir-franchise\\\/les-conditions-dentree\\\/#breadcrumb\",\"itemListElement\":[{\"@type\":\"ListItem\",\"position\":1,\"name\":\"Accueil\",\"item\":\"https:\\\/\\\/www.dometvie.fr\\\/franchise\\\/\"},{\"@type\":\"ListItem\",\"position\":2,\"name\":\"Devenir franchis\u00e9\",\"item\":\"https:\\\/\\\/www.dometvie.fr\\\/franchise\\\/devenir-franchise\\\/\"},{\"@type\":\"ListItem\",\"position\":3,\"name\":\"Les conditions d&rsquo;entr\u00e9e\"}]},{\"@type\":\"WebSite\",\"@id\":\"https:\\\/\\\/www.dometvie.fr\\\/franchise\\\/#website\",\"url\":\"https:\\\/\\\/www.dometvie.fr\\\/franchise\\\/\",\"name\":\"DOMetVIE\",\"description\":\"Donnez du sens \u00e0 votre m\u00e9tier !\",\"potentialAction\":[{\"@type\":\"SearchAction\",\"target\":{\"@type\":\"EntryPoint\",\"urlTemplate\":\"https:\\\/\\\/www.dometvie.fr\\\/franchise\\\/?s={search_term_string}\"},\"query-input\":{\"@type\":\"PropertyValueSpecification\",\"valueRequired\":true,\"valueName\":\"search_term_string\"}}],\"inLanguage\":\"fr-FR\"}]}<\/script>\n<!-- \/ Yoast SEO plugin. -->","yoast_head_json":{"title":"Quelles sont les conditions pour ouvrir une franchise DOMetVIE ?","description":"D\u00e9couvrez les conditions pour ouvrir votre agence DOM et VIE : Droits d'entr\u00e9e, Redevance, Dur\u00e9e du contrat et Apport.","robots":{"index":"index","follow":"follow","max-snippet":"max-snippet:-1","max-image-preview":"max-image-preview:large","max-video-preview":"max-video-preview:-1"},"canonical":"https:\/\/www.dometvie.fr\/franchise\/devenir-franchise\/les-conditions-dentree\/","og_locale":"fr_FR","og_type":"article","og_title":"Quelles sont les conditions pour ouvrir une franchise DOMetVIE ?","og_description":"D\u00e9couvrez les conditions pour ouvrir votre agence DOM et VIE : Droits d'entr\u00e9e, Redevance, Dur\u00e9e du contrat et Apport.","og_url":"https:\/\/www.dometvie.fr\/franchise\/devenir-franchise\/les-conditions-dentree\/","og_site_name":"DOMetVIE","article_modified_time":"2025-05-19T11:29:52+00:00","og_image":[{"url":"https:\/\/www.dometvie.fr\/franchise\/wp-content\/uploads\/2023\/02\/entree.svg","type":"","width":"","height":""}],"twitter_card":"summary_large_image","twitter_misc":{"Dur\u00e9e de lecture estim\u00e9e":"1 minute"},"schema":{"@context":"https:\/\/schema.org","@graph":[{"@type":"WebPage","@id":"https:\/\/www.dometvie.fr\/franchise\/devenir-franchise\/les-conditions-dentree\/","url":"https:\/\/www.dometvie.fr\/franchise\/devenir-franchise\/les-conditions-dentree\/","name":"Quelles sont les conditions pour ouvrir une franchise DOMetVIE ?","isPartOf":{"@id":"https:\/\/www.dometvie.fr\/franchise\/#website"},"primaryImageOfPage":{"@id":"https:\/\/www.dometvie.fr\/franchise\/devenir-franchise\/les-conditions-dentree\/#primaryimage"},"image":{"@id":"https:\/\/www.dometvie.fr\/franchise\/devenir-franchise\/les-conditions-dentree\/#primaryimage"},"thumbnailUrl":"https:\/\/www.dometvie.fr\/franchise\/wp-content\/uploads\/2023\/02\/entree.svg","datePublished":"2023-02-21T09:56:21+00:00","dateModified":"2025-05-19T11:29:52+00:00","description":"D\u00e9couvrez les conditions pour ouvrir votre agence DOM et VIE : Droits d'entr\u00e9e, Redevance, Dur\u00e9e du contrat et Apport.","breadcrumb":{"@id":"https:\/\/www.dometvie.fr\/franchise\/devenir-franchise\/les-conditions-dentree\/#breadcrumb"},"inLanguage":"fr-FR","potentialAction":[{"@type":"ReadAction","target":["https:\/\/www.dometvie.fr\/franchise\/devenir-franchise\/les-conditions-dentree\/"]}]},{"@type":"ImageObject","inLanguage":"fr-FR","@id":"https:\/\/www.dometvie.fr\/franchise\/devenir-franchise\/les-conditions-dentree\/#primaryimage","url":"","contentUrl":""},{"@type":"BreadcrumbList","@id":"https:\/\/www.dometvie.fr\/franchise\/devenir-franchise\/les-conditions-dentree\/#breadcrumb","itemListElement":[{"@type":"ListItem","position":1,"name":"Accueil","item":"https:\/\/www.dometvie.fr\/franchise\/"},{"@type":"ListItem","position":2,"name":"Devenir franchis\u00e9","item":"https:\/\/www.dometvie.fr\/franchise\/devenir-franchise\/"},{"@type":"ListItem","position":3,"name":"Les conditions d&rsquo;entr\u00e9e"}]},{"@type":"WebSite","@id":"https:\/\/www.dometvie.fr\/franchise\/#website","url":"https:\/\/www.dometvie.fr\/franchise\/","name":"DOMetVIE","description":"Donnez du sens \u00e0 votre m\u00e9tier !","potentialAction":[{"@type":"SearchAction","target":{"@type":"EntryPoint","urlTemplate":"https:\/\/www.dometvie.fr\/franchise\/?s={search_term_string}"},"query-input":{"@type":"PropertyValueSpecification","valueRequired":true,"valueName":"search_term_string"}}],"inLanguage":"fr-FR"}]}},"_links":{"self":[{"href":"https:\/\/www.dometvie.fr\/franchise\/wp-json\/wp\/v2\/pages\/364","targetHints":{"allow":["GET"]}}],"collection":[{"href":"https:\/\/www.dometvie.fr\/franchise\/wp-json\/wp\/v2\/pages"}],"about":[{"href":"https:\/\/www.dometvie.fr\/franchise\/wp-json\/wp\/v2\/types\/page"}],"author":[{"embeddable":true,"href":"https:\/\/www.dometvie.fr\/franchise\/wp-json\/wp\/v2\/users\/1"}],"replies":[{"embeddable":true,"href":"https:\/\/www.dometvie.fr\/franchise\/wp-json\/wp\/v2\/comments?post=364"}],"version-history":[{"count":8,"href":"https:\/\/www.dometvie.fr\/franchise\/wp-json\/wp\/v2\/pages\/364\/revisions"}],"predecessor-version":[{"id":1874,"href":"https:\/\/www.dometvie.fr\/franchise\/wp-json\/wp\/v2\/pages\/364\/revisions\/1874"}],"up":[{"embeddable":true,"href":"https:\/\/www.dometvie.fr\/franchise\/wp-json\/wp\/v2\/pages\/332"}],"wp:attachment":[{"href":"https:\/\/www.dometvie.fr\/franchise\/wp-json\/wp\/v2\/media?parent=364"}],"curies":[{"name":"wp","href":"https:\/\/api.w.org\/{rel}","templated":true}]}}