{"id":399,"date":"2023-02-21T15:22:22","date_gmt":"2023-02-21T14:22:22","guid":{"rendered":"http:\/\/localhost\/dom-et-vie-btob\/?page_id=399"},"modified":"2026-01-08T10:30:23","modified_gmt":"2026-01-08T09:30:23","slug":"assistance-et-formation","status":"publish","type":"page","link":"https:\/\/www.dometvie.fr\/franchise\/devenir-franchise\/assistance-et-formation\/","title":{"rendered":"Assistance et formation"},"content":{"rendered":"\n<h3 class=\"wp-block-heading\">Une formation et un accompagnement permanent<\/h3>\n\n\n\n<div class=\"wp-block-columns is-layout-flex wp-container-core-columns-is-layout-9d6595d7 wp-block-columns-is-layout-flex\">\n<div class=\"wp-block-column is-layout-flow wp-block-column-is-layout-flow\"><div id=\"formation-video-block_a39a9bebf239d9c47b32178aac209f7a\" class=\"block_formation\">\n    <div class=\"card_formation\">\n        <div class=\"titre\">\n            <h4>Formation initiale<\/h4>\n        <\/div>\n        <div class=\"video\">\n                            <a data-fancybox href=\"https:\/\/www.dometvie.fr\/franchise\/wp-content\/uploads\/2023\/02\/Formation-initiale-1.mp4\">\n                                            <img decoding=\"async\" src=\"https:\/\/www.dometvie.fr\/franchise\/wp-content\/uploads\/2023\/02\/formation_initiale-1.jpg\" alt=\"\" class=\"vignette\">\n                                        <img decoding=\"async\" src=\"https:\/\/www.dometvie.fr\/franchise\/wp-content\/themes\/dom-et-vie\/assets\/src\/img\/play.svg\" class=\"play\">\n                <\/a>\n                    <\/div>\n        <div class=\"infos\">\n            <p>Un programme complet de trois semaines au si\u00e8ge pour garantir la r\u00e9ussite au d\u00e9marrage : m\u00e9thode de vente, acquisition client, solutions techniques, outils, pilotage d&rsquo;activit\u00e9, mises en situation&#8230;<\/p>\n        <\/div>\n    <\/div>\n<\/div><\/div>\n\n\n\n<div class=\"wp-block-column is-layout-flow wp-block-column-is-layout-flow\"><div id=\"formation-video-block_935e5490d4d12f187ea79ac27dc11054\" class=\"block_formation\">\n    <div class=\"card_formation\">\n        <div class=\"titre\">\n            <h4>Accompagnement terrain<\/h4>\n        <\/div>\n        <div class=\"video\">\n                            <a data-fancybox href=\"https:\/\/www.dometvie.fr\/franchise\/wp-content\/uploads\/2023\/02\/Accompagnement-terrain-1.mp4\">\n                                            <img decoding=\"async\" src=\"https:\/\/www.dometvie.fr\/franchise\/wp-content\/uploads\/2023\/02\/accompagnement_terrain-1.jpg\" alt=\"\" class=\"vignette\">\n                                        <img decoding=\"async\" src=\"https:\/\/www.dometvie.fr\/franchise\/wp-content\/themes\/dom-et-vie\/assets\/src\/img\/play.svg\" class=\"play\">\n                <\/a>\n                    <\/div>\n        <div class=\"infos\">\n            <p>Des animateurs d\u00e9di\u00e9s vous accompagnent au quotidien dans votre mont\u00e9e en puissance. Ils sont disponibles pour r\u00e9pondre \u00e0 vos questions et vous faire progresser tant sur le plan commercial que dans votre organisation quotidienne.<\/p>\n        <\/div>\n    <\/div>\n<\/div><\/div>\n\n\n\n<div class=\"wp-block-column is-layout-flow wp-block-column-is-layout-flow\"><div id=\"formation-video-block_fa15ab00eb88009a9bc67583072c108d\" class=\"block_formation\">\n    <div class=\"card_formation\">\n        <div class=\"titre\">\n            <h4>Accompagnement technique<\/h4>\n        <\/div>\n        <div class=\"video\">\n                            <a data-fancybox href=\"https:\/\/www.dometvie.fr\/franchise\/wp-content\/uploads\/2023\/02\/Accompagnement-technique-1.mp4\">\n                                            <img decoding=\"async\" src=\"https:\/\/www.dometvie.fr\/franchise\/wp-content\/uploads\/2023\/02\/accompagnement_technique-1.jpg\" alt=\"\" class=\"vignette\">\n                                        <img decoding=\"async\" src=\"https:\/\/www.dometvie.fr\/franchise\/wp-content\/themes\/dom-et-vie\/assets\/src\/img\/play.svg\" class=\"play\">\n                <\/a>\n                    <\/div>\n        <div class=\"infos\">\n            <p>Un r\u00e9f\u00e9rent technique est \u00e0 votre disposition pour r\u00e9pondre \u00e0 l&rsquo;ensemble de vos questions, vous accompagner dans vos \u00e9tudes de faisabilit\u00e9s ou former vos sous-traitants \u00e0 la pose de nos produits.<\/p>\n        <\/div>\n    <\/div>\n<\/div><\/div>\n<\/div>\n\n\n\n<div class=\"wp-block-columns is-layout-flex wp-container-core-columns-is-layout-9d6595d7 wp-block-columns-is-layout-flex\">\n<div class=\"wp-block-column is-layout-flow wp-block-column-is-layout-flow\"><div id=\"formation-video-block_a21e53be5b342d198d2bf88bb067f40c\" class=\"block_formation\">\n    <div class=\"card_formation\">\n        <div class=\"titre\">\n            <h4>Marketing &amp; Communication<\/h4>\n        <\/div>\n        <div class=\"video\">\n                            <a data-fancybox href=\"https:\/\/www.dometvie.fr\/franchise\/wp-content\/uploads\/2023\/02\/Marketing-Communication-1.mp4\">\n                                            <img decoding=\"async\" src=\"https:\/\/www.dometvie.fr\/franchise\/wp-content\/uploads\/2023\/02\/marketing_communication-1.jpg\" alt=\"\" class=\"vignette\">\n                                        <img decoding=\"async\" src=\"https:\/\/www.dometvie.fr\/franchise\/wp-content\/themes\/dom-et-vie\/assets\/src\/img\/play.svg\" class=\"play\">\n                <\/a>\n                    <\/div>\n        <div class=\"infos\">\n            <p>De la strat\u00e9gie de marque du groupe \u00e0 la r\u00e9alisation de supports personnalis\u00e9s, de nombreux interlocuteurs sont \u00e0 votre disposition pour vous accompagner dans votre strat\u00e9gie de communication locale pour rayonner sur votre secteur.<\/p>\n        <\/div>\n    <\/div>\n<\/div><\/div>\n\n\n\n<div class=\"wp-block-column is-layout-flow wp-block-column-is-layout-flow\"><div id=\"formation-video-block_27d74951a60474ac315a65a235d5c7f0\" class=\"block_formation\">\n    <div class=\"card_formation\">\n        <div class=\"titre\">\n            <h4>Service client<\/h4>\n        <\/div>\n        <div class=\"video\">\n                            <a data-fancybox href=\"https:\/\/www.dometvie.fr\/franchise\/wp-content\/uploads\/2023\/02\/Service-client-1.mp4\">\n                                            <img decoding=\"async\" src=\"https:\/\/www.dometvie.fr\/franchise\/wp-content\/uploads\/2023\/02\/service_client-1.jpg\" alt=\"\" class=\"vignette\">\n                                        <img decoding=\"async\" src=\"https:\/\/www.dometvie.fr\/franchise\/wp-content\/themes\/dom-et-vie\/assets\/src\/img\/play.svg\" class=\"play\">\n                <\/a>\n                    <\/div>\n        <div class=\"infos\">\n            <p>Un centre relation client internalis\u00e9 pour assurer un service r\u00e9actif, identifier des prospects, r\u00e9pondre \u00e0 leur demande et positionner des rendez-vous directement dans votre agenda.<\/p>\n        <\/div>\n    <\/div>\n<\/div><\/div>\n\n\n\n<div class=\"wp-block-column is-layout-flow wp-block-column-is-layout-flow\"><div id=\"formation-video-block_049bf06d8b48b1439630cc1663a69c19\" class=\"block_formation\">\n    <div class=\"card_formation\">\n        <div class=\"titre\">\n            <h4>Centrale d&rsquo;achats &amp; produits<\/h4>\n        <\/div>\n        <div class=\"video\">\n                            <a data-fancybox href=\"https:\/\/www.dometvie.fr\/franchise\/wp-content\/uploads\/2023\/03\/Veronique_Alioune-1.mp4\">\n                                            <img decoding=\"async\" src=\"https:\/\/www.dometvie.fr\/franchise\/wp-content\/uploads\/2023\/03\/veronique_alioune-1.jpg\" alt=\"\" class=\"vignette\">\n                                        <img decoding=\"async\" src=\"https:\/\/www.dometvie.fr\/franchise\/wp-content\/themes\/dom-et-vie\/assets\/src\/img\/play.svg\" class=\"play\">\n                <\/a>\n                    <\/div>\n        <div class=\"infos\">\n            <p>DOMetVIE identifie et n\u00e9gocie des produits diff\u00e9renciants et comp\u00e9titifs, et assure via une centrale d&rsquo;achats un traitement des commandes r\u00e9actif et un suivi logistique maitris\u00e9.<\/p>\n        <\/div>\n    <\/div>\n<\/div><\/div>\n<\/div>\n\n\n\n<div class=\"wp-block-columns is-layout-flex wp-container-core-columns-is-layout-9d6595d7 wp-block-columns-is-layout-flex\">\n<div class=\"wp-block-column is-layout-flow wp-block-column-is-layout-flow\"><div id=\"formation-video-block_418587d9e0bc571cacdcd2a3ebead2fa\" class=\"block_formation\">\n    <div class=\"card_formation\">\n        <div class=\"titre\">\n            <h4>Direction strat\u00e9gique<\/h4>\n        <\/div>\n        <div class=\"video\">\n                            <a data-fancybox href=\"https:\/\/www.dometvie.fr\/franchise\/wp-content\/uploads\/2025\/02\/Interview-Nicolas.mp4\">\n                                            <img decoding=\"async\" src=\"https:\/\/www.dometvie.fr\/franchise\/wp-content\/uploads\/2025\/02\/Nicolas-Dometvie-temoignage-450x260.png\" alt=\"\" class=\"vignette\">\n                                        <img decoding=\"async\" src=\"https:\/\/www.dometvie.fr\/franchise\/wp-content\/themes\/dom-et-vie\/assets\/src\/img\/play.svg\" class=\"play\">\n                <\/a>\n                    <\/div>\n        <div class=\"infos\">\n            <p>D\u00e9couvrez la vision grand projet chez DOMetVIE, \u00e0 travers un d\u00e9veloppement \u00e0 moyen et long terme pour son r\u00e9seau de franchise @Nicolas Saumont, pr\u00e9sident et co-fondateur<\/p>\n        <\/div>\n    <\/div>\n<\/div><\/div>\n\n\n\n<div class=\"wp-block-column is-layout-flow wp-block-column-is-layout-flow\"><div id=\"formation-video-block_c68dd8df35abbcf537960a64c0b0b033\" class=\"block_formation\">\n    <div class=\"card_formation\">\n        <div class=\"titre\">\n            <h4>Direction G\u00e9n\u00e9rale<\/h4>\n        <\/div>\n        <div class=\"video\">\n                            <a data-fancybox href=\"https:\/\/www.dometvie.fr\/franchise\/wp-content\/uploads\/2025\/02\/Interview-Mathilde.mp4\">\n                                            <img decoding=\"async\" src=\"https:\/\/www.dometvie.fr\/franchise\/wp-content\/uploads\/2025\/02\/Mathilde-Dometvie-temoignage-450x260.png\" alt=\"\" class=\"vignette\">\n                                        <img decoding=\"async\" src=\"https:\/\/www.dometvie.fr\/franchise\/wp-content\/themes\/dom-et-vie\/assets\/src\/img\/play.svg\" class=\"play\">\n                <\/a>\n                    <\/div>\n        <div class=\"infos\">\n            <p>D\u00e9couvrez la vision de la direction g\u00e9n\u00e9rale sur l\u2019ADN de DOMetVIE, ses projets, ses ambitions @Mathilde Matuchet, directrice g\u00e9n\u00e9rale<\/p>\n        <\/div>\n    <\/div>\n<\/div><\/div>\n\n\n\n<div class=\"wp-block-column is-layout-flow wp-block-column-is-layout-flow\"><div id=\"formation-video-block_230e8ada24a396fa4bc55f8c26d956b2\" class=\"block_formation\">\n    <div class=\"card_formation\">\n        <div class=\"titre\">\n            <h4>Direction R\u00e9seau<\/h4>\n        <\/div>\n        <div class=\"video\">\n                            <a data-fancybox href=\"https:\/\/www.dometvie.fr\/franchise\/wp-content\/uploads\/2025\/02\/Interview-Mickael.mp4\">\n                                            <img decoding=\"async\" src=\"https:\/\/www.dometvie.fr\/franchise\/wp-content\/uploads\/2025\/02\/Mickael-Dometvie-temoignage-450x260.png\" alt=\"\" class=\"vignette\">\n                                        <img decoding=\"async\" src=\"https:\/\/www.dometvie.fr\/franchise\/wp-content\/themes\/dom-et-vie\/assets\/src\/img\/play.svg\" class=\"play\">\n                <\/a>\n                    <\/div>\n        <div class=\"infos\">\n            <p>D\u00e9couvrez le r\u00f4le de l\u2019animation au quotidien : animation, conseil, coaching, formation @Mickael Cohen, co-fondateur et directeur r\u00e9seau<\/p>\n        <\/div>\n    <\/div>\n<\/div><\/div>\n<\/div>\n\n\n\n<div class=\"wp-block-columns is-layout-flex wp-container-core-columns-is-layout-9d6595d7 wp-block-columns-is-layout-flex\">\n<div class=\"wp-block-column is-layout-flow wp-block-column-is-layout-flow\" style=\"flex-basis:33%\"><div id=\"formation-video-block_a0afe5da40f74db7ebc32b5f8bacfd31\" class=\"block_formation\">\n    <div class=\"card_formation\">\n        <div class=\"titre\">\n            <h4>Direction dev<\/h4>\n        <\/div>\n        <div class=\"video\">\n                            <a data-fancybox href=\"https:\/\/www.dometvie.fr\/franchise\/wp-content\/uploads\/2025\/02\/Interview-Melissa.mp4\">\n                                            <img decoding=\"async\" src=\"https:\/\/www.dometvie.fr\/franchise\/wp-content\/uploads\/2025\/02\/Melissa-Dometvie-temoignage-450x260.png\" alt=\"\" class=\"vignette\">\n                                        <img decoding=\"async\" src=\"https:\/\/www.dometvie.fr\/franchise\/wp-content\/themes\/dom-et-vie\/assets\/src\/img\/play.svg\" class=\"play\">\n                <\/a>\n                    <\/div>\n        <div class=\"infos\">\n            <p>D\u00e9couvrez l\u2019essence m\u00eame d\u2019un r\u00e9seau de franchise : son d\u00e9veloppement ; Un r\u00e9seau fort est un r\u00e9seau qui se d\u00e9veloppe et des franchis\u00e9s qui d\u00e9ploient leur activit\u00e9. @Melissa Caijo, responsable du d\u00e9veloppement<\/p>\n        <\/div>\n    <\/div>\n<\/div><\/div>\n\n\n\n<div class=\"wp-block-column is-layout-flow wp-block-column-is-layout-flow\" style=\"flex-basis:33%\"><div id=\"formation-video-block_58aee77c326a4f6d7f0ffca713b799d1\" class=\"block_formation\">\n    <div class=\"card_formation\">\n        <div class=\"titre\">\n            <h4>Direction CRC<\/h4>\n        <\/div>\n        <div class=\"video\">\n                            <a data-fancybox href=\"https:\/\/www.dometvie.fr\/franchise\/wp-content\/uploads\/2025\/02\/Interview-Louiza.mp4\">\n                                            <img decoding=\"async\" src=\"https:\/\/www.dometvie.fr\/franchise\/wp-content\/uploads\/2025\/02\/Louiza-Dometvie-temoignage-450x260.png\" alt=\"\" class=\"vignette\">\n                                        <img decoding=\"async\" src=\"https:\/\/www.dometvie.fr\/franchise\/wp-content\/themes\/dom-et-vie\/assets\/src\/img\/play.svg\" class=\"play\">\n                <\/a>\n                    <\/div>\n        <div class=\"infos\">\n            <p>D\u00e9couvrez le r\u00f4le strat\u00e9gique du service client chez DOMetVIE. Des \u00e9quipes d\u00e9di\u00e9es qui prennent des RDV qualifi\u00e9s pour vous et assurent une base d\u2019activit\u00e9 structurelle @Louiza Tefahi, responsable CRC<\/p>\n        <\/div>\n    <\/div>\n<\/div><\/div>\n\n\n\n<div class=\"wp-block-column is-layout-flow wp-block-column-is-layout-flow\" style=\"flex-basis:33%\"><div id=\"formation-video-block_9f1b8961a0435f3a177eca70c8c8bf91\" class=\"block_formation\">\n    <div class=\"card_formation\">\n        <div class=\"titre\">\n                    <\/div>\n        <div class=\"video\">\n                                                <\/div>\n        <div class=\"infos\">\n            <p><span style=\"color:transparent;\">D\u00e9couvrez le r\u00f4le strat\u00e9gique du service client chez DOMetVIE. Des \u00e9quipes d\u00e9di\u00e9es qui prennent des RDV qualifi\u00e9s pour vous et assurent une base d\u2019activit\u00e9 structurelle @Louiza Tefahi, responsable CRC<\/span><\/p>\n        <\/div>\n    <\/div>\n<\/div><\/div>\n<\/div>\n\n\n<div id=\"bandeau-block_20c13ac12c07083e59417ddcdb48b221\" class=\"block_bandeau \nbleu\">\n            <div class=\"titre\">\n            <h3>Vous avez des questions ?<\/h3>\n        <\/div>\n        <p>Contactez-nous et parlons de votre projet, nous r\u00e9pondrons \u00e0 toutes vos questions en d\u00e9tail !<\/p>\n            <div class=\"bouton\">\n            <a href=\"\">Contactez-nous<\/a>\n        <\/div>\n    <\/div>","protected":false},"excerpt":{"rendered":"<p>Une formation et un accompagnement permanent<\/p>\n","protected":false},"author":1,"featured_media":0,"parent":332,"menu_order":0,"comment_status":"closed","ping_status":"closed","template":"","meta":{"footnotes":""},"class_list":["post-399","page","type-page","status-publish","hentry"],"acf":[],"yoast_head":"<!-- This site is optimized with the Yoast SEO plugin v27.4 - https:\/\/yoast.com\/product\/yoast-seo-wordpress\/ -->\n<title>Formation interne pour l&#039;ouverture d&#039;une franchise DOMetVIE<\/title>\n<meta name=\"description\" content=\"Le r\u00e9seau DOM et VIE prend \u00e0 coeur d&#039;accompagner ses franchis\u00e9s en les formant r\u00e9guli\u00e8rement sur les domaines commerciaux, marketing ou encore techniques.\" \/>\n<meta name=\"robots\" content=\"index, follow, max-snippet:-1, max-image-preview:large, max-video-preview:-1\" \/>\n<link rel=\"canonical\" href=\"https:\/\/www.dometvie.fr\/franchise\/devenir-franchise\/assistance-et-formation\/\" \/>\n<meta property=\"og:locale\" content=\"fr_FR\" \/>\n<meta property=\"og:type\" content=\"article\" \/>\n<meta property=\"og:title\" content=\"Formation interne pour l&#039;ouverture d&#039;une franchise DOMetVIE\" \/>\n<meta property=\"og:description\" content=\"Le r\u00e9seau DOM et VIE prend \u00e0 coeur d&#039;accompagner ses franchis\u00e9s en les formant r\u00e9guli\u00e8rement sur les domaines commerciaux, marketing ou encore techniques.\" \/>\n<meta property=\"og:url\" content=\"https:\/\/www.dometvie.fr\/franchise\/devenir-franchise\/assistance-et-formation\/\" \/>\n<meta property=\"og:site_name\" content=\"DOMetVIE\" \/>\n<meta property=\"article:modified_time\" content=\"2026-01-08T09:30:23+00:00\" \/>\n<meta name=\"twitter:card\" content=\"summary_large_image\" \/>\n<meta name=\"twitter:label1\" content=\"Dur\u00e9e de lecture estim\u00e9e\" \/>\n\t<meta name=\"twitter:data1\" content=\"1 minute\" \/>\n<script type=\"application\/ld+json\" class=\"yoast-schema-graph\">{\"@context\":\"https:\\\/\\\/schema.org\",\"@graph\":[{\"@type\":\"WebPage\",\"@id\":\"https:\\\/\\\/www.dometvie.fr\\\/franchise\\\/devenir-franchise\\\/assistance-et-formation\\\/\",\"url\":\"https:\\\/\\\/www.dometvie.fr\\\/franchise\\\/devenir-franchise\\\/assistance-et-formation\\\/\",\"name\":\"Formation interne pour l'ouverture d'une franchise DOMetVIE\",\"isPartOf\":{\"@id\":\"https:\\\/\\\/www.dometvie.fr\\\/franchise\\\/#website\"},\"datePublished\":\"2023-02-21T14:22:22+00:00\",\"dateModified\":\"2026-01-08T09:30:23+00:00\",\"description\":\"Le r\u00e9seau DOM et VIE prend \u00e0 coeur d'accompagner ses franchis\u00e9s en les formant r\u00e9guli\u00e8rement sur les domaines commerciaux, marketing ou encore techniques.\",\"breadcrumb\":{\"@id\":\"https:\\\/\\\/www.dometvie.fr\\\/franchise\\\/devenir-franchise\\\/assistance-et-formation\\\/#breadcrumb\"},\"inLanguage\":\"fr-FR\",\"potentialAction\":[{\"@type\":\"ReadAction\",\"target\":[\"https:\\\/\\\/www.dometvie.fr\\\/franchise\\\/devenir-franchise\\\/assistance-et-formation\\\/\"]}]},{\"@type\":\"BreadcrumbList\",\"@id\":\"https:\\\/\\\/www.dometvie.fr\\\/franchise\\\/devenir-franchise\\\/assistance-et-formation\\\/#breadcrumb\",\"itemListElement\":[{\"@type\":\"ListItem\",\"position\":1,\"name\":\"Accueil\",\"item\":\"https:\\\/\\\/www.dometvie.fr\\\/franchise\\\/\"},{\"@type\":\"ListItem\",\"position\":2,\"name\":\"Devenir franchis\u00e9\",\"item\":\"https:\\\/\\\/www.dometvie.fr\\\/franchise\\\/devenir-franchise\\\/\"},{\"@type\":\"ListItem\",\"position\":3,\"name\":\"Assistance et formation\"}]},{\"@type\":\"WebSite\",\"@id\":\"https:\\\/\\\/www.dometvie.fr\\\/franchise\\\/#website\",\"url\":\"https:\\\/\\\/www.dometvie.fr\\\/franchise\\\/\",\"name\":\"DOMetVIE\",\"description\":\"Donnez du sens \u00e0 votre m\u00e9tier !\",\"potentialAction\":[{\"@type\":\"SearchAction\",\"target\":{\"@type\":\"EntryPoint\",\"urlTemplate\":\"https:\\\/\\\/www.dometvie.fr\\\/franchise\\\/?s={search_term_string}\"},\"query-input\":{\"@type\":\"PropertyValueSpecification\",\"valueRequired\":true,\"valueName\":\"search_term_string\"}}],\"inLanguage\":\"fr-FR\"}]}<\/script>\n<!-- \/ Yoast SEO plugin. -->","yoast_head_json":{"title":"Formation interne pour l'ouverture d'une franchise DOMetVIE","description":"Le r\u00e9seau DOM et VIE prend \u00e0 coeur d'accompagner ses franchis\u00e9s en les formant r\u00e9guli\u00e8rement sur les domaines commerciaux, marketing ou encore techniques.","robots":{"index":"index","follow":"follow","max-snippet":"max-snippet:-1","max-image-preview":"max-image-preview:large","max-video-preview":"max-video-preview:-1"},"canonical":"https:\/\/www.dometvie.fr\/franchise\/devenir-franchise\/assistance-et-formation\/","og_locale":"fr_FR","og_type":"article","og_title":"Formation interne pour l'ouverture d'une franchise DOMetVIE","og_description":"Le r\u00e9seau DOM et VIE prend \u00e0 coeur d'accompagner ses franchis\u00e9s en les formant r\u00e9guli\u00e8rement sur les domaines commerciaux, marketing ou encore techniques.","og_url":"https:\/\/www.dometvie.fr\/franchise\/devenir-franchise\/assistance-et-formation\/","og_site_name":"DOMetVIE","article_modified_time":"2026-01-08T09:30:23+00:00","twitter_card":"summary_large_image","twitter_misc":{"Dur\u00e9e de lecture estim\u00e9e":"1 minute"},"schema":{"@context":"https:\/\/schema.org","@graph":[{"@type":"WebPage","@id":"https:\/\/www.dometvie.fr\/franchise\/devenir-franchise\/assistance-et-formation\/","url":"https:\/\/www.dometvie.fr\/franchise\/devenir-franchise\/assistance-et-formation\/","name":"Formation interne pour l'ouverture d'une franchise DOMetVIE","isPartOf":{"@id":"https:\/\/www.dometvie.fr\/franchise\/#website"},"datePublished":"2023-02-21T14:22:22+00:00","dateModified":"2026-01-08T09:30:23+00:00","description":"Le r\u00e9seau DOM et VIE prend \u00e0 coeur d'accompagner ses franchis\u00e9s en les formant r\u00e9guli\u00e8rement sur les domaines commerciaux, marketing ou encore techniques.","breadcrumb":{"@id":"https:\/\/www.dometvie.fr\/franchise\/devenir-franchise\/assistance-et-formation\/#breadcrumb"},"inLanguage":"fr-FR","potentialAction":[{"@type":"ReadAction","target":["https:\/\/www.dometvie.fr\/franchise\/devenir-franchise\/assistance-et-formation\/"]}]},{"@type":"BreadcrumbList","@id":"https:\/\/www.dometvie.fr\/franchise\/devenir-franchise\/assistance-et-formation\/#breadcrumb","itemListElement":[{"@type":"ListItem","position":1,"name":"Accueil","item":"https:\/\/www.dometvie.fr\/franchise\/"},{"@type":"ListItem","position":2,"name":"Devenir franchis\u00e9","item":"https:\/\/www.dometvie.fr\/franchise\/devenir-franchise\/"},{"@type":"ListItem","position":3,"name":"Assistance et formation"}]},{"@type":"WebSite","@id":"https:\/\/www.dometvie.fr\/franchise\/#website","url":"https:\/\/www.dometvie.fr\/franchise\/","name":"DOMetVIE","description":"Donnez du sens \u00e0 votre m\u00e9tier !","potentialAction":[{"@type":"SearchAction","target":{"@type":"EntryPoint","urlTemplate":"https:\/\/www.dometvie.fr\/franchise\/?s={search_term_string}"},"query-input":{"@type":"PropertyValueSpecification","valueRequired":true,"valueName":"search_term_string"}}],"inLanguage":"fr-FR"}]}},"_links":{"self":[{"href":"https:\/\/www.dometvie.fr\/franchise\/wp-json\/wp\/v2\/pages\/399","targetHints":{"allow":["GET"]}}],"collection":[{"href":"https:\/\/www.dometvie.fr\/franchise\/wp-json\/wp\/v2\/pages"}],"about":[{"href":"https:\/\/www.dometvie.fr\/franchise\/wp-json\/wp\/v2\/types\/page"}],"author":[{"embeddable":true,"href":"https:\/\/www.dometvie.fr\/franchise\/wp-json\/wp\/v2\/users\/1"}],"replies":[{"embeddable":true,"href":"https:\/\/www.dometvie.fr\/franchise\/wp-json\/wp\/v2\/comments?post=399"}],"version-history":[{"count":54,"href":"https:\/\/www.dometvie.fr\/franchise\/wp-json\/wp\/v2\/pages\/399\/revisions"}],"predecessor-version":[{"id":2077,"href":"https:\/\/www.dometvie.fr\/franchise\/wp-json\/wp\/v2\/pages\/399\/revisions\/2077"}],"up":[{"embeddable":true,"href":"https:\/\/www.dometvie.fr\/franchise\/wp-json\/wp\/v2\/pages\/332"}],"wp:attachment":[{"href":"https:\/\/www.dometvie.fr\/franchise\/wp-json\/wp\/v2\/media?parent=399"}],"curies":[{"name":"wp","href":"https:\/\/api.w.org\/{rel}","templated":true}]}}