{"id":553,"date":"2023-02-23T16:52:38","date_gmt":"2023-02-23T15:52:38","guid":{"rendered":"http:\/\/localhost\/dom-et-vie-btob\/?page_id=553"},"modified":"2023-02-23T16:52:38","modified_gmt":"2023-02-23T15:52:38","slug":"mentions-legales","status":"publish","type":"page","link":"https:\/\/www.dometvie.fr\/franchise\/mentions-legales\/","title":{"rendered":"Mentions l\u00e9gales"},"content":{"rendered":"\n<h3 class=\"wp-block-heading\">CONDITIONS G\u00c9N\u00c9RALES D&rsquo;ACC\u00c8S ET D&rsquo;UTILISATION DU SITE WWW.DOMETVIE.FR<\/h3>\n\n\n\n<p>L&rsquo;utilisation de ce site est r\u00e9serv\u00e9e \u00e0 un usage strictement personnel de l&rsquo;utilisateur. Toute reproduction ou repr\u00e9sentation de ce site, en tout ou partie, \u00e0 d&rsquo;autres fins sur un quelconque support, est interdite sans l&rsquo;autorisation expresse et pr\u00e9alable de DOMETVIE. Les informations et donn\u00e9es contenues dans ce site sont des informations et donn\u00e9es \u00e0 caract\u00e8re g\u00e9n\u00e9ral et n&rsquo;ont pas de valeur contractuelle. Les pr\u00e9sentes conditions g\u00e9n\u00e9rales ainsi que les informations et donn\u00e9es contenues dans ce site sont sujettes \u00e0 modification sans pr\u00e9avis. Par ailleurs, les caract\u00e9ristiques et la disponibilit\u00e9 des produits et services mentionn\u00e9s dans ce site internet sont valables uniquement pour la France m\u00e9tropolitaine, la R\u00e9union, la Guadeloupe et la Martinique. Les liens hypertextes mis en oeuvre au sein de ce site en direction d&rsquo;autres sites et d&rsquo;une mani\u00e8re g\u00e9n\u00e9rale vers toutes ressources existantes sur Internet ne sauraient engager la responsabilit\u00e9 de DOMETVIE.<\/p>\n\n\n\n<h3 class=\"wp-block-heading\">DONN\u00c9ES NOMINATIVES<\/h3>\n\n\n\n<p>Les informations collect\u00e9es par l&rsquo;interm\u00e9diaire des formulaires pr\u00e9sents sur le site sont exclusivement destin\u00e9es \u00e0 notre marque \u00e0 des fins d&rsquo;\u00e9tudes, d&rsquo;analyses, de communications institutionnelles ou, si vous en \u00eates d&rsquo;accord, de propositions commerciales.<br>En application de la Loi n\u00b0 78-17 du 6 janvier 1978 relative \u00e0 l&rsquo;Informatique, aux Fichiers et aux Libert\u00e9s, vous disposez des droits d&rsquo;opposition (art. 26 de la loi), d&rsquo;acc\u00e8s (art.34 \u00e0 38 de la loi) et de rectification (art. 36 de la loi) des donn\u00e9es vous concernant. Ainsi, vous pouvez nous contacter (\u00e0 l&rsquo;adresse ci-dessous) pour que soient rectifi\u00e9es, compl\u00e9t\u00e9es, mises \u00e0 jour ou effac\u00e9es les informations vous concernant qui sont inexactes, incompl\u00e8tes, \u00e9quivoques, p\u00e9rim\u00e9es ou dont la collecte ou l&rsquo;utilisation, la communication ou la conservation est interdite.<br>Les informations qui vous concernent sont uniquement destin\u00e9es \u00e0 la soci\u00e9t\u00e9 DOMETVIE. Nous ne transmettons ces informations \u00e0 aucun tiers (partenaires commerciaux, etc).<br>Ces informations sont confidentielles et conserv\u00e9es par DOMETVIE.<br>Vous pouvez nous contacter \u00e0 l&rsquo;adresse \u00e9lectronique suivante, contact@dometvie.fr , ou par courrier \u00e0 :<\/p>\n\n\n\n<p>DOMETVIE<br>10 avenue Marc Sangnier<br>92 390 Villeneuve-La-Garenne<br>SIRET : 80816940300025<br>RCS : 808 169 403 Nanterre<br>Capital social :&nbsp; 30 000,00 euros<\/p>\n\n\n\n<h3 class=\"wp-block-heading\">INFORMATIONS TECHNIQUES<\/h3>\n\n\n\n<p>Ce site est optimis\u00e9 pour une r\u00e9solution d&rsquo;\u00e9cran de 1024&#215;780 et les navigateurs de 5\u00e8me g\u00e9n\u00e9ration (Mozilla Firefox 3.x est recommand\u00e9).<br>L&rsquo;utilisateur du pr\u00e9sent site reconna\u00eet disposer de la comp\u00e9tence et des moyens n\u00e9cessaires pour acc\u00e9der \u00e0 ce site et l&rsquo;utiliser, et reconna\u00eet avoir v\u00e9rifi\u00e9 que la configuration informatique utilis\u00e9e ne contient aucun virus et qu&rsquo;elle est en parfait \u00e9tat de fonctionnement.<br>Le pr\u00e9sent site est accessible 24 heures sur 24 et 7 jours sur 7, \u00e0 l&rsquo;exception des cas de force majeure, difficult\u00e9s informatiques, difficult\u00e9s li\u00e9es \u00e0 la structure des r\u00e9seaux de communication ou difficult\u00e9s techniques.<br>Pour des raisons de maintenance, DOMETVIE pourra interrompre le site.<\/p>\n","protected":false},"excerpt":{"rendered":"<p>CONDITIONS G\u00c9N\u00c9RALES D&rsquo;ACC\u00c8S ET D&rsquo;UTILISATION DU SITE WWW.DOMETVIE.FR L&rsquo;utilisation de ce site est r\u00e9serv\u00e9e \u00e0 un usage strictement personnel de l&rsquo;utilisateur. Toute reproduction ou repr\u00e9sentation de ce site, en tout [&hellip;]<\/p>\n","protected":false},"author":1,"featured_media":0,"parent":0,"menu_order":0,"comment_status":"closed","ping_status":"closed","template":"","meta":{"footnotes":""},"class_list":["post-553","page","type-page","status-publish","hentry"],"acf":[],"yoast_head":"<!-- This site is optimized with the Yoast SEO plugin v27.4 - https:\/\/yoast.com\/product\/yoast-seo-wordpress\/ -->\n<title>Mentions l\u00e9gales - DOMetVIE<\/title>\n<meta name=\"robots\" content=\"index, follow, max-snippet:-1, max-image-preview:large, max-video-preview:-1\" \/>\n<link rel=\"canonical\" href=\"https:\/\/www.dometvie.fr\/franchise\/mentions-legales\/\" \/>\n<meta property=\"og:locale\" content=\"fr_FR\" \/>\n<meta property=\"og:type\" content=\"article\" \/>\n<meta property=\"og:title\" content=\"Mentions l\u00e9gales - DOMetVIE\" \/>\n<meta property=\"og:description\" content=\"CONDITIONS G\u00c9N\u00c9RALES D&rsquo;ACC\u00c8S ET D&rsquo;UTILISATION DU SITE WWW.DOMETVIE.FR L&rsquo;utilisation de ce site est r\u00e9serv\u00e9e \u00e0 un usage strictement personnel de l&rsquo;utilisateur. Toute reproduction ou repr\u00e9sentation de ce site, en tout [&hellip;]\" \/>\n<meta property=\"og:url\" content=\"https:\/\/www.dometvie.fr\/franchise\/mentions-legales\/\" \/>\n<meta property=\"og:site_name\" content=\"DOMetVIE\" \/>\n<meta name=\"twitter:card\" content=\"summary_large_image\" \/>\n<meta name=\"twitter:label1\" content=\"Dur\u00e9e de lecture estim\u00e9e\" \/>\n\t<meta name=\"twitter:data1\" content=\"2 minutes\" \/>\n<script type=\"application\/ld+json\" class=\"yoast-schema-graph\">{\"@context\":\"https:\\\/\\\/schema.org\",\"@graph\":[{\"@type\":\"WebPage\",\"@id\":\"https:\\\/\\\/www.dometvie.fr\\\/franchise\\\/mentions-legales\\\/\",\"url\":\"https:\\\/\\\/www.dometvie.fr\\\/franchise\\\/mentions-legales\\\/\",\"name\":\"Mentions l\u00e9gales - DOMetVIE\",\"isPartOf\":{\"@id\":\"https:\\\/\\\/www.dometvie.fr\\\/franchise\\\/#website\"},\"datePublished\":\"2023-02-23T15:52:38+00:00\",\"breadcrumb\":{\"@id\":\"https:\\\/\\\/www.dometvie.fr\\\/franchise\\\/mentions-legales\\\/#breadcrumb\"},\"inLanguage\":\"fr-FR\",\"potentialAction\":[{\"@type\":\"ReadAction\",\"target\":[\"https:\\\/\\\/www.dometvie.fr\\\/franchise\\\/mentions-legales\\\/\"]}]},{\"@type\":\"BreadcrumbList\",\"@id\":\"https:\\\/\\\/www.dometvie.fr\\\/franchise\\\/mentions-legales\\\/#breadcrumb\",\"itemListElement\":[{\"@type\":\"ListItem\",\"position\":1,\"name\":\"Accueil\",\"item\":\"https:\\\/\\\/www.dometvie.fr\\\/franchise\\\/\"},{\"@type\":\"ListItem\",\"position\":2,\"name\":\"Mentions l\u00e9gales\"}]},{\"@type\":\"WebSite\",\"@id\":\"https:\\\/\\\/www.dometvie.fr\\\/franchise\\\/#website\",\"url\":\"https:\\\/\\\/www.dometvie.fr\\\/franchise\\\/\",\"name\":\"DOMetVIE\",\"description\":\"Donnez du sens \u00e0 votre m\u00e9tier !\",\"potentialAction\":[{\"@type\":\"SearchAction\",\"target\":{\"@type\":\"EntryPoint\",\"urlTemplate\":\"https:\\\/\\\/www.dometvie.fr\\\/franchise\\\/?s={search_term_string}\"},\"query-input\":{\"@type\":\"PropertyValueSpecification\",\"valueRequired\":true,\"valueName\":\"search_term_string\"}}],\"inLanguage\":\"fr-FR\"}]}<\/script>\n<!-- \/ Yoast SEO plugin. -->","yoast_head_json":{"title":"Mentions l\u00e9gales - DOMetVIE","robots":{"index":"index","follow":"follow","max-snippet":"max-snippet:-1","max-image-preview":"max-image-preview:large","max-video-preview":"max-video-preview:-1"},"canonical":"https:\/\/www.dometvie.fr\/franchise\/mentions-legales\/","og_locale":"fr_FR","og_type":"article","og_title":"Mentions l\u00e9gales - DOMetVIE","og_description":"CONDITIONS G\u00c9N\u00c9RALES D&rsquo;ACC\u00c8S ET D&rsquo;UTILISATION DU SITE WWW.DOMETVIE.FR L&rsquo;utilisation de ce site est r\u00e9serv\u00e9e \u00e0 un usage strictement personnel de l&rsquo;utilisateur. Toute reproduction ou repr\u00e9sentation de ce site, en tout [&hellip;]","og_url":"https:\/\/www.dometvie.fr\/franchise\/mentions-legales\/","og_site_name":"DOMetVIE","twitter_card":"summary_large_image","twitter_misc":{"Dur\u00e9e de lecture estim\u00e9e":"2 minutes"},"schema":{"@context":"https:\/\/schema.org","@graph":[{"@type":"WebPage","@id":"https:\/\/www.dometvie.fr\/franchise\/mentions-legales\/","url":"https:\/\/www.dometvie.fr\/franchise\/mentions-legales\/","name":"Mentions l\u00e9gales - DOMetVIE","isPartOf":{"@id":"https:\/\/www.dometvie.fr\/franchise\/#website"},"datePublished":"2023-02-23T15:52:38+00:00","breadcrumb":{"@id":"https:\/\/www.dometvie.fr\/franchise\/mentions-legales\/#breadcrumb"},"inLanguage":"fr-FR","potentialAction":[{"@type":"ReadAction","target":["https:\/\/www.dometvie.fr\/franchise\/mentions-legales\/"]}]},{"@type":"BreadcrumbList","@id":"https:\/\/www.dometvie.fr\/franchise\/mentions-legales\/#breadcrumb","itemListElement":[{"@type":"ListItem","position":1,"name":"Accueil","item":"https:\/\/www.dometvie.fr\/franchise\/"},{"@type":"ListItem","position":2,"name":"Mentions l\u00e9gales"}]},{"@type":"WebSite","@id":"https:\/\/www.dometvie.fr\/franchise\/#website","url":"https:\/\/www.dometvie.fr\/franchise\/","name":"DOMetVIE","description":"Donnez du sens \u00e0 votre m\u00e9tier !","potentialAction":[{"@type":"SearchAction","target":{"@type":"EntryPoint","urlTemplate":"https:\/\/www.dometvie.fr\/franchise\/?s={search_term_string}"},"query-input":{"@type":"PropertyValueSpecification","valueRequired":true,"valueName":"search_term_string"}}],"inLanguage":"fr-FR"}]}},"_links":{"self":[{"href":"https:\/\/www.dometvie.fr\/franchise\/wp-json\/wp\/v2\/pages\/553","targetHints":{"allow":["GET"]}}],"collection":[{"href":"https:\/\/www.dometvie.fr\/franchise\/wp-json\/wp\/v2\/pages"}],"about":[{"href":"https:\/\/www.dometvie.fr\/franchise\/wp-json\/wp\/v2\/types\/page"}],"author":[{"embeddable":true,"href":"https:\/\/www.dometvie.fr\/franchise\/wp-json\/wp\/v2\/users\/1"}],"replies":[{"embeddable":true,"href":"https:\/\/www.dometvie.fr\/franchise\/wp-json\/wp\/v2\/comments?post=553"}],"version-history":[{"count":0,"href":"https:\/\/www.dometvie.fr\/franchise\/wp-json\/wp\/v2\/pages\/553\/revisions"}],"wp:attachment":[{"href":"https:\/\/www.dometvie.fr\/franchise\/wp-json\/wp\/v2\/media?parent=553"}],"curies":[{"name":"wp","href":"https:\/\/api.w.org\/{rel}","templated":true}]}}